{"id":7790,"date":"2026-04-21T14:46:54","date_gmt":"2026-04-21T14:46:54","guid":{"rendered":"https:\/\/automa.pt\/loja\/?post_type=product&#038;p=7790"},"modified":"2026-04-21T16:02:47","modified_gmt":"2026-04-21T16:02:47","slug":"aries","status":"publish","type":"product","link":"https:\/\/automa.pt\/loja\/produto\/aries\/","title":{"rendered":"Aries"},"content":{"rendered":"<h2 data-start=\"0\" data-end=\"42\"><span style=\"font-size: 25px\">Aries &#8211; cal\u00e7ado de seguran\u00e7a Lavoro<\/span><\/h2>\n<p data-start=\"44\" data-end=\"293\"><span style=\"font-size: 20px\">A sapatilha de seguran\u00e7a ARIES da Lavoro est\u00e1 desenhada para corresponder \u00e0s normas \u00a0E N I S O 2 0 3 4 5 : 2 0 2 2 \/ A 1 : 2 0 2 4 C E S 3 S H I C I F O S R. \u00c9 reconhecida pela sua flexibilidade, resist\u00eancia e conforto, para utiliza\u00e7\u00e3o profissional em meios de exig\u00eancia m\u00e1xima.<\/span><\/p>\n<p>&nbsp;<\/p>\n<p>&nbsp;<\/p>\n<p data-start=\"44\" data-end=\"293\"><span style=\"font-size: 20px\"><strong>SOLA<\/strong> &#8211; Dupla inje\u00e7\u00e3o direta com tr\u00eas n\u00edveis de suavidade (MSI). Constru\u00e7\u00e3o num \u00fanico conjunto, com propriedades ajustadas por zona.<\/span><\/p>\n<p class=\"p2\"><span style=\"font-size: 20px\"><b>BIQUEIRA DE PROTE\u00c7\u00c3O &#8211; <\/b>Fibra de vidro. Ultraleve, n\u00e3o met\u00e1lica e isolante t\u00e9rmico-el\u00e9trico; resistente ao impacto at\u00e9 200 Joules.<\/span><\/p>\n<p><span style=\"font-size: 20px\"><b>PALMILHA DE PROTE\u00c7\u00c3O &#8211; <\/b>Kevlar. N\u00e3o met\u00e1lico, leve e resistente \u00e0 perfura\u00e7\u00e3o at\u00e9 1100N.<\/span><\/p>\n<p>&nbsp;<\/p>\n<p class=\"p3\"><span style=\"font-size: 15px\">TECNOLOGIAS<\/span><\/p>\n<p class=\"p2\"><span style=\"font-size: 15px\"><b>MSI &#8211; <\/b>A Inje\u00e7\u00e3o Multi-Sec\u00e7\u00e3o ou Multi-Section Injection (MSI) \u00e9 um processo de inje\u00e7\u00e3o direta que cria uma entressola numa s\u00f3 pe\u00e7a, totalmente integrada, com diferentes zonas de suavidade. Pode combinar at\u00e9 tr\u00eas n\u00edveis de suavidade para melhorar a estabilidade, apoiar o arco plantar e aumentar o conforto e a flexibilidade.<\/span><\/p>\n<p class=\"p2\"><span style=\"font-size: 15px\"><b>PERFORATED SOLE &#8211; <\/b>Concebida para oferecer um amortecimento superior e uma sensa\u00e7\u00e3o mais responsiva sob o p\u00e9, a sola perfurada otimiza a absor\u00e7\u00e3o de choque a cada passo. Ao melhorar a dispers\u00e3o da press\u00e3o e a distribui\u00e7\u00e3o do peso, ajuda a reduzir o impacto e a fadiga, garantindo uma passada mais suave e confort\u00e1vel ao longo do dia..<\/span><\/p>\n<p class=\"p2\"><span style=\"font-size: 15px\"><b>MATERIAL DO CORTE &#8211; <\/b>Nubuck Leather WR 20\/22 + Laser H6M. Corte h\u00edbrido que combina pele nubuck WR (2,0\u20132,2 mm) com um t\u00eaxtil t\u00e9cnico (PA, PES, PU*). Toque mate premium, repelente \u00e0 \u00e1gua e altamente resistente \u00e0 abras\u00e3o.<\/span><\/p>\n<p class=\"p2\"><span style=\"font-size: 15px\"><b>MATERIAL DO FORRO &#8211; <\/b>Aerpluss TechTex. T\u00eaxtil t\u00e9cnico 100% PES*. Altamente respir\u00e1vel, com excelente permeabilidade ao vapor de \u00e1gua, al\u00e9m de forte resist\u00eancia ao rasgamento e elevada durabilidade \u00e0 abras\u00e3o.<\/span><\/p>\n<p class=\"p2\"><span style=\"font-size: 15px\"><b>PALMILHA DE LIMPEZA &#8211; <\/b>Titan ESD Spodos. Palmilha ESD com forro em tecido preto e espuma PU, carbono ativo para desempenho antiest\u00e1tico, al\u00e9m de absor\u00e7\u00e3o de choque e respirabilidade para conforto durante todo o dia.<\/span><\/p>\n<p class=\"p2\"><span style=\"font-size: 15px\"><b>CCS &#8211; <\/b>O Clima Cork System (CCS) \u00e9 uma tecnologia de conforto que adiciona uma camada isolante natural de corti\u00e7a entre a sola e a palmilha, ajudando a regular a temperatura no interior do cal\u00e7ado (mais quente no frio, mais fresco no calor). Com o tempo, a corti\u00e7a molda-se ao p\u00e9 para um ajuste e suporte mais personalizados e reduz a fadiga ao distribuir a press\u00e3o de forma mais uniforme. \u00c9 tamb\u00e9m uma solu\u00e7\u00e3o dur\u00e1vel e sustent\u00e1vel.<\/span><\/p>\n<p class=\"p2\"><span style=\"font-size: 15px\"><b>CLEATED SOLE &#8211; <\/b>Concebida para aumentar a flexibilidade e promover um movimento mais natural do p\u00e9, esta sola com rasto melhora significativamente a distribui\u00e7\u00e3o do peso ao longo da passada. O resultado \u00e9 um movimento mais suave e fluido, com maior estabilidade e conforto, mesmo durante longos per\u00edodos a caminhar ou em p\u00e9.<\/span><\/p>\n<p data-start=\"968\" data-end=\"1097\"><span style=\"font-size: 20px\">Dispon\u00edvel nos tamanhos 35 a 48, adapta-se a diferentes utilizadores, garantindo seguran\u00e7a e conforto em qualquer ambiente.<\/span><\/p>\n<p>&nbsp;<\/p>\n<h2 data-start=\"1099\" data-end=\"1134\"><span style=\"font-size: 15px\">LAVORO \u2013 Engineering Life<\/span><\/h2>\n<h2 data-start=\"1136\" data-end=\"1350\"><span style=\"font-size: 15px\">A Lavoro \u00e9 uma refer\u00eancia em cal\u00e7ado profissional, desenvolvendo solu\u00e7\u00f5es inovadoras para garantir conforto e prote\u00e7\u00e3o. Desde 1988, aposta em tecnologia e qualidade para criar cal\u00e7ado seguro e ergon\u00f3mico.<\/span><\/h2>\n<h2 data-start=\"1352\" data-end=\"1568\"><span style=\"font-size: 15px\">A marca possui o selo VHQ (Very High Quality), assegurando altos padr\u00f5es de seguran\u00e7a e conforto. Utiliza materiais avan\u00e7ados que garantem durabilidade e desempenho superior em diferentes condi\u00e7\u00f5es de trabalho.<\/span><\/h2>\n<h2 data-start=\"1570\" data-end=\"1719\"><span style=\"font-size: 15px\">Escolher a Lavoro \u00e9 optar por inova\u00e7\u00e3o e seguran\u00e7a. O compromisso da marca \u00e9 proporcionar prote\u00e7\u00e3o e bem-estar em qualquer ambiente profissional.<\/span><\/h2>\n","protected":false},"excerpt":{"rendered":"<h1 data-start=\"1886\" data-end=\"2117\"><span style=\"font-size: 25px\">Aries &#8211; \u00a0design funcional \u00a0cal\u00e7ado de seguran\u00e7a Lavoro\u00a0<\/span><\/h1>\n<p data-start=\"44\" data-end=\"293\"><span style=\"font-size: 20px\">A sapatilha de seguran\u00e7a ARIES da Lavoro est\u00e1 desenhada para corresponder \u00e0s normas EN ISO 20345: 2022 \/ A1: 2024 CE S3 HI Ci FOSR<\/span><\/p>\n<p data-start=\"44\" data-end=\"293\"><span style=\"font-size: 20px\">Com corte em nubuck WR e sola MSI com rasto, \u00e9 reconhecida pela sua flexibilidade, resist\u00eancia e conforto, para utiliza\u00e7\u00e3o profissional em meios de exig\u00eancia m\u00e1xima, como os ambientes industriais.<\/span><\/p>\n<p data-start=\"44\" data-end=\"293\">\n<p data-start=\"44\" data-end=\"293\">\n<div>\n<p class=\"p1\"><span style=\"font-size: 20px\"><span class=\"s1\"><b>SOLA &#8211; <\/b><\/span>Dupla inje\u00e7\u00e3o direta com tr\u00eas n\u00edveis de suavidade (MSI). Constru\u00e7\u00e3o num \u00fanico conjunto, com propriedades ajustadas por zona.<\/span><\/p>\n<\/div>\n<div>\n<p class=\"p2\"><span style=\"font-size: 20px\"><b>BIQUEIRA DE PROTE\u00c7\u00c3O &#8211; <\/b>Fibra de vidro. Ultraleve, n\u00e3o met\u00e1lica e isolante t\u00e9rmico-el\u00e9trico; resistente ao impacto at\u00e9 200 Joules.<\/span><\/p>\n<\/div>\n<div>\n<p class=\"p2\"><span style=\"font-size: 20px\"><b>PALMILHA DE PROTE\u00c7\u00c3O &#8211; <\/b>Kevlar. N\u00e3o met\u00e1lico, leve e resistente \u00e0 perfura\u00e7\u00e3o at\u00e9 1100N.<\/span><\/p>\n<\/div>\n","protected":false},"featured_media":7805,"comment_status":"open","ping_status":"closed","template":"","meta":{"_mi_skip_tracking":false},"product_cat":[192,211,200,193,104,190,105,112,207,204],"product_tag":[222,224,223],"class_list":{"0":"post-7790","1":"product","2":"type-product","3":"status-publish","4":"has-post-thumbnail","6":"product_cat-setores-de-atividade","7":"product_cat-setores-de-atividade-construcao-e-energia","8":"product_cat-setores-de-atividade-horeca-e-servicos-de-saude","9":"product_cat-setores-de-atividade-industria-ligeira-e-logistica","10":"product_cat-calcado-de-seguranca","11":"product_cat-calcado-de-seguranca-sapatilha","12":"product_cat-sapatos","13":"product_cat-biqueira-de-protecao","14":"product_cat-lavoro-automa","15":"product_cat-novidades-automa","16":"product_tag-aries","17":"product_tag-azul","18":"product_tag-sapatilha","20":"first","21":"instock","22":"sale","23":"taxable","24":"shipping-taxable","25":"purchasable","26":"product-type-variable"},"_links":{"self":[{"href":"https:\/\/automa.pt\/loja\/wp-json\/wp\/v2\/product\/7790","targetHints":{"allow":["GET"]}}],"collection":[{"href":"https:\/\/automa.pt\/loja\/wp-json\/wp\/v2\/product"}],"about":[{"href":"https:\/\/automa.pt\/loja\/wp-json\/wp\/v2\/types\/product"}],"replies":[{"embeddable":true,"href":"https:\/\/automa.pt\/loja\/wp-json\/wp\/v2\/comments?post=7790"}],"wp:featuredmedia":[{"embeddable":true,"href":"https:\/\/automa.pt\/loja\/wp-json\/wp\/v2\/media\/7805"}],"wp:attachment":[{"href":"https:\/\/automa.pt\/loja\/wp-json\/wp\/v2\/media?parent=7790"}],"wp:term":[{"taxonomy":"product_cat","embeddable":true,"href":"https:\/\/automa.pt\/loja\/wp-json\/wp\/v2\/product_cat?post=7790"},{"taxonomy":"product_tag","embeddable":true,"href":"https:\/\/automa.pt\/loja\/wp-json\/wp\/v2\/product_tag?post=7790"}],"curies":[{"name":"wp","href":"https:\/\/api.w.org\/{rel}","templated":true}]}}