{"id":7641,"date":"2025-11-19T09:08:26","date_gmt":"2025-11-19T09:08:26","guid":{"rendered":"https:\/\/automa.pt\/loja\/?post_type=product&#038;p=7641"},"modified":"2025-11-19T12:33:30","modified_gmt":"2025-11-19T12:33:30","slug":"black-panther-pro","status":"publish","type":"product","link":"https:\/\/automa.pt\/loja\/produto\/black-panther-pro\/","title":{"rendered":"Black Panther Pro"},"content":{"rendered":"<h2 data-start=\"0\" data-end=\"42\">Cal\u00e7ado de Seguran\u00e7a No Risk \u2013 Black Panther Pro<\/h2>\n<pre class=\"tw-data-text tw-text-large tw-ta\" dir=\"ltr\" data-placeholder=\"Tradu\u00e7\u00e3o\" data-ved=\"2ahUKEwiem7m5v7-PAxWeRKQEHdPUAGIQ3ewLegQIChAW\" aria-label=\"Texto traduzido: Prote\u00e7\u00e3o e estilo nunca estiveram t\u00e3o alinhados: onde a seguran\u00e7a encontra a moda, nossa revolucion\u00e1ria Athletic Safety com biqueira eleva o n\u00edvel da prote\u00e7\u00e3o. T\u00eaxtil Repelente \u00e0 \u00c1gua Espuma EVA + Borracha Entressola Kevlar Palmilha OrthoLite T\u00eaxtil Respir\u00e1vel Sola com Absor\u00e7\u00e3o de Impacto ESD\"><span class=\"Y2IQFc\" lang=\"pt\"><strong>Sapatos desportivos n\u00e3o met\u00e1licos\u00a0<\/strong>\r\n\r\nA combina\u00e7\u00e3o ideal de prote\u00e7\u00e3o e estilo: onde a seguran\u00e7a encontra a moda.\r\nO modelo BLACK PANTHER PRO \u00e9 acerca de leveza, pot\u00eancia e prote\u00e7\u00e3o m\u00e1xima.\r\nExperimente a mistura perfeita de conforto, estilo e prote\u00e7\u00e3o com o BLACK PANTHER AIR. Projetado para mant\u00ea-lo seguro enquanto estiver em movimento, este cal\u00e7ado de prote\u00e7\u00e3o ultraleve pesa apenas 399g, permitindo que voc\u00ea permane\u00e7a \u00e1gil sem comprometer a durabilidade. \r\nPerfeito para aqueles dias longos em p\u00e9.\r\n<\/span><\/pre>\n<div class=\"bl-block cJNig6Zf2CH4KRJb\" data-bl-name=\"Block\" data-bl-id=\"cujTwhYbnAteEjm4\" data-bl-index=\"0\" data-content-id=\"shla6ge02edAopnu\">\n<p>&nbsp;<\/p>\n<p><strong>EN ISO 20345:2011 SRC | S3 | ESD |<\/strong><\/p>\n<p>Este sapato de seguran\u00e7a \u00e9 tudo o que necessita no trabalho. Reconhecido pela sua leveza, \u00e9 repelente \u00e0 \u00e1gua, tem materiais de forro respir\u00e1veis e \u00e9 extremamente leve, tornando-se um sapato muito confort\u00e1vel para que se sintas no seu melhor.<\/p>\n<p>&nbsp;<\/p>\n<p><b>Carater\u00edsiticas Principais:<\/b><\/p>\n<div>\n<p>PU injetado diretamente<\/p>\n<\/div>\n<div>\n<p>Entressola protetora\u00a0de Kevlar<\/p>\n<\/div>\n<div>\n<p>Biqueira Composta<\/p>\n<\/div>\n<div>\n<p>T\u00eaxtil reciclado repelente de \u00e1gua<\/p>\n<\/div>\n<div>\n<p>Materiais de forro respir\u00e1veis<\/p>\n<\/div>\n<div>\n<p><span style=\"font-size: 0.9rem\">Anti-derrapante<\/span><\/p>\n<\/div>\n<div>\n<p>Antiest\u00e1tico<\/p>\n<\/div>\n<div>\n<p>Leve<\/p>\n<\/div>\n<div>\n<p>100% N\u00e3o Met\u00e1lico<\/p>\n<\/div>\n<div>\n<p>Flex\u00edvel<\/p>\n<\/div>\n<div>\n<p>Sola resistente a \u00d2leos \/ Combust\u00edveis<\/p>\n<\/div>\n<div>\n<p>Resistente ao Choque<\/p>\n<p>&nbsp;<\/p>\n<\/div>\n<p>&nbsp;<\/p>\n<\/div>\n<pre id=\"tw-target-text\" class=\"tw-data-text tw-text-large tw-ta\" dir=\"ltr\" data-placeholder=\"Tradu\u00e7\u00e3o\" data-ved=\"2ahUKEwiem7m5v7-PAxWeRKQEHdPUAGIQ3ewLegQIChAW\" aria-label=\"Texto traduzido: Nosso modelo Pegasus oferece o melhor de dois mundos: seguran\u00e7a e conforto. F\u00e1cil de cal\u00e7ar com nosso sistema de aperto r\u00e1pido, ele tamb\u00e9m conta com solado de EVA, aliado \u00e0 tecnologia de absor\u00e7\u00e3o de energia. Perfeito para trabalhar em qualquer ambiente. Principais Caracter\u00edsticas: Borracha + EVA Entressola protetora de Kevlar Biqueira composta T\u00eaxtil repelente \u00e0 \u00e1gua Materiais do forro respir\u00e1veis\">Oferece uma experi\u00eancia robusta e confort\u00e1vel sem comprometer a mobilidade.\r\nDispon\u00edvel nos tamanhos 35 a 48, adapta-se a diferentes utilizadores, \r\ngarantindo seguran\u00e7a e conforto em qualquer ambiente.\r\n\r\n\r\n<strong>NO RISK \u2013 Function meets Fashion<\/strong>\r\n\r\n<span class=\"Y2IQFc\" lang=\"pt\">A NoRisk surgiu em 1996 como uma marca pioneira em Portugal, \r\ncom inspira\u00e7\u00e3o na cultura do vestu\u00e1rio de trabalho, \r\nintegrando-se ao estilo de vida europeu e mantendo \r\nsempre a ess\u00eancia da durabilidade, seguran\u00e7a e estilo.\r\n\r\nNascida em Guimar\u00e3es, Portugal, pelas m\u00e3os do grupo ICC, \r\ncom o objetivo de fabricar as melhores e mais dur\u00e1veis \u200b\u200bbotas de trabalho. \r\nCom uma forte cren\u00e7a nos valores familiares e um sentido de tradi\u00e7\u00e3o, \r\na sua expans\u00e3o de Guimar\u00e3es para o mundo come\u00e7ou gradualmente. \r\nHoje, serve todos os tipos de trabalhadores, independentemente do seu desafio.\r\n\r\n<\/span><\/pre>\n","protected":false},"excerpt":{"rendered":"<p><strong>BLACK PANTHER PRO<\/strong><\/p>\n<p class=\"\" data-start=\"325\" data-end=\"358\"><strong data-start=\"325\" data-end=\"356\">Principais Caracter\u00edsticas:<\/strong><\/p>\n<ul data-start=\"359\" data-end=\"795\">\n<li class=\"\" data-start=\"359\" data-end=\"415\">\n<p class=\"\" data-start=\"361\" data-end=\"415\">PU injetado diretamente<\/p>\n<\/li>\n<li class=\"\" data-start=\"416\" data-end=\"468\">\n<p class=\"\" data-start=\"418\" data-end=\"468\">Entressola protetora de Kevlar<\/p>\n<\/li>\n<li class=\"\" data-start=\"469\" data-end=\"544\">\n<p class=\"\" data-start=\"471\" data-end=\"544\">Biqueira composta<\/p>\n<\/li>\n<li class=\"\" data-start=\"545\" data-end=\"606\">\n<p class=\"\" data-start=\"547\" data-end=\"606\">T\u00eaxtil reciclado repelente de \u00e1gua<\/p>\n<\/li>\n<li class=\"\" data-start=\"607\" data-end=\"660\">\n<p class=\"\" data-start=\"609\" data-end=\"660\">Materiais de forro respir\u00e1veis<\/p>\n<\/li>\n<li class=\"\" data-start=\"720\" data-end=\"795\">\n<p class=\"\" data-start=\"722\" data-end=\"795\"><span style=\"font-size: 0.9rem\">Anti-derrapante<\/span><\/p>\n<\/li>\n<li class=\"\" data-start=\"720\" data-end=\"795\">\n<p class=\"\" data-start=\"722\" data-end=\"795\"><span style=\"font-size: 0.9rem\">Antiest\u00e1tico<\/span><\/p>\n<\/li>\n<li class=\"\" data-start=\"720\" data-end=\"795\">\n<p class=\"\" data-start=\"722\" data-end=\"795\"><span style=\"font-size: 0.9rem\">Leve<\/span><\/p>\n<\/li>\n<li class=\"\" data-start=\"720\" data-end=\"795\">\n<p class=\"\" data-start=\"722\" data-end=\"795\"><span style=\"font-size: 0.9rem\">100% N\u00e3o Met\u00e1lico<\/span><\/p>\n<\/li>\n<li class=\"\" data-start=\"720\" data-end=\"795\">\n<p class=\"\" data-start=\"722\" data-end=\"795\"><span style=\"font-size: 0.9rem\">Flex\u00edvel<\/span><\/p>\n<\/li>\n<li class=\"\" data-start=\"720\" data-end=\"795\">\n<p class=\"\" data-start=\"722\" data-end=\"795\"><span style=\"font-size: 0.9rem\">Sola resistente a \u00d2leos \/ Combust\u00edveis<\/span><\/p>\n<\/li>\n<li class=\"\" data-start=\"720\" data-end=\"795\">\n<p class=\"\" data-start=\"722\" data-end=\"795\"><span style=\"font-size: 0.9rem\">Resistente ao Choque<\/span><\/p>\n<\/li>\n<\/ul>\n<p>&nbsp;<\/p>\n<p class=\"\" data-start=\"797\" data-end=\"1031\"><strong data-start=\"797\" data-end=\"838\">Seguran\u00e7a S3L com estilo e desempenho<\/strong><br data-start=\"838\" data-end=\"841\" \/>Estas sapatilhas s\u00e3o perfeitas para quem precisa de um cal\u00e7ado seguro sem abrir m\u00e3o da leveza e flexibilidade. O design desportivo e moderno torna-as ideais para uso profissional e casual.<\/p>\n<p class=\"\" data-start=\"1033\" data-end=\"1091\">Seguran\u00e7a e conforto num s\u00f3 par.<\/p>\n","protected":false},"featured_media":7656,"comment_status":"open","ping_status":"closed","template":"","meta":{"_mi_skip_tracking":false},"product_cat":[212,192,211,197,200,193,104,190,105,206,204],"product_tag":[219,159,214],"class_list":{"0":"post-7641","1":"product","2":"type-product","3":"status-publish","4":"has-post-thumbnail","6":"product_cat-no-risk","7":"product_cat-setores-de-atividade","8":"product_cat-setores-de-atividade-construcao-e-energia","9":"product_cat-setores-de-atividade-floresta-agricultura-jardinagem","10":"product_cat-setores-de-atividade-horeca-e-servicos-de-saude","11":"product_cat-setores-de-atividade-industria-ligeira-e-logistica","12":"product_cat-calcado-de-seguranca","13":"product_cat-calcado-de-seguranca-sapatilha","14":"product_cat-sapatos","15":"product_cat-mais-vendidos-automa","16":"product_cat-novidades-automa","17":"product_tag-black-panther-pro","18":"product_tag-calcado-de-seguranca","19":"product_tag-no-risk","21":"first","22":"instock","23":"taxable","24":"shipping-taxable","25":"purchasable","26":"product-type-variable"},"_links":{"self":[{"href":"https:\/\/automa.pt\/loja\/wp-json\/wp\/v2\/product\/7641","targetHints":{"allow":["GET"]}}],"collection":[{"href":"https:\/\/automa.pt\/loja\/wp-json\/wp\/v2\/product"}],"about":[{"href":"https:\/\/automa.pt\/loja\/wp-json\/wp\/v2\/types\/product"}],"replies":[{"embeddable":true,"href":"https:\/\/automa.pt\/loja\/wp-json\/wp\/v2\/comments?post=7641"}],"wp:featuredmedia":[{"embeddable":true,"href":"https:\/\/automa.pt\/loja\/wp-json\/wp\/v2\/media\/7656"}],"wp:attachment":[{"href":"https:\/\/automa.pt\/loja\/wp-json\/wp\/v2\/media?parent=7641"}],"wp:term":[{"taxonomy":"product_cat","embeddable":true,"href":"https:\/\/automa.pt\/loja\/wp-json\/wp\/v2\/product_cat?post=7641"},{"taxonomy":"product_tag","embeddable":true,"href":"https:\/\/automa.pt\/loja\/wp-json\/wp\/v2\/product_tag?post=7641"}],"curies":[{"name":"wp","href":"https:\/\/api.w.org\/{rel}","templated":true}]}}