{"id":7579,"date":"2025-11-18T17:24:51","date_gmt":"2025-11-18T17:24:51","guid":{"rendered":"https:\/\/automa.pt\/loja\/?post_type=product&#038;p=7579"},"modified":"2025-11-18T17:45:22","modified_gmt":"2025-11-18T17:45:22","slug":"rider","status":"publish","type":"product","link":"https:\/\/automa.pt\/loja\/produto\/rider\/","title":{"rendered":"Rider"},"content":{"rendered":"<h2 data-start=\"0\" data-end=\"42\">Cal\u00e7ado de Seguran\u00e7a No Risk \u2013 Rider<\/h2>\n<pre class=\"tw-data-text tw-text-large tw-ta\" dir=\"ltr\" data-placeholder=\"Tradu\u00e7\u00e3o\" data-ved=\"2ahUKEwiem7m5v7-PAxWeRKQEHdPUAGIQ3ewLegQIChAW\" aria-label=\"Texto traduzido: Prote\u00e7\u00e3o e estilo nunca estiveram t\u00e3o alinhados: onde a seguran\u00e7a encontra a moda, nossa revolucion\u00e1ria Athletic Safety com biqueira eleva o n\u00edvel da prote\u00e7\u00e3o. T\u00eaxtil Repelente \u00e0 \u00c1gua Espuma EVA + Borracha Entressola Kevlar Palmilha OrthoLite T\u00eaxtil Respir\u00e1vel Sola com Absor\u00e7\u00e3o de Impacto ESD\">Sapato desenvolvido em couro repelente \u00e0 \u00e1gua, com forro em t\u00eaxtil respir\u00e1vel e sola em PU de \r\ndupla densidade e nitrilo resistente \u00e0 abras\u00e3o \r\n\r\nEN ISO 20345:2011 CE | S# |SRC\r\n\r\n<\/pre>\n<pre class=\"tw-data-text tw-text-large tw-ta\" dir=\"ltr\" data-placeholder=\"Tradu\u00e7\u00e3o\" data-ved=\"2ahUKEwiem7m5v7-PAxWeRKQEHdPUAGIQ3ewLegQIChAW\" aria-label=\"Texto traduzido: Prote\u00e7\u00e3o e estilo nunca estiveram t\u00e3o alinhados: onde a seguran\u00e7a encontra a moda, nossa revolucion\u00e1ria Athletic Safety com biqueira eleva o n\u00edvel da prote\u00e7\u00e3o. T\u00eaxtil Repelente \u00e0 \u00c1gua Espuma EVA + Borracha Entressola Kevlar Palmilha OrthoLite T\u00eaxtil Respir\u00e1vel Sola com Absor\u00e7\u00e3o de Impacto ESD\">Inspirado na nossa heran\u00e7a em cal\u00e7ado de seguran\u00e7a, este modelo Rider adapta-se a diferentes utilizadores, garantindo seguran\u00e7a e conforto em qualquer ambiente.\r\nDispon\u00edvel nos tamanhos 35 a 48, combina a durabilidade e a precis\u00e3o artesanal confi\u00e1veis \r\ncom um design arrojado e moderno.\r\n<\/pre>\n<pre class=\"tw-data-text tw-text-large tw-ta\" dir=\"ltr\" data-placeholder=\"Tradu\u00e7\u00e3o\" data-ved=\"2ahUKEwiem7m5v7-PAxWeRKQEHdPUAGIQ3ewLegQIChAW\" aria-label=\"Texto traduzido: Nosso modelo Pegasus oferece o melhor de dois mundos: seguran\u00e7a e conforto. F\u00e1cil de cal\u00e7ar com nosso sistema de aperto r\u00e1pido, ele tamb\u00e9m conta com solado de EVA, aliado \u00e0 tecnologia de absor\u00e7\u00e3o de energia. Perfeito para trabalhar em qualquer ambiente. Principais Caracter\u00edsticas: Borracha + EVA Entressola protetora de Kevlar Biqueira composta T\u00eaxtil repelente \u00e0 \u00e1gua Materiais do forro respir\u00e1veis\"><strong>NO RISK \u2013 Function meets Fashion<\/strong>\r\n\r\n<span class=\"Y2IQFc\" lang=\"pt\">A NoRisk surgiu em 1996 como uma marca pioneira em Portugal, \r\ncom inspira\u00e7\u00e3o na cultura do vestu\u00e1rio de trabalho, \r\nintegrando-se ao estilo de vida europeu e mantendo \r\nsempre a ess\u00eancia da durabilidade, seguran\u00e7a e estilo.\r\n\r\nNascida em Guimar\u00e3es, Portugal, pelas m\u00e3os do grupo ICC, \r\ncom o objetivo de fabricar as melhores e mais dur\u00e1veis \u200b\u200bbotas de trabalho. \r\nCom uma forte cren\u00e7a nos valores familiares e um sentido de tradi\u00e7\u00e3o, \r\na sua expans\u00e3o de Guimar\u00e3es para o mundo come\u00e7ou gradualmente. \r\nHoje, serve todos os tipos de trabalhadores, independentemente do seu desafio.\r\n\r\n\r\n<\/span><\/pre>\n<p style=\"font-weight: 400\">Biqueira de A\u00e7o<\/p>\n<p style=\"font-weight: 400\">ESD<\/p>\n<p style=\"font-weight: 400\">KEVLAR<\/p>\n<p style=\"font-weight: 400\">Sola Anti deslizante<\/p>\n<p style=\"font-weight: 400\">ANTI ESTATICO<\/p>\n<p style=\"font-weight: 400\">Amortecimento de Impacto<\/p>\n<p style=\"font-weight: 400\">Resistente a Agua<\/p>\n<p style=\"font-weight: 400\">Sola resistente aos combust\u00edveis e \u00d3leos<\/p>\n<p style=\"font-weight: 400\">CLIMA CORK SYSTEM\u00a0SYSTEM<\/p>\n","protected":false},"excerpt":{"rendered":"<h3><strong>RIDER<\/strong><\/h3>\n<h5 class=\"tw-data-text tw-text-large tw-ta\" dir=\"ltr\" data-placeholder=\"Tradu\u00e7\u00e3o\" data-ved=\"2ahUKEwiem7m5v7-PAxWeRKQEHdPUAGIQ3ewLegQIChAW\" aria-label=\"Texto traduzido: Prote\u00e7\u00e3o e estilo nunca estiveram t\u00e3o alinhados: onde a seguran\u00e7a encontra a moda, nossa revolucion\u00e1ria Athletic Safety com biqueira eleva o n\u00edvel da prote\u00e7\u00e3o. T\u00eaxtil Repelente \u00e0 \u00c1gua Espuma EVA + Borracha Entressola Kevlar Palmilha OrthoLite T\u00eaxtil Respir\u00e1vel Sola com Absor\u00e7\u00e3o de Impacto ESD\">Feito por Profissionais. Para Profissionais.<\/h5>\n<p><span class=\"Y2IQFc\" lang=\"pt\">Ideal para profissionais exigentes, que procuram conforto .<\/span><\/p>\n<p>Estas sapatilhas s\u00e3o perfeitas para quem precisa de um cal\u00e7ado seguro sem abrir m\u00e3o da leveza e flexibilidade. O design desportivo e moderno torna-as ideais para uso profissional e casual.<br \/>\nA seguran\u00e7a e conforto num s\u00f3 par.<\/p>\n<p>Seguran\u00e7a O1 SRC com estilo e desempenho.<\/p>\n<p>&nbsp;<\/p>\n<p>&nbsp;<\/p>\n","protected":false},"featured_media":7596,"comment_status":"open","ping_status":"closed","template":"","meta":{"_mi_skip_tracking":false},"product_cat":[212,192,211,197,200,193,104,105,204],"product_tag":[159,214,216,161],"class_list":{"0":"post-7579","1":"product","2":"type-product","3":"status-publish","4":"has-post-thumbnail","6":"product_cat-no-risk","7":"product_cat-setores-de-atividade","8":"product_cat-setores-de-atividade-construcao-e-energia","9":"product_cat-setores-de-atividade-floresta-agricultura-jardinagem","10":"product_cat-setores-de-atividade-horeca-e-servicos-de-saude","11":"product_cat-setores-de-atividade-industria-ligeira-e-logistica","12":"product_cat-calcado-de-seguranca","13":"product_cat-sapatos","14":"product_cat-novidades-automa","15":"product_tag-calcado-de-seguranca","16":"product_tag-no-risk","17":"product_tag-rider","18":"product_tag-sapatos","20":"first","21":"instock","22":"taxable","23":"shipping-taxable","24":"purchasable","25":"product-type-variable"},"_links":{"self":[{"href":"https:\/\/automa.pt\/loja\/wp-json\/wp\/v2\/product\/7579","targetHints":{"allow":["GET"]}}],"collection":[{"href":"https:\/\/automa.pt\/loja\/wp-json\/wp\/v2\/product"}],"about":[{"href":"https:\/\/automa.pt\/loja\/wp-json\/wp\/v2\/types\/product"}],"replies":[{"embeddable":true,"href":"https:\/\/automa.pt\/loja\/wp-json\/wp\/v2\/comments?post=7579"}],"wp:featuredmedia":[{"embeddable":true,"href":"https:\/\/automa.pt\/loja\/wp-json\/wp\/v2\/media\/7596"}],"wp:attachment":[{"href":"https:\/\/automa.pt\/loja\/wp-json\/wp\/v2\/media?parent=7579"}],"wp:term":[{"taxonomy":"product_cat","embeddable":true,"href":"https:\/\/automa.pt\/loja\/wp-json\/wp\/v2\/product_cat?post=7579"},{"taxonomy":"product_tag","embeddable":true,"href":"https:\/\/automa.pt\/loja\/wp-json\/wp\/v2\/product_tag?post=7579"}],"curies":[{"name":"wp","href":"https:\/\/api.w.org\/{rel}","templated":true}]}}