{"id":7558,"date":"2025-11-18T11:08:46","date_gmt":"2025-11-18T11:08:46","guid":{"rendered":"https:\/\/automa.pt\/loja\/?post_type=product&#038;p=7558"},"modified":"2025-11-18T17:23:56","modified_gmt":"2025-11-18T17:23:56","slug":"ara","status":"publish","type":"product","link":"https:\/\/automa.pt\/loja\/produto\/ara\/","title":{"rendered":"Ara"},"content":{"rendered":"<h2><strong>Cal\u00e7ado de Seguran\u00e7a Lavoro<\/strong><\/h2>\n<h2><strong>Cal\u00e7ado de Seguran\u00e7a Ara<\/strong><\/h2>\n<p style=\"font-weight: 400\">O modelo Ara da LAVORO \u00e9 um cal\u00e7ado de seguran\u00e7a com classifica\u00e7\u00e3o de prote\u00e7\u00e3o S1P SRC, reconhecido pela sua leveza e conforto.<\/p>\n<p style=\"font-weight: 400\">Os detalhes, desde a sola de PU de dupla densidade injetada diretamente, resistente \u00e0 abras\u00e3o, at\u00e9 a entressola de KEVLAR flex\u00edvel, leve e resistente a perfura\u00e7\u00f5es, fazem com que um cal\u00e7ado de seguran\u00e7a nunca tenha sido t\u00e3o leve.<\/p>\n<p style=\"font-weight: 400\">A sa\u00fade e o conforto dos p\u00e9s s\u00e3o garantidos pela microfibra Hi-Tech repelente \u00e0 \u00e1gua, pelo forro respir\u00e1vel Dri-Lex e pela biqueira composta (resistente a impactos de at\u00e9 200 J), tornando-o um produto 100% livre de metal.<\/p>\n<p style=\"font-weight: 400\">Dispon\u00edvel nos tamanhos 35 a 48, o Ara \u00e9 o cal\u00e7ado ideal para log\u00edstica, transporte, servi\u00e7os eletr\u00f4nicos e atividades do dia a dia.<\/p>\n<p>&nbsp;<\/p>\n<p>EN ISO 20345:2011 CE S1P SRC<\/p>\n<ul id=\"clickyboxes-option-certification-norm-8316852633901\" class=\"clickyboxes options-certification-norm cc-init\"><\/ul>\n<p style=\"font-weight: 400\">Palmilha de prote\u00e7\u00e3o: Kevlar<br \/>\nbiqueira de prote\u00e7\u00e3o: Composite<br \/>\nsola: dupla densidade de pu diretamente injetado<br \/>\npalmilha de limpeza lavoro x-max antiest\u00e1tica<\/p>\n<p style=\"font-weight: 400\">Materiais do corte: wr breathable hi-tech mf<br \/>\nmateriais do forro: t\u00eaxtil drylex azul<br \/>\nlargura da biqueira: 11<\/p>\n<h3><strong>LAVORO &#8211; Engineering Life<\/strong><\/h3>\n<p>A Lavoro \u00e9 uma marca que possu\u00ed o selo VHQ (Very High Quality) que acrescenta um atestado de conformidade do cal\u00e7ado profissional com a adequada manuten\u00e7\u00e3o da sa\u00fade do p\u00e9 em contexto laboral. Desde 1988, a Lavoro \u00e9 um dos mais renomados produtores europeus de cal\u00e7ado profissional com uma procura constante pelo melhor. As carater\u00edsticas CLIMA CORK SYSTEM e RSA est\u00e3o presentes em alguns modelos e \u00e9 o que torna a Lavoro \u00fanica e inovativa.<\/p>\n<p>Escolher a Lavoro \u00e9 preferir uma marca de cal\u00e7ado de seguran\u00e7a com carater\u00edsticas inovativas que permitem o maior conforto.<\/p>\n","protected":false},"excerpt":{"rendered":"<p><strong>CAL\u00c7ADO DE SEGURAN\u00c7A LAVORO\u00a0<\/strong><\/p>\n<p>O Lando Blue FL \u00e9 um cal\u00e7ado de seguran\u00e7a que atende \u00e0s necessidades do profissional da ind\u00fastria pesada. \u00c9 a escolha perfeita para quem valoriza alta qualidade, desempenho e conforto. Resistente \u00e0 \u00e1gua e com palmilha em gel, revestido em pele.<\/p>\n<p>Vers\u00e3o sapato dispon\u00edvel.<\/p>\n<p>&nbsp;<\/p>\n<p>EN ISO20345:2011 CE S3 HRO SRC<\/p>\n<p>&nbsp;<\/p>\n<p>Encontra-se dispon\u00edvel nos tamanhos 35 a 48.<\/p>\n","protected":false},"featured_media":7577,"comment_status":"open","ping_status":"closed","template":"","meta":{"_mi_skip_tracking":false},"product_cat":[193,194,104,106,105,112,207],"product_tag":[185,159,160,163,166],"class_list":{"0":"post-7558","1":"product","2":"type-product","3":"status-publish","4":"has-post-thumbnail","6":"product_cat-setores-de-atividade-industria-ligeira-e-logistica","7":"product_cat-setores-de-atividade-industria-pesada-e-atividades-especializadas","8":"product_cat-calcado-de-seguranca","9":"product_cat-botas","10":"product_cat-sapatos","11":"product_cat-biqueira-de-protecao","12":"product_cat-lavoro-automa","13":"product_tag-100-nao-metalico","14":"product_tag-calcado-de-seguranca","15":"product_tag-calcado-profissional","16":"product_tag-lavoro","17":"product_tag-sapato","19":"first","20":"instock","21":"sale","22":"taxable","23":"shipping-taxable","24":"purchasable","25":"product-type-variable"},"_links":{"self":[{"href":"https:\/\/automa.pt\/loja\/wp-json\/wp\/v2\/product\/7558","targetHints":{"allow":["GET"]}}],"collection":[{"href":"https:\/\/automa.pt\/loja\/wp-json\/wp\/v2\/product"}],"about":[{"href":"https:\/\/automa.pt\/loja\/wp-json\/wp\/v2\/types\/product"}],"replies":[{"embeddable":true,"href":"https:\/\/automa.pt\/loja\/wp-json\/wp\/v2\/comments?post=7558"}],"wp:featuredmedia":[{"embeddable":true,"href":"https:\/\/automa.pt\/loja\/wp-json\/wp\/v2\/media\/7577"}],"wp:attachment":[{"href":"https:\/\/automa.pt\/loja\/wp-json\/wp\/v2\/media?parent=7558"}],"wp:term":[{"taxonomy":"product_cat","embeddable":true,"href":"https:\/\/automa.pt\/loja\/wp-json\/wp\/v2\/product_cat?post=7558"},{"taxonomy":"product_tag","embeddable":true,"href":"https:\/\/automa.pt\/loja\/wp-json\/wp\/v2\/product_tag?post=7558"}],"curies":[{"name":"wp","href":"https:\/\/api.w.org\/{rel}","templated":true}]}}