{"id":7496,"date":"2025-09-05T16:56:31","date_gmt":"2025-09-05T16:56:31","guid":{"rendered":"https:\/\/automa.pt\/loja\/?post_type=product&#038;p=7496"},"modified":"2025-10-02T09:32:21","modified_gmt":"2025-10-02T09:32:21","slug":"avalanche-bege","status":"publish","type":"product","link":"https:\/\/automa.pt\/loja\/produto\/avalanche-bege\/","title":{"rendered":"Avalanche bege"},"content":{"rendered":"<h2 data-start=\"0\" data-end=\"42\">Cal\u00e7ado de Seguran\u00e7a No Risk \u2013 Avalanche<\/h2>\n<pre class=\"tw-data-text tw-text-large tw-ta\" dir=\"ltr\" data-placeholder=\"Tradu\u00e7\u00e3o\" data-ved=\"2ahUKEwiem7m5v7-PAxWeRKQEHdPUAGIQ3ewLegQIChAW\" aria-label=\"Texto traduzido: Prote\u00e7\u00e3o e estilo nunca estiveram t\u00e3o alinhados: onde a seguran\u00e7a encontra a moda, nossa revolucion\u00e1ria Athletic Safety com biqueira eleva o n\u00edvel da prote\u00e7\u00e3o. T\u00eaxtil Repelente \u00e0 \u00c1gua Espuma EVA + Borracha Entressola Kevlar Palmilha OrthoLite T\u00eaxtil Respir\u00e1vel Sola com Absor\u00e7\u00e3o de Impacto ESD\">A parte superior t\u00eaxtil mant\u00e9m o p\u00e9 fresco e confrot\u00e1vel em qualquer situa\u00e7\u00e3o,\r\nenquanto a nossa exclusiva entressola gigaboom supercritical nitrogen foam \r\noferece um amortecimento incompar\u00e1vel. \r\nA sola de borracha de alto desempenho, com zona dianteira\r\nsuper antideslizante e traseira resistente \u00e0 abras\u00e3o, \r\ngarante ader\u00eancia e durabilidade ao longo do dia.\r\n\r\nInspirado na nossa heran\u00e7a em cal\u00e7ado de seguran\u00e7a, \r\neste \u00e9 o nosso primeiro modelo urbano, pensado para o explorador moderno. \r\nOferece uma experi\u00eancia robusta e confort\u00e1vel sem comprometer a mobilidade. \r\nDispon\u00edvel nos tamanhos 35 a 46, adapta-se a diferentes utilizadores, \r\ngarantindo seguran\u00e7a e conforto em qualquer ambiente.\r\n\r\nDos criadores de cal\u00e7ados de seguran\u00e7a l\u00edderes do setor, \r\napresentamos nossa primeira incurs\u00e3o na moda lifestyle: o Avalanche. \r\nCombinando a durabilidade e a precis\u00e3o artesanal confi\u00e1veis \r\ncom um design arrojado e moderno, este cal\u00e7ado foi projetado para aqueles \r\nque prosperam na agita\u00e7\u00e3o da cidade e da natureza.\r\n<\/pre>\n<pre id=\"tw-target-text\" class=\"tw-data-text tw-text-large tw-ta\" dir=\"ltr\" data-placeholder=\"Tradu\u00e7\u00e3o\" data-ved=\"2ahUKEwiem7m5v7-PAxWeRKQEHdPUAGIQ3ewLegQIChAW\" aria-label=\"Texto traduzido: Nosso modelo Pegasus oferece o melhor de dois mundos: seguran\u00e7a e conforto. F\u00e1cil de cal\u00e7ar com nosso sistema de aperto r\u00e1pido, ele tamb\u00e9m conta com solado de EVA, aliado \u00e0 tecnologia de absor\u00e7\u00e3o de energia. Perfeito para trabalhar em qualquer ambiente. Principais Caracter\u00edsticas: Borracha + EVA Entressola protetora de Kevlar Biqueira composta T\u00eaxtil repelente \u00e0 \u00e1gua Materiais do forro respir\u00e1veis\"><strong>NO RISK \u2013 Function meets Fashion<\/strong>\r\n\r\n<span class=\"Y2IQFc\" lang=\"pt\">A NoRisk surgiu em 1996 como uma marca pioneira em Portugal, \r\ncom inspira\u00e7\u00e3o na cultura do vestu\u00e1rio de trabalho, \r\nintegrando-se ao estilo de vida europeu e mantendo \r\nsempre a ess\u00eancia da durabilidade, seguran\u00e7a e estilo.\r\n\r\nNascida em Guimar\u00e3es, Portugal, pelas m\u00e3os do grupo ICC, \r\ncom o objetivo de fabricar as melhores e mais dur\u00e1veis \u200b\u200bbotas de trabalho. \r\nCom uma forte cren\u00e7a nos valores familiares e um sentido de tradi\u00e7\u00e3o, \r\na sua expans\u00e3o de Guimar\u00e3es para o mundo come\u00e7ou gradualmente. \r\nHoje, serve todos os tipos de trabalhadores, independentemente do seu desafio.\r\n\r\n<\/span><\/pre>\n","protected":false},"excerpt":{"rendered":"<h3><strong>AVALANCHE<\/strong><\/h3>\n<h5 class=\"tw-data-text tw-text-large tw-ta\" dir=\"ltr\" data-placeholder=\"Tradu\u00e7\u00e3o\" data-ved=\"2ahUKEwiem7m5v7-PAxWeRKQEHdPUAGIQ3ewLegQIChAW\" aria-label=\"Texto traduzido: Prote\u00e7\u00e3o e estilo nunca estiveram t\u00e3o alinhados: onde a seguran\u00e7a encontra a moda, nossa revolucion\u00e1ria Athletic Safety com biqueira eleva o n\u00edvel da prote\u00e7\u00e3o. T\u00eaxtil Repelente \u00e0 \u00c1gua Espuma EVA + Borracha Entressola Kevlar Palmilha OrthoLite T\u00eaxtil Respir\u00e1vel Sola com Absor\u00e7\u00e3o de Impacto ESD\">Feito para Desempenho, Reimaginado para Estilo.<\/h5>\n<p><span class=\"Y2IQFc\" lang=\"pt\">Ideal para profissionais para quem o estilo importa. Indispens\u00e1vel para quem o trabalho est\u00e1 na moda. Indicado para quem gosta do que faz.<\/span><\/p>\n<p>&nbsp;<\/p>\n<p>Estas sapatilhas s\u00e3o perfeitas para quem precisa de um cal\u00e7ado seguro sem abrir m\u00e3o da leveza e flexibilidade. O design desportivo e moderno torna-as ideais para uso profissional e casual.<br \/>\nA seguran\u00e7a e conforto num s\u00f3 par.<\/p>\n<p>Seguran\u00e7a O1 SRC com estilo e desempenho.<\/p>\n<p>&nbsp;<\/p>\n<p>&nbsp;<\/p>\n","protected":false},"featured_media":7472,"comment_status":"open","ping_status":"closed","template":"","meta":{"_mi_skip_tracking":false},"product_cat":[212,192,211,197,200,193,104,204],"product_tag":[213,159,214,161],"class_list":{"0":"post-7496","1":"product","2":"type-product","3":"status-publish","4":"has-post-thumbnail","6":"product_cat-no-risk","7":"product_cat-setores-de-atividade","8":"product_cat-setores-de-atividade-construcao-e-energia","9":"product_cat-setores-de-atividade-floresta-agricultura-jardinagem","10":"product_cat-setores-de-atividade-horeca-e-servicos-de-saude","11":"product_cat-setores-de-atividade-industria-ligeira-e-logistica","12":"product_cat-calcado-de-seguranca","13":"product_cat-novidades-automa","14":"product_tag-atheletic","15":"product_tag-calcado-de-seguranca","16":"product_tag-no-risk","17":"product_tag-sapatos","19":"first","20":"instock","21":"taxable","22":"shipping-taxable","23":"purchasable","24":"product-type-variable"},"_links":{"self":[{"href":"https:\/\/automa.pt\/loja\/wp-json\/wp\/v2\/product\/7496","targetHints":{"allow":["GET"]}}],"collection":[{"href":"https:\/\/automa.pt\/loja\/wp-json\/wp\/v2\/product"}],"about":[{"href":"https:\/\/automa.pt\/loja\/wp-json\/wp\/v2\/types\/product"}],"replies":[{"embeddable":true,"href":"https:\/\/automa.pt\/loja\/wp-json\/wp\/v2\/comments?post=7496"}],"wp:featuredmedia":[{"embeddable":true,"href":"https:\/\/automa.pt\/loja\/wp-json\/wp\/v2\/media\/7472"}],"wp:attachment":[{"href":"https:\/\/automa.pt\/loja\/wp-json\/wp\/v2\/media?parent=7496"}],"wp:term":[{"taxonomy":"product_cat","embeddable":true,"href":"https:\/\/automa.pt\/loja\/wp-json\/wp\/v2\/product_cat?post=7496"},{"taxonomy":"product_tag","embeddable":true,"href":"https:\/\/automa.pt\/loja\/wp-json\/wp\/v2\/product_tag?post=7496"}],"curies":[{"name":"wp","href":"https:\/\/api.w.org\/{rel}","templated":true}]}}