{"id":7473,"date":"2025-09-04T17:14:32","date_gmt":"2025-09-04T17:14:32","guid":{"rendered":"https:\/\/automa.pt\/loja\/?post_type=product&#038;p=7473"},"modified":"2025-10-02T09:34:16","modified_gmt":"2025-10-02T09:34:16","slug":"avalanche-preto","status":"publish","type":"product","link":"https:\/\/automa.pt\/loja\/produto\/avalanche-preto\/","title":{"rendered":"Avalanche preto"},"content":{"rendered":"<h2 data-start=\"0\" data-end=\"42\">Cal\u00e7ado de Seguran\u00e7a No Risk \u2013 Avalanche<\/h2>\n<pre class=\"tw-data-text tw-text-large tw-ta\" dir=\"ltr\" data-placeholder=\"Tradu\u00e7\u00e3o\" data-ved=\"2ahUKEwiem7m5v7-PAxWeRKQEHdPUAGIQ3ewLegQIChAW\" aria-label=\"Texto traduzido: Prote\u00e7\u00e3o e estilo nunca estiveram t\u00e3o alinhados: onde a seguran\u00e7a encontra a moda, nossa revolucion\u00e1ria Athletic Safety com biqueira eleva o n\u00edvel da prote\u00e7\u00e3o. T\u00eaxtil Repelente \u00e0 \u00c1gua Espuma EVA + Borracha Entressola Kevlar Palmilha OrthoLite T\u00eaxtil Respir\u00e1vel Sola com Absor\u00e7\u00e3o de Impacto ESD\"><span class=\"Y2IQFc\" lang=\"pt\">Feito para Desempenho, Reimaginado para Estilo.<\/span><\/pre>\n<pre style=\"font-weight: 400\">A parte superior t\u00eaxtil respir\u00e1vel mant\u00e9m-te fresco e confort\u00e1vel em qualquer\r\ndesafio, enquanto a nossa exclusiva entressola gigaboom supercritical \r\nnitrogen foam oferece um amortecimento incompar\u00e1vel. \r\nA sola de borracha de alto desempenho, com zona dianteira super antideslizante \r\ne traseira resistente \u00e0 abras\u00e3o, garante ader\u00eancia e durabilidade \r\nao longo do dia. \r\nInspirado na nossa heran\u00e7a em cal\u00e7ado de seguran\u00e7a, \r\neste \u00e9 o nosso primeiro modelo urbano, pensado para o explorador moderno.\r\n<span class=\"Y2IQFc\" lang=\"pt\">Dos criadores de cal\u00e7ados de seguran\u00e7a l\u00edderes do setor, \r\napresentamos nossa primeira incurs\u00e3o na moda lifestyle: o Avalanche. \r\nCombinando a durabilidade e a precis\u00e3o artesanal confi\u00e1veis\r\n com um design arrojado e moderno, este cal\u00e7ado foi projetado \r\npara aqueles que prosperam na agita\u00e7\u00e3o da cidade e da natureza.\r\n<\/span>Oferece uma experi\u00eancia robusta e confort\u00e1vel sem comprometer a mobilidade.\r\nDispon\u00edvel nos tamanhos 35 a 46, adapta-se a diferentes utilizadores, \r\ngarantindo seguran\u00e7a e conforto em qualquer ambiente.\r\n\r\n<strong>NO RISK \u2013 Function meets Fashion<\/strong>\r\n<span class=\"Y2IQFc\" lang=\"pt\">A NoRisk surgiu em 1996 como uma marca pioneira em Portugal, \r\ncom inspira\u00e7\u00e3o na cultura do vestu\u00e1rio de trabalho, \r\nintegrando-se ao estilo de vida europeu e mantendo \r\nsempre a ess\u00eancia da durabilidade, seguran\u00e7a e estilo.\r\n\r\nNascida em Guimar\u00e3es, Portugal, pelas m\u00e3os do grupo ICC, \r\ncom o objetivo de fabricar as melhores e mais dur\u00e1veis \u200b\u200bbotas de trabalho. \r\nCom uma forte cren\u00e7a nos valores familiares e um sentido de tradi\u00e7\u00e3o, \r\na sua expans\u00e3o de Guimar\u00e3es para o mundo come\u00e7ou gradualmente. \r\nHoje, serve todos os tipos de trabalhadores, independentemente do seu desafio.\r\n\r\n<\/span><\/pre>\n","protected":false},"excerpt":{"rendered":"<p><strong style=\"font-size: 0.9rem\" data-start=\"325\" data-end=\"356\">Principais Caracter\u00edsticas:<\/strong><\/p>\n<p class=\"\" data-start=\"361\" data-end=\"415\">A parte superior t\u00eaxtil respir\u00e1vel mant\u00e9m-te fresco e confort\u00e1vel em qualquer desafio, enquanto a nossa exclusiva entressola gigaboom supercritical nitrogen foam oferece um amortecimento incompar\u00e1vel. A sola de borracha de alto desempenho, com zona dianteira super antideslizante e traseira resistente \u00e0 abras\u00e3o, garante ader\u00eancia e durabilidade ao longo do dia. Inspirado na nossa heran\u00e7a em cal\u00e7ado de seguran\u00e7a, este \u00e9 o nosso primeiro modelo urbano, pensado para o explorador moderno.<\/p>\n","protected":false},"featured_media":7491,"comment_status":"open","ping_status":"closed","template":"","meta":{"_mi_skip_tracking":false},"product_cat":[212,192,211,193,104,204],"product_tag":[215,159,214,161],"class_list":{"0":"post-7473","1":"product","2":"type-product","3":"status-publish","4":"has-post-thumbnail","6":"product_cat-no-risk","7":"product_cat-setores-de-atividade","8":"product_cat-setores-de-atividade-construcao-e-energia","9":"product_cat-setores-de-atividade-industria-ligeira-e-logistica","10":"product_cat-calcado-de-seguranca","11":"product_cat-novidades-automa","12":"product_tag-avalanche","13":"product_tag-calcado-de-seguranca","14":"product_tag-no-risk","15":"product_tag-sapatos","17":"first","18":"instock","19":"taxable","20":"shipping-taxable","21":"purchasable","22":"product-type-variable"},"_links":{"self":[{"href":"https:\/\/automa.pt\/loja\/wp-json\/wp\/v2\/product\/7473","targetHints":{"allow":["GET"]}}],"collection":[{"href":"https:\/\/automa.pt\/loja\/wp-json\/wp\/v2\/product"}],"about":[{"href":"https:\/\/automa.pt\/loja\/wp-json\/wp\/v2\/types\/product"}],"replies":[{"embeddable":true,"href":"https:\/\/automa.pt\/loja\/wp-json\/wp\/v2\/comments?post=7473"}],"wp:featuredmedia":[{"embeddable":true,"href":"https:\/\/automa.pt\/loja\/wp-json\/wp\/v2\/media\/7491"}],"wp:attachment":[{"href":"https:\/\/automa.pt\/loja\/wp-json\/wp\/v2\/media?parent=7473"}],"wp:term":[{"taxonomy":"product_cat","embeddable":true,"href":"https:\/\/automa.pt\/loja\/wp-json\/wp\/v2\/product_cat?post=7473"},{"taxonomy":"product_tag","embeddable":true,"href":"https:\/\/automa.pt\/loja\/wp-json\/wp\/v2\/product_tag?post=7473"}],"curies":[{"name":"wp","href":"https:\/\/api.w.org\/{rel}","templated":true}]}}