{"id":7398,"date":"2025-09-04T16:06:35","date_gmt":"2025-09-04T16:06:35","guid":{"rendered":"https:\/\/automa.pt\/loja\/?post_type=product&#038;p=7398"},"modified":"2025-09-05T16:36:00","modified_gmt":"2025-09-05T16:36:00","slug":"pegasus","status":"publish","type":"product","link":"https:\/\/automa.pt\/loja\/produto\/pegasus\/","title":{"rendered":"Pegasus"},"content":{"rendered":"<h2 data-start=\"0\" data-end=\"42\">Cal\u00e7ado de Seguran\u00e7a No Risk \u2013 Pegasus<\/h2>\n<pre class=\"tw-data-text tw-text-large tw-ta\" dir=\"ltr\" data-placeholder=\"Tradu\u00e7\u00e3o\" data-ved=\"2ahUKEwiem7m5v7-PAxWeRKQEHdPUAGIQ3ewLegQIChAW\" aria-label=\"Texto traduzido: Nosso modelo Pegasus oferece o melhor de dois mundos: seguran\u00e7a e conforto. F\u00e1cil de cal\u00e7ar com nosso sistema de aperto r\u00e1pido, ele tamb\u00e9m conta com solado de EVA, aliado \u00e0 tecnologia de absor\u00e7\u00e3o de energia. Perfeito para trabalhar em qualquer ambiente. Principais Caracter\u00edsticas: Borracha + EVA Entressola protetora de Kevlar Biqueira composta T\u00eaxtil repelente \u00e0 \u00e1gua Materiais do forro respir\u00e1veis\"><span class=\"Y2IQFc\" lang=\"pt\">O modelo Pegasus oferece o melhor de dois mundos: seguran\u00e7a e conforto. \r\nF\u00e1cil de cal\u00e7ar com nosso sistema de aperto r\u00e1pido, tamb\u00e9m conta com sola \r\nde EVA, aliado \u00e0 tecnologia de absor\u00e7\u00e3o de energia. \r\n\r\nPerfeito para trabalhar em qualquer ambiente.\r\nOfere uma experi\u00eancia robusta e confort\u00e1vel sem comprometer a mobilidade.\r\nDispon\u00edvel nos tamanhos 39 a 47, adapta-se a diferentes utilizadores, \r\ngarantindo seguran\u00e7a e conforto em todos os setores profissionais.\r\n\r\n<\/span><\/pre>\n<pre id=\"tw-target-text\" class=\"tw-data-text tw-text-large tw-ta\" dir=\"ltr\" data-placeholder=\"Tradu\u00e7\u00e3o\" data-ved=\"2ahUKEwiem7m5v7-PAxWeRKQEHdPUAGIQ3ewLegQIChAW\" aria-label=\"Texto traduzido: Nosso modelo Pegasus oferece o melhor de dois mundos: seguran\u00e7a e conforto. F\u00e1cil de cal\u00e7ar com nosso sistema de aperto r\u00e1pido, ele tamb\u00e9m conta com solado de EVA, aliado \u00e0 tecnologia de absor\u00e7\u00e3o de energia. Perfeito para trabalhar em qualquer ambiente. Principais Caracter\u00edsticas: Borracha + EVA Entressola protetora de Kevlar Biqueira composta T\u00eaxtil repelente \u00e0 \u00e1gua Materiais do forro respir\u00e1veis\"><span class=\"Y2IQFc\" lang=\"pt\">\r\nPrincipais Caracter\u00edsticas:\r\n\r\nBorracha + EVA\r\nEntressola protetora de Kevlar\r\nBiqueira composta\r\nT\u00eaxtil repelente \u00e0 \u00e1gua\r\nMateriais do forro respir\u00e1veis<\/span><\/pre>\n<pre id=\"tw-target-text\" class=\"tw-data-text tw-text-large tw-ta\" dir=\"ltr\" data-placeholder=\"Tradu\u00e7\u00e3o\" data-ved=\"2ahUKEwiem7m5v7-PAxWeRKQEHdPUAGIQ3ewLegQIChAW\" aria-label=\"Texto traduzido: A NoRisk surgiu em 1996 como uma marca pioneira em Portugal, com inspira\u00e7\u00e3o na cultura do vestu\u00e1rio de trabalho, integrando-se ao estilo de vida europeu e mantendo sempre a ess\u00eancia da durabilidade, seguran\u00e7a e estilo. Nascida em Guimar\u00e3es, Portugal, pelas m\u00e3os do grupo ICC, com o objetivo de fabricar as melhores e mais dur\u00e1veis \u200b\u200bbotas de trabalho. Com uma forte cren\u00e7a nos valores familiares e um sentido de tradi\u00e7\u00e3o, a sua expans\u00e3o de Guimar\u00e3es para o mundo come\u00e7ou gradualmente. Hoje, serve todos os tipos de trabalhadores, independentemente do seu desafio.\"><span class=\"Y2IQFc\" lang=\"pt\">A NoRisk surgiu em 1996 como uma marca pioneira em Portugal, \r\ncom inspira\u00e7\u00e3o na cultura do vestu\u00e1rio de trabalho, \r\nintegrando-se ao estilo de vida europeu e mantendo \r\nsempre a ess\u00eancia da durabilidade, seguran\u00e7a e estilo.\r\n\r\nNascida em Guimar\u00e3es, Portugal, pelas m\u00e3os do grupo ICC, \r\ncom o objetivo de fabricar as melhores e mais dur\u00e1veis \u200b\u200bbotas de trabalho. \r\nCom uma forte cren\u00e7a nos valores familiares e um sentido de tradi\u00e7\u00e3o, \r\na sua expans\u00e3o de Guimar\u00e3es para o mundo come\u00e7ou gradualmente. \r\nHoje, serve todos os tipos de trabalhadores, independentemente do seu desafio.\r\n\r\n<\/span><\/pre>\n","protected":false},"excerpt":{"rendered":"<p><strong>PEGASUS<\/strong><\/p>\n<p><strong>EN ISO 20345:2011 CE S1P SRC ESD<\/strong><\/p>\n<p>O modelo Pegasus tem o melhor de dois mundos &#8211; seguro e confort\u00e1vel. F\u00e1cil de usar devido ao sistema de aperto r\u00e1pido, possui tamb\u00e9m uma sola em EVA com tecnologia de absor\u00e7\u00e3o de energia. Perfeito para qualquer ambiente.<\/p>\n<p><strong>Caracter\u00edsticas Principais:<\/strong><\/p>\n<p>Borracha + EVA<\/p>\n<p>Palmilha de Prote\u00e7\u00e3o em Kevlar<\/p>\n<p>Biqueira de Prote\u00e7\u00e3o em Composite<\/p>\n<p>T\u00eaxtil Repelente de \u00c1gua<\/p>\n<p>Materiais de Forro Respir\u00e1veis<\/p>\n<p data-start=\"2890\" data-end=\"3100\">\n","protected":false},"featured_media":7418,"comment_status":"open","ping_status":"closed","template":"","meta":{"_mi_skip_tracking":false},"product_cat":[212,192,211,197,200,193,104,207,204],"product_tag":[],"class_list":{"0":"post-7398","1":"product","2":"type-product","3":"status-publish","4":"has-post-thumbnail","6":"product_cat-no-risk","7":"product_cat-setores-de-atividade","8":"product_cat-setores-de-atividade-construcao-e-energia","9":"product_cat-setores-de-atividade-floresta-agricultura-jardinagem","10":"product_cat-setores-de-atividade-horeca-e-servicos-de-saude","11":"product_cat-setores-de-atividade-industria-ligeira-e-logistica","12":"product_cat-calcado-de-seguranca","13":"product_cat-lavoro-automa","14":"product_cat-novidades-automa","16":"first","17":"instock","18":"taxable","19":"shipping-taxable","20":"purchasable","21":"product-type-variable"},"_links":{"self":[{"href":"https:\/\/automa.pt\/loja\/wp-json\/wp\/v2\/product\/7398","targetHints":{"allow":["GET"]}}],"collection":[{"href":"https:\/\/automa.pt\/loja\/wp-json\/wp\/v2\/product"}],"about":[{"href":"https:\/\/automa.pt\/loja\/wp-json\/wp\/v2\/types\/product"}],"replies":[{"embeddable":true,"href":"https:\/\/automa.pt\/loja\/wp-json\/wp\/v2\/comments?post=7398"}],"wp:featuredmedia":[{"embeddable":true,"href":"https:\/\/automa.pt\/loja\/wp-json\/wp\/v2\/media\/7418"}],"wp:attachment":[{"href":"https:\/\/automa.pt\/loja\/wp-json\/wp\/v2\/media?parent=7398"}],"wp:term":[{"taxonomy":"product_cat","embeddable":true,"href":"https:\/\/automa.pt\/loja\/wp-json\/wp\/v2\/product_cat?post=7398"},{"taxonomy":"product_tag","embeddable":true,"href":"https:\/\/automa.pt\/loja\/wp-json\/wp\/v2\/product_tag?post=7398"}],"curies":[{"name":"wp","href":"https:\/\/api.w.org\/{rel}","templated":true}]}}