{"id":7099,"date":"2025-03-06T12:01:54","date_gmt":"2025-03-06T12:01:54","guid":{"rendered":"https:\/\/automa.pt\/loja\/?post_type=product&#038;p=7099"},"modified":"2026-01-20T15:34:30","modified_gmt":"2026-01-20T15:34:30","slug":"guima","status":"publish","type":"product","link":"https:\/\/automa.pt\/loja\/produto\/guima\/","title":{"rendered":"Guima"},"content":{"rendered":"<h2>Cal\u00e7ado de Seguran\u00e7a Portcal \u2013 Guima<\/h2>\n<p>O cal\u00e7ado de seguran\u00e7a Portcal Guima S1 \u00e9 a escolha ideal para ambientes de trabalho exigentes, como o setor da log\u00edstica, que requerem longos per\u00edodos de marcha e conforto constante. Este modelo foi desenvolvido para proporcionar o m\u00e1ximo de conforto e prote\u00e7\u00e3o durante o uso prolongado, com uma sola PU diretamente injetada que oferece durabilidade e resist\u00eancia ao desgaste.<\/p>\n<p>O corte perfurante deste cal\u00e7ado facilita a regula\u00e7\u00e3o da temperatura do p\u00e9, tornando-o ideal para ambientes quentes e de movimento constante, garantindo conforto e bem-estar ao longo do dia. A biqueira de fibra de vidro oferece prote\u00e7\u00e3o contra impactos, enquanto a palmilha de Kevlar previne a penetra\u00e7\u00e3o de objetos pontiagudos, sem comprometer a flexibilidade ou o conforto do usu\u00e1rio.<\/p>\n<p>Com forro t\u00eaxtil respir\u00e1vel vermelho, o cal\u00e7ado proporciona ventila\u00e7\u00e3o eficiente, ajudando a manter os p\u00e9s secos e frescos. A sua constru\u00e7\u00e3o 100% n\u00e3o met\u00e1lica oferece maior flexibilidade e adaptabilidade, tornando o modelo ainda mais leve e confort\u00e1vel.<\/p>\n<p>Cumpre os requisitos da Norma EN ISO 20345:2011 S1 PL HI CI FO SR, garantindo seguran\u00e7a e prote\u00e7\u00e3o em ambientes de trabalho que exigem resist\u00eancia ao \u00f3leo, calor, frio e \u00e0 abras\u00e3o.<\/p>\n<p>&nbsp;<\/p>\n<p>&nbsp;<\/p>\n<p>A Portcal \u00e9 uma marca da ICC \u2013 Ind\u00fastrias e Com\u00e9rcio de Cal\u00e7ado, S.A., uma empresa portuguesa l\u00edder nacional na produ\u00e7\u00e3o de cal\u00e7ado de seguran\u00e7a. Desde 1999, a Portcal tem se destacado pela produ\u00e7\u00e3o de cal\u00e7ado de alta qualidade, assegurando conforto e adequa\u00e7\u00e3o \u00e0s diversas exig\u00eancias dos locais de trabalho.<\/p>\n<p>A Portcal \u00e9 reconhecida pela rigorosa sele\u00e7\u00e3o de materiais para a produ\u00e7\u00e3o de cal\u00e7ado resistente e pela sua capacidade de oferecer modelos a pre\u00e7os competitivos. Ao escolher Portcal, voc\u00ea est\u00e1 escolhendo uma marca portuguesa, com o compromisso de garantir os mais elevados n\u00edveis de seguran\u00e7a e conforto no seu ambiente de trabalho.<\/p>\n","protected":false},"excerpt":{"rendered":"<p>O cal\u00e7ado de seguran\u00e7a Portcal Guima S1 \u00e9 a escolha ideal para ambientes de trabalho exigentes, como o setor da log\u00edstica, que requerem longos per\u00edodos de marcha e conforto constante. Este modelo foi desenvolvido para proporcionar o m\u00e1ximo de conforto e prote\u00e7\u00e3o durante o uso prolongado, com uma sola PU diretamente injetada que oferece durabilidade e resist\u00eancia ao desgaste.<\/p>\n<p>Cumpre os requisitos da Norma EN ISO 20345:2011 S1 PL HI CI FO SR, garantindo seguran\u00e7a e prote\u00e7\u00e3o em ambientes de trabalho que exigem resist\u00eancia ao \u00f3leo, ao calor, ao frio e \u00e0 abras\u00e3o.<\/p>\n<p>&nbsp;<\/p>\n<div class=\"elementToProof\">EN ISO 20345:2022 CE S1 PL HI CI FO SR<\/div>\n<div class=\"elementToProof\">Corte em t\u00eaxtil respir\u00e1vel &#8211; cinza.<\/div>\n<div class=\"elementToProof\">Forro em t\u00eaxtil Drylex vermelho.<\/div>\n<div class=\"elementToProof\">Biqueira Composite. Palmilha Kevlar.<\/div>\n<div class=\"elementToProof\">Sola de\u00a0 PU\u00a0diretamente injetado.<\/div>\n","protected":false},"featured_media":7733,"comment_status":"open","ping_status":"closed","template":"","meta":{"_mi_skip_tracking":false},"product_cat":[211,200,193,194,104,190,184,204,205],"product_tag":[159,221,164,166],"class_list":{"0":"post-7099","1":"product","2":"type-product","3":"status-publish","4":"has-post-thumbnail","6":"product_cat-setores-de-atividade-construcao-e-energia","7":"product_cat-setores-de-atividade-horeca-e-servicos-de-saude","8":"product_cat-setores-de-atividade-industria-ligeira-e-logistica","9":"product_cat-setores-de-atividade-industria-pesada-e-atividades-especializadas","10":"product_cat-calcado-de-seguranca","11":"product_cat-calcado-de-seguranca-sapatilha","12":"product_cat-portcal-calcado-de-seguranca","13":"product_cat-novidades-automa","14":"product_cat-automa-promocao","15":"product_tag-calcado-de-seguranca","16":"product_tag-guima","17":"product_tag-portcal","18":"product_tag-sapato","20":"first","21":"instock","22":"sale","23":"taxable","24":"shipping-taxable","25":"purchasable","26":"product-type-variable"},"_links":{"self":[{"href":"https:\/\/automa.pt\/loja\/wp-json\/wp\/v2\/product\/7099","targetHints":{"allow":["GET"]}}],"collection":[{"href":"https:\/\/automa.pt\/loja\/wp-json\/wp\/v2\/product"}],"about":[{"href":"https:\/\/automa.pt\/loja\/wp-json\/wp\/v2\/types\/product"}],"replies":[{"embeddable":true,"href":"https:\/\/automa.pt\/loja\/wp-json\/wp\/v2\/comments?post=7099"}],"wp:featuredmedia":[{"embeddable":true,"href":"https:\/\/automa.pt\/loja\/wp-json\/wp\/v2\/media\/7733"}],"wp:attachment":[{"href":"https:\/\/automa.pt\/loja\/wp-json\/wp\/v2\/media?parent=7099"}],"wp:term":[{"taxonomy":"product_cat","embeddable":true,"href":"https:\/\/automa.pt\/loja\/wp-json\/wp\/v2\/product_cat?post=7099"},{"taxonomy":"product_tag","embeddable":true,"href":"https:\/\/automa.pt\/loja\/wp-json\/wp\/v2\/product_tag?post=7099"}],"curies":[{"name":"wp","href":"https:\/\/api.w.org\/{rel}","templated":true}]}}