{"id":7049,"date":"2025-03-06T10:29:37","date_gmt":"2025-03-06T10:29:37","guid":{"rendered":"https:\/\/automa.pt\/loja\/?post_type=product&#038;p=7049"},"modified":"2025-03-06T10:45:12","modified_gmt":"2025-03-06T10:45:12","slug":"fiorland","status":"publish","type":"product","link":"https:\/\/automa.pt\/loja\/produto\/fiorland\/","title":{"rendered":"Fiorland"},"content":{"rendered":"<h2 data-start=\"65\" data-end=\"109\"><strong data-start=\"67\" data-end=\"107\">Cal\u00e7ado de Seguran\u00e7a Lavoro \u2013 Fiordland<\/strong><\/h2>\n<p data-start=\"0\" data-end=\"226\">A Fiordland \u00e9 um cal\u00e7ado de seguran\u00e7a da classe de prote\u00e7\u00e3o S3 HI CI SRC, reconhecido pelo seu conforto e durabilidade. Foi projetado para suportar ambientes extremos e garantir prote\u00e7\u00e3o eficaz em condi\u00e7\u00f5es adversas.<\/p>\n<p data-start=\"228\" data-end=\"487\">O sistema de atacadores MOZ permite um ajuste preciso, proporcionando estabilidade e conforto ao longo do dia. O forro em pele de cordeiro natural assegura isolamento t\u00e9rmico superior, mantendo os p\u00e9s protegidos contra temperaturas de at\u00e9 -30\u00baC.<\/p>\n<p data-start=\"489\" data-end=\"704\">A sola incorpora o Clima Cork System, que utiliza uma camada de corti\u00e7a natural para melhorar o isolamento t\u00e9rmico e o conforto. Al\u00e9m disso, adapta-se melhor ao formato do p\u00e9 e oferece resist\u00eancia ao desgaste.<\/p>\n<p data-start=\"706\" data-end=\"967\">Onde outro cal\u00e7ado de seguran\u00e7a n\u00e3o cumpre as necessidades, a Fiordland destaca-se pelo seu desempenho e fiabilidade. \u00c9 ideal para a ind\u00fastria do frio, minera\u00e7\u00e3o, offshore e armaz\u00e9ns refrigerados, garantindo conforto e prote\u00e7\u00e3o em ambientes exigentes.<\/p>\n<p data-start=\"969\" data-end=\"1102\" data-is-last-node=\"\" data-is-only-node=\"\">Dispon\u00edvel nos tamanhos 36 a 48, adapta-se a diferentes perfis de utilizadores, assegurando uma experi\u00eancia segura e confort\u00e1vel.<\/p>\n<p data-start=\"1053\" data-end=\"1086\">LAVORO \u2013 Engineering Life<\/p>\n<p>A Lavoro \u00e9 uma refer\u00eancia em cal\u00e7ado profissional. Desde 1988, desenvolve solu\u00e7\u00f5es inovadoras para garantir conforto e prote\u00e7\u00e3o.<\/p>\n<p data-start=\"1228\" data-end=\"1264\">Compromisso com a Qualidade<\/p>\n<p>A marca possui o selo VHQ (Very High Quality), assegurando altos padr\u00f5es de seguran\u00e7a.<\/p>\n<p>Utiliza tecnologias como Clima Cork System e forros t\u00e9rmicos de alto desempenho. Isso garante conforto e prote\u00e7\u00e3o em condi\u00e7\u00f5es extremas.<\/p>\n<p>Escolher a Lavoro \u00e9 optar por inova\u00e7\u00e3o e seguran\u00e7a. O compromisso da marca \u00e9 oferecer desempenho superior em qualquer ambiente profissional.<\/p>\n","protected":false},"excerpt":{"rendered":"<p>A Fiordland \u00e9 uma bota de seguran\u00e7a da classe de prote\u00e7\u00e3o S3 HI CI SRC. Reconhecida pelo seu conforto e durabilidade, foi projetada para suportar ambientes extremos.<\/p>\n<p data-start=\"288\" data-end=\"323\">Prote\u00e7\u00e3o e Ajuste Perfeito<\/p>\n<p>Este modelo conta com um sistema de atacadores (MOZ) que permite um ajuste preciso. Isso garante estabilidade e conforto durante todo o dia.<\/p>\n<p>O forro em pele de cordeiro natural proporciona isolamento t\u00e9rmico superior. Mant\u00e9m os p\u00e9s protegidos contra temperaturas de at\u00e9 -30\u00baC.<\/p>\n","protected":false},"featured_media":7050,"comment_status":"open","ping_status":"closed","template":"","meta":{"_mi_skip_tracking":false},"product_cat":[192,197,194,104,106,112,186,207,204],"product_tag":[],"class_list":{"0":"post-7049","1":"product","2":"type-product","3":"status-publish","4":"has-post-thumbnail","6":"product_cat-setores-de-atividade","7":"product_cat-setores-de-atividade-floresta-agricultura-jardinagem","8":"product_cat-setores-de-atividade-industria-pesada-e-atividades-especializadas","9":"product_cat-calcado-de-seguranca","10":"product_cat-botas","11":"product_cat-biqueira-de-protecao","12":"product_cat-mulher","13":"product_cat-lavoro-automa","14":"product_cat-novidades-automa","16":"first","17":"instock","18":"sale","19":"taxable","20":"shipping-taxable","21":"purchasable","22":"product-type-variable"},"_links":{"self":[{"href":"https:\/\/automa.pt\/loja\/wp-json\/wp\/v2\/product\/7049","targetHints":{"allow":["GET"]}}],"collection":[{"href":"https:\/\/automa.pt\/loja\/wp-json\/wp\/v2\/product"}],"about":[{"href":"https:\/\/automa.pt\/loja\/wp-json\/wp\/v2\/types\/product"}],"replies":[{"embeddable":true,"href":"https:\/\/automa.pt\/loja\/wp-json\/wp\/v2\/comments?post=7049"}],"wp:featuredmedia":[{"embeddable":true,"href":"https:\/\/automa.pt\/loja\/wp-json\/wp\/v2\/media\/7050"}],"wp:attachment":[{"href":"https:\/\/automa.pt\/loja\/wp-json\/wp\/v2\/media?parent=7049"}],"wp:term":[{"taxonomy":"product_cat","embeddable":true,"href":"https:\/\/automa.pt\/loja\/wp-json\/wp\/v2\/product_cat?post=7049"},{"taxonomy":"product_tag","embeddable":true,"href":"https:\/\/automa.pt\/loja\/wp-json\/wp\/v2\/product_tag?post=7049"}],"curies":[{"name":"wp","href":"https:\/\/api.w.org\/{rel}","templated":true}]}}