{"id":6425,"date":"2025-02-10T14:02:06","date_gmt":"2025-02-10T14:02:06","guid":{"rendered":"https:\/\/automa.pt\/loja\/?post_type=product&#038;p=6425"},"modified":"2025-02-10T14:04:08","modified_gmt":"2025-02-10T14:04:08","slug":"tampoes-descartaveis","status":"publish","type":"product","link":"https:\/\/automa.pt\/loja\/produto\/tampoes-descartaveis\/","title":{"rendered":"Tamp\u00f5es Descart\u00e1veis"},"content":{"rendered":"<h2>Tamp\u00f5es Auditivos Descart\u00e1veis \u2013 Prote\u00e7\u00e3o Confort\u00e1vel e Eficaz<\/h2>\n<p>Os Tamp\u00f5es Auditivos Descart\u00e1veis s\u00e3o a solu\u00e7\u00e3o ideal para quem precisa de prote\u00e7\u00e3o auditiva de alto desempenhoem ambientes ruidosos. Certificados pela norma EN 352-2:2020, oferecem um SNR de 37 dB, garantindo uma redu\u00e7\u00e3o eficaz do ru\u00eddo para maior seguran\u00e7a e conforto auditivo.<\/p>\n<p>Fabricados em espuma de poliuretano macia, estes tamp\u00f5es possuem um formato c\u00f3nico, que se adapta perfeitamente ao canal auditivo, proporcionando um ajuste confort\u00e1vel e seguro. Com um di\u00e2metro nominal de 5-10mm, s\u00e3o adequados para diferentes utilizadores, garantindo isolamento eficiente do som sem comprometer o conforto.<\/p>\n<p>Cada par \u00e9 embalado individualmente, garantindo higiene e praticidade, tornando-os ideais para uso em ambientes industriais, constru\u00e7\u00e3o civil, transportes e locais com exposi\u00e7\u00e3o prolongada a ru\u00eddo intenso.<\/p>\n<p>Principais caracter\u00edsticas:<br \/>\n\u2714 Certifica\u00e7\u00e3o EN 352-2:2020, garantindo conformidade com normas de seguran\u00e7a<br \/>\n\u2714 SNR 37 dB, oferecendo excelente atenua\u00e7\u00e3o do ru\u00eddo<br \/>\n\u2714 Espuma de poliuretano macia, para um ajuste confort\u00e1vel e veda\u00e7\u00e3o eficaz<br \/>\n\u2714 Formato c\u00f3nico, adaptando-se facilmente ao canal auditivo<br \/>\n\u2714 Di\u00e2metro nominal de 5-10mm, adequado para diferentes utilizadores<br \/>\n\u2714 Embalados individualmente, garantindo higiene e conveni\u00eancia<\/p>\n<p>Seja para trabalho, viagens ou lazer, os Tamp\u00f5es Auditivos Descart\u00e1veis s\u00e3o uma escolha confi\u00e1vel para quem procura prote\u00e7\u00e3o auditiva eficiente com m\u00e1ximo conforto.<\/p>\n<p>Automa &#8211; Engenharia Industrial &amp; Humana<\/p>\n<p>Especializada em engenharia industrial e em equipamentos de prote\u00e7\u00e3o individual, a AUTOMA est\u00e1 no mundo corporativo h\u00e1 tr\u00eas d\u00e9cadas. As solu\u00e7\u00f5es de automa\u00e7\u00e3o s\u00e3o o core business da Automa desde a sua funda\u00e7\u00e3o, em 1981. A Automa \u00e9 uma empresa de refer\u00eancia no mercado da engenharia industrial. Contudo, oferece tamb\u00e9m solu\u00e7\u00f5es adaptadas a cada cliente nos seus equipamentos de prote\u00e7\u00e3o individual. A Automa tem desenvolvido um comportamento cada vez mais \u00e9tico e sustent\u00e1vel para com o planeta.<\/p>\n<p>Escolher a Automa \u00e9 preferir uma marca constru\u00edda por profissionais para profissionais.<\/p>\n","protected":false},"excerpt":{"rendered":"<p>Os Tamp\u00f5es Auditivos Descart\u00e1veis s\u00e3o a solu\u00e7\u00e3o ideal para quem precisa de prote\u00e7\u00e3o auditiva de alto desempenhoem ambientes ruidosos. Certificados pela norma EN 352-2:2020, oferecem um SNR de 37 dB, garantindo uma redu\u00e7\u00e3o eficaz do ru\u00eddo para maior seguran\u00e7a e conforto auditivo.<\/p>\n<p>&nbsp;<\/p>\n","protected":false},"featured_media":6426,"comment_status":"open","ping_status":"closed","template":"","meta":{"_mi_skip_tracking":false},"product_cat":[203,182],"product_tag":[],"class_list":{"0":"post-6425","1":"product","2":"type-product","3":"status-publish","4":"has-post-thumbnail","6":"product_cat-equipamentos-de-protecao-individual","7":"product_cat-acessorios-protecao","9":"first","10":"instock","11":"taxable","12":"shipping-taxable","13":"purchasable","14":"product-type-simple"},"_links":{"self":[{"href":"https:\/\/automa.pt\/loja\/wp-json\/wp\/v2\/product\/6425","targetHints":{"allow":["GET"]}}],"collection":[{"href":"https:\/\/automa.pt\/loja\/wp-json\/wp\/v2\/product"}],"about":[{"href":"https:\/\/automa.pt\/loja\/wp-json\/wp\/v2\/types\/product"}],"replies":[{"embeddable":true,"href":"https:\/\/automa.pt\/loja\/wp-json\/wp\/v2\/comments?post=6425"}],"wp:featuredmedia":[{"embeddable":true,"href":"https:\/\/automa.pt\/loja\/wp-json\/wp\/v2\/media\/6426"}],"wp:attachment":[{"href":"https:\/\/automa.pt\/loja\/wp-json\/wp\/v2\/media?parent=6425"}],"wp:term":[{"taxonomy":"product_cat","embeddable":true,"href":"https:\/\/automa.pt\/loja\/wp-json\/wp\/v2\/product_cat?post=6425"},{"taxonomy":"product_tag","embeddable":true,"href":"https:\/\/automa.pt\/loja\/wp-json\/wp\/v2\/product_tag?post=6425"}],"curies":[{"name":"wp","href":"https:\/\/api.w.org\/{rel}","templated":true}]}}