{"id":6400,"date":"2025-02-10T12:39:16","date_gmt":"2025-02-10T12:39:16","guid":{"rendered":"https:\/\/automa.pt\/loja\/?post_type=product&#038;p=6400"},"modified":"2025-02-10T12:39:29","modified_gmt":"2025-02-10T12:39:29","slug":"6400","status":"publish","type":"product","link":"https:\/\/automa.pt\/loja\/produto\/6400\/","title":{"rendered":"Protetor Auditivo 20dB"},"content":{"rendered":"<h2>Protetor Auditivo 20dB \u2013 EN 352-1:2020<\/h2>\n<p>O Protetor Auditivo 20dB foi desenvolvido para oferecer prote\u00e7\u00e3o eficaz contra ru\u00eddos moderados, garantindo conforto e seguran\u00e7a ao longo do dia. Certificado pela norma EN 352-1:2020, este equipamento \u00e9 ideal para profissionais que necessitam de redu\u00e7\u00e3o de ru\u00eddo sem comprometer a comunica\u00e7\u00e3o.<\/p>\n<p>As conchas em ABS s\u00e3o leves e resistentes, proporcionando um ajuste confort\u00e1vel e seguro. A banda flex\u00edvel e ajust\u00e1veladapta-se facilmente a diferentes utilizadores, garantindo um encaixe ergon\u00f4mico.<\/p>\n<p>As almofadas em poli\u00e9ster macio oferecem um toque suave e confort\u00e1vel, permitindo o uso prolongado sem causar fadiga. Com um peso reduzido de apenas 97g, este protetor auditivo \u00e9 perfeito para trabalhos em ambientes industriais, oficinas, constru\u00e7\u00e3o civil e outras \u00e1reas que exigem prote\u00e7\u00e3o auditiva.<\/p>\n<p>Principais caracter\u00edsticas:<br \/>\n\u2714 Redu\u00e7\u00e3o de ru\u00eddo de 20dB, ideal para prote\u00e7\u00e3o moderada<br \/>\n\u2714 Conchas em ABS leves e resistentes<br \/>\n\u2714 Banda flex\u00edvel e ajust\u00e1vel para maior conforto e estabilidade<br \/>\n\u2714 Almofadas em poli\u00e9ster macio, garantindo suavidade no contato com a pele<br \/>\n\u2714 Peso leve (97g) para uso prolongado sem desconforto<br \/>\n\u2714 Conformidade com EN 352-1:2020, garantindo qualidade e seguran\u00e7a<\/p>\n<p>Seja no trabalho ou em ambientes ruidosos, o Protetor Auditivo 20dB \u00e9 uma escolha confi\u00e1vel para quem procura prote\u00e7\u00e3o, conforto e praticidade.<\/p>\n<h2><b>Automa &#8211; Engenharia Industrial &amp; Humana<\/b><\/h2>\n<p>Especializada em engenharia industrial e em equipamentos de prote\u00e7\u00e3o individual, a AUTOMA est\u00e1 no mundo corporativo h\u00e1 tr\u00eas d\u00e9cadas. As solu\u00e7\u00f5es de automa\u00e7\u00e3o s\u00e3o o core business da Automa desde a sua funda\u00e7\u00e3o, em 1981. A Automa \u00e9 uma empresa de refer\u00eancia no mercado da engenharia industrial. Contudo, oferece tamb\u00e9m solu\u00e7\u00f5es adaptadas a cada cliente nos seus equipamentos de prote\u00e7\u00e3o individual. A Automa tem desenvolvido um comportamento cada vez mais \u00e9tico e sustent\u00e1vel para com o planeta.<\/p>\n<p>Escolher a Automa \u00e9 preferir uma marca constru\u00edda por profissionais para profissionais.<\/p>\n","protected":false},"excerpt":{"rendered":"<p>O Protetor Auditivo 20dB foi desenvolvido para oferecer prote\u00e7\u00e3o eficaz contra ru\u00eddos moderados, garantindo conforto e seguran\u00e7a ao longo do dia. Certificado pela norma EN 352-1:2020, este equipamento \u00e9 ideal para profissionais que necessitam de redu\u00e7\u00e3o de ru\u00eddo sem comprometer a comunica\u00e7\u00e3o.<\/p>\n","protected":false},"featured_media":6401,"comment_status":"open","ping_status":"closed","template":"","meta":{"_mi_skip_tracking":false},"product_cat":[203,182],"product_tag":[],"class_list":{"0":"post-6400","1":"product","2":"type-product","3":"status-publish","4":"has-post-thumbnail","6":"product_cat-equipamentos-de-protecao-individual","7":"product_cat-acessorios-protecao","9":"first","10":"instock","11":"taxable","12":"shipping-taxable","13":"purchasable","14":"product-type-simple"},"_links":{"self":[{"href":"https:\/\/automa.pt\/loja\/wp-json\/wp\/v2\/product\/6400","targetHints":{"allow":["GET"]}}],"collection":[{"href":"https:\/\/automa.pt\/loja\/wp-json\/wp\/v2\/product"}],"about":[{"href":"https:\/\/automa.pt\/loja\/wp-json\/wp\/v2\/types\/product"}],"replies":[{"embeddable":true,"href":"https:\/\/automa.pt\/loja\/wp-json\/wp\/v2\/comments?post=6400"}],"wp:featuredmedia":[{"embeddable":true,"href":"https:\/\/automa.pt\/loja\/wp-json\/wp\/v2\/media\/6401"}],"wp:attachment":[{"href":"https:\/\/automa.pt\/loja\/wp-json\/wp\/v2\/media?parent=6400"}],"wp:term":[{"taxonomy":"product_cat","embeddable":true,"href":"https:\/\/automa.pt\/loja\/wp-json\/wp\/v2\/product_cat?post=6400"},{"taxonomy":"product_tag","embeddable":true,"href":"https:\/\/automa.pt\/loja\/wp-json\/wp\/v2\/product_tag?post=6400"}],"curies":[{"name":"wp","href":"https:\/\/api.w.org\/{rel}","templated":true}]}}