{"id":6384,"date":"2025-02-10T12:27:46","date_gmt":"2025-02-10T12:27:46","guid":{"rendered":"https:\/\/automa.pt\/loja\/?post_type=product&#038;p=6384"},"modified":"2025-02-10T12:29:53","modified_gmt":"2025-02-10T12:29:53","slug":"oculos-univet","status":"publish","type":"product","link":"https:\/\/automa.pt\/loja\/produto\/oculos-univet\/","title":{"rendered":"\u00d3culos Univet"},"content":{"rendered":"<h2>\u00d3culos de Prote\u00e7\u00e3o UNIVET<\/h2>\n<p>Os \u00d3culos de Prote\u00e7\u00e3o UNIVET foram desenvolvidos para garantir seguran\u00e7a e conforto em ambientes de trabalho exigentes. Cumprindo as normas EN 166:2001 e EN 170:2002, oferecem prote\u00e7\u00e3o ocular confi\u00e1vel contra impactos, poeiras e radia\u00e7\u00e3o UV.<\/p>\n<p>As lentes em policarbonato s\u00e3o altamente resistentes a impactos, garantindo durabilidade e visibilidade clara durante o uso. As hastes antiderrapantes e regul\u00e1veis permitem um ajuste perfeito a diferentes formatos de rosto, proporcionando maior estabilidade e conforto ao longo do dia.<\/p>\n<p>Com um peso ultraleve de apenas 25g, estes \u00f3culos s\u00e3o ideais para longos per\u00edodos de utiliza\u00e7\u00e3o sem causar fadiga. Seja na ind\u00fastria, constru\u00e7\u00e3o civil, laborat\u00f3rios ou outros ambientes de risco, os \u00d3culos de Prote\u00e7\u00e3o UNIVET s\u00e3o a escolha certa para quem valoriza seguran\u00e7a e praticidade.<\/p>\n<p>Principais caracter\u00edsticas:<br \/>\n\u2714 Lentes em policarbonato para resist\u00eancia a impactos e m\u00e1xima prote\u00e7\u00e3o<br \/>\n\u2714 Hastes antiderrapantes para ajuste seguro e confort\u00e1vel<br \/>\n\u2714 Regul\u00e1veis, adaptando-se a diferentes utilizadores<br \/>\n\u2714 Peso ultraleve (25g) para uso prolongado sem desconforto<br \/>\n\u2714 Conformidade com EN 166:2001 e EN 170:2002, garantindo qualidade e seguran\u00e7a<\/p>\n<p>Proteja a sua vis\u00e3o com os \u00d3culos de Prote\u00e7\u00e3o UNIVET, um equipamento essencial para ambientes de trabalho exigentes.<\/p>\n<h2>Automa &#8211; Engenharia Industrial &amp; Humana<\/h2>\n<p>Especializada em engenharia industrial e em equipamentos de prote\u00e7\u00e3o individual, a AUTOMA est\u00e1 no mundo corporativo h\u00e1 tr\u00eas d\u00e9cadas. As solu\u00e7\u00f5es de automa\u00e7\u00e3o s\u00e3o o core business da Automa desde a sua funda\u00e7\u00e3o, em 1981. A Automa \u00e9 uma empresa de refer\u00eancia no mercado da engenharia industrial. Contudo, oferece tamb\u00e9m solu\u00e7\u00f5es adaptadas a cada cliente nos seus equipamentos de prote\u00e7\u00e3o individual. A Automa tem desenvolvido um comportamento cada vez mais \u00e9tico e sustent\u00e1vel para com o planeta.<\/p>\n<p>Escolher a Automa \u00e9 preferir uma marca constru\u00edda por profissionais para profissionais.<\/p>\n","protected":false},"excerpt":{"rendered":"<p>\u00d3culos de Prote\u00e7\u00e3o UNIVET Os \u00d3culos de Prote\u00e7\u00e3o UNIVET foram desenvolvidos para garantir seguran\u00e7a e conforto em ambientes de trabalho exigentes. Cumprindo as normas EN 166:2001 e EN 170:2002, oferecem prote\u00e7\u00e3o ocular confi\u00e1vel contra impactos, poeiras e radia\u00e7\u00e3o UV. As lentes em policarbonato s\u00e3o altamente resistentes a impactos, garantindo durabilidade e visibilidade clara durante o [&hellip;]<\/p>\n","protected":false},"featured_media":6385,"comment_status":"open","ping_status":"closed","template":"","meta":{"_mi_skip_tracking":false},"product_cat":[203,118],"product_tag":[],"class_list":{"0":"post-6384","1":"product","2":"type-product","3":"status-publish","4":"has-post-thumbnail","6":"product_cat-equipamentos-de-protecao-individual","7":"product_cat-protecao-dos-olhos-olhos","9":"first","10":"instock","11":"taxable","12":"shipping-taxable","13":"purchasable","14":"product-type-simple"},"_links":{"self":[{"href":"https:\/\/automa.pt\/loja\/wp-json\/wp\/v2\/product\/6384","targetHints":{"allow":["GET"]}}],"collection":[{"href":"https:\/\/automa.pt\/loja\/wp-json\/wp\/v2\/product"}],"about":[{"href":"https:\/\/automa.pt\/loja\/wp-json\/wp\/v2\/types\/product"}],"replies":[{"embeddable":true,"href":"https:\/\/automa.pt\/loja\/wp-json\/wp\/v2\/comments?post=6384"}],"wp:featuredmedia":[{"embeddable":true,"href":"https:\/\/automa.pt\/loja\/wp-json\/wp\/v2\/media\/6385"}],"wp:attachment":[{"href":"https:\/\/automa.pt\/loja\/wp-json\/wp\/v2\/media?parent=6384"}],"wp:term":[{"taxonomy":"product_cat","embeddable":true,"href":"https:\/\/automa.pt\/loja\/wp-json\/wp\/v2\/product_cat?post=6384"},{"taxonomy":"product_tag","embeddable":true,"href":"https:\/\/automa.pt\/loja\/wp-json\/wp\/v2\/product_tag?post=6384"}],"curies":[{"name":"wp","href":"https:\/\/api.w.org\/{rel}","templated":true}]}}