{"id":6200,"date":"2025-01-07T17:34:17","date_gmt":"2025-01-07T17:34:17","guid":{"rendered":"https:\/\/automa.pt\/loja\/?post_type=product&#038;p=6200"},"modified":"2025-04-16T16:52:14","modified_gmt":"2025-04-16T16:52:14","slug":"dragon-black","status":"publish","type":"product","link":"https:\/\/automa.pt\/loja\/produto\/dragon-black\/","title":{"rendered":"Dragon Black"},"content":{"rendered":"<h2><strong>Cal\u00e7ado de Seguran\u00e7a Lavoro\u00a0<\/strong><\/h2>\n<h2><strong>Cal\u00e7ado de Seguran\u00e7a Dragon Black<\/strong><\/h2>\n<p>A Dragon Black \u00e9 um cal\u00e7ado de seguran\u00e7a que atende \u00e0s necessidades dos profissionais da ind\u00fastria pesada, principalmente a n\u00edvel de prote\u00e7\u00e3o e conforto. Equipado com recursos avan\u00e7ados, \u00e9 a escolha ideal para profissionais que procuram um cal\u00e7ado de qualidade.<\/p>\n<p>A biqueira em composite e palmilha Kevlar proporciona uma alta prote\u00e7\u00e3o contra impactos e perfura\u00e7\u00f5es, garantindo a seguran\u00e7a e conforto. A sola em PU oferece excelente ader\u00eancia e durabilidade em uma variedade de superf\u00edcies, garantindo estabilidade e seguran\u00e7a ao caminhar.<\/p>\n<p>A Dragon Black cont\u00e9m tecnologia ESD, que protege contra descargas eletrost\u00e1ticas, sendo ideal para ambientes sens\u00edveis. Com certifica\u00e7\u00e3o CCS (Controlo de Contamina\u00e7\u00e3o Est\u00e1tica), este cal\u00e7ado oferece ainda mais seguran\u00e7a em locais onde a eletricidade est\u00e1tica \u00e9 uma preocupa\u00e7\u00e3o.<\/p>\n<p>Resistente at\u00e9 300\u00ba Celsius e totalmente n\u00e3o met\u00e1lico, este modelo oferece uma prote\u00e7\u00e3o excecional em condi\u00e7\u00f5es extremas. Em resumo, a Dragon Black \u00e9 uma escolha ideal para profissionais que procuram um cal\u00e7ado resistente, seguro e confort\u00e1vel.<\/p>\n<p>Este \u00e9 um cal\u00e7ado de seguran\u00e7a que cumpre os requisitos da Norma EN ISO 20345:2011 S3 SRC.<\/p>\n<p>As suas carater\u00edsticas S3 indicam que tem mais do que seguran\u00e7a b\u00e1sica. O cal\u00e7ado \u00e9 antiderrapante e tem uma biqueira de seguran\u00e7a que protege os seus p\u00e9s contra impactos at\u00e9 200J. Tem a regi\u00e3o do calcanhar fechada e um sistema de absor\u00e7\u00e3o de energia no calcanhar, \u00e9 anti est\u00e1tico e resistente a \u00f3leos. Previne a penetra\u00e7\u00e3o e absor\u00e7\u00e3o de \u00e1gua e tem uma palmilha de prote\u00e7\u00e3o contra objetos pontiagudos.<\/p>\n<p>&nbsp;<\/p>\n<h3><strong>LAVORO &#8211; Engineering Life<\/strong><\/h3>\n<p>A Lavoro \u00e9 uma marca que possu\u00ed o selo VHQ (Very High Quality) que acrescenta um atestado de conformidade do cal\u00e7ado profissional com a adequada manuten\u00e7\u00e3o da sa\u00fade do p\u00e9 em contexto laboral. Desde 1988, a Lavoro \u00e9 um dos mais renomados produtores europeus de cal\u00e7ado profissional com uma procura constante pelo melhor. As carater\u00edsticas CLIMA CORK SYSTEM e RSA est\u00e3o presentes em alguns modelos e \u00e9 o que torna a Lavoro \u00fanica e inovativa.<\/p>\n<p>Escolher a Lavoro \u00e9 preferir uma marca de cal\u00e7ado de seguran\u00e7a com carater\u00edsticas inovativas que permitem o maior conforto.<\/p>\n","protected":false},"excerpt":{"rendered":"<p>Cal\u00e7ado de Seguran\u00e7a Lavoro\u00a0 Cal\u00e7ado de Seguran\u00e7a Dragon Black A Dragon Black \u00e9 um cal\u00e7ado de seguran\u00e7a que atende \u00e0s necessidades dos profissionais da ind\u00fastria pesada, principalmente a n\u00edvel de prote\u00e7\u00e3o e conforto. Equipado com recursos avan\u00e7ados, \u00e9 a escolha ideal para profissionais que procuram um cal\u00e7ado de qualidade. A biqueira em composite e palmilha [&hellip;]<\/p>\n","protected":false},"featured_media":6242,"comment_status":"open","ping_status":"closed","template":"","meta":{"_mi_skip_tracking":false},"product_cat":[211,194,104,106,186,207],"product_tag":[162,159,160,163],"class_list":{"0":"post-6200","1":"product","2":"type-product","3":"status-publish","4":"has-post-thumbnail","6":"product_cat-setores-de-atividade-construcao-e-energia","7":"product_cat-setores-de-atividade-industria-pesada-e-atividades-especializadas","8":"product_cat-calcado-de-seguranca","9":"product_cat-botas","10":"product_cat-mulher","11":"product_cat-lavoro-automa","12":"product_tag-botas","13":"product_tag-calcado-de-seguranca","14":"product_tag-calcado-profissional","15":"product_tag-lavoro","17":"first","18":"instock","19":"sale","20":"sold-individually","21":"taxable","22":"shipping-taxable","23":"purchasable","24":"product-type-variable","25":"has-default-attributes"},"_links":{"self":[{"href":"https:\/\/automa.pt\/loja\/wp-json\/wp\/v2\/product\/6200","targetHints":{"allow":["GET"]}}],"collection":[{"href":"https:\/\/automa.pt\/loja\/wp-json\/wp\/v2\/product"}],"about":[{"href":"https:\/\/automa.pt\/loja\/wp-json\/wp\/v2\/types\/product"}],"replies":[{"embeddable":true,"href":"https:\/\/automa.pt\/loja\/wp-json\/wp\/v2\/comments?post=6200"}],"wp:featuredmedia":[{"embeddable":true,"href":"https:\/\/automa.pt\/loja\/wp-json\/wp\/v2\/media\/6242"}],"wp:attachment":[{"href":"https:\/\/automa.pt\/loja\/wp-json\/wp\/v2\/media?parent=6200"}],"wp:term":[{"taxonomy":"product_cat","embeddable":true,"href":"https:\/\/automa.pt\/loja\/wp-json\/wp\/v2\/product_cat?post=6200"},{"taxonomy":"product_tag","embeddable":true,"href":"https:\/\/automa.pt\/loja\/wp-json\/wp\/v2\/product_tag?post=6200"}],"curies":[{"name":"wp","href":"https:\/\/api.w.org\/{rel}","templated":true}]}}