{"id":5580,"date":"2024-04-02T10:12:09","date_gmt":"2024-04-02T10:12:09","guid":{"rendered":"https:\/\/automa.pt\/humana\/?post_type=product&#038;p=5580"},"modified":"2025-02-25T10:58:15","modified_gmt":"2025-02-25T10:58:15","slug":"patrol-2-1","status":"publish","type":"product","link":"https:\/\/automa.pt\/loja\/produto\/patrol-2-1\/","title":{"rendered":"Patrol 2.1"},"content":{"rendered":"<h1>Patrol 2.1<\/h1>\n<h2>Cal\u00e7ado de Seguran\u00e7a<\/h2>\n<p>O cal\u00e7ado de seguran\u00e7a Patrol 2.1 foi desenvolvido para profissionais que trabalham em condi\u00e7\u00f5es extremas. \u00c9 ideal para resgates, servi\u00e7os de bombeiros, ambul\u00e2ncias e for\u00e7as de seguran\u00e7a. Este modelo oferece uma combina\u00e7\u00e3o \u00fanica de prote\u00e7\u00e3o, durabilidade e conforto. Sendo a escolha ideal para quem enfrenta desafios di\u00e1rios no ambiente laboral.<\/p>\n<p>O Patrol 2.1 possui biqueira de a\u00e7o e palmilha de a\u00e7o, garantindo prote\u00e7\u00e3o eficaz contra impactos at\u00e9 200J e contra perfura\u00e7\u00f5es causadas por objetos pontiagudos. A sua sola de PU diretamente injetada com borracha garante excelente resist\u00eancia \u00e0 abras\u00e3o e oferece ader\u00eancia m\u00e1xima em superf\u00edcies escorregadias, proporcionando estabilidade mesmo em ambientes adversos. A sola suporta temperaturas extremas de at\u00e9 300\u00b0C, o que o torna ainda mais adequado para ambientes industriais.<\/p>\n<p>O cal\u00e7ado \u00e9 feito com pele Full Grain Water Repellent, garantindo resist\u00eancia \u00e0 \u00e1gua e mantendo os p\u00e9s secos, mesmo em condi\u00e7\u00f5es de trabalho \u00famidas. O forro em Cambrelle t\u00eaxtil respir\u00e1vel permite que o cal\u00e7ado se mantenha ventilado, ajudando a reduzir a acumula\u00e7\u00e3o de humidade e aumentando o conforto dos p\u00e9s durante longos per\u00edodos de uso.<\/p>\n<p>Cumprindo a Norma EN ISO 20345:2011 CE S3 HRO SRC. O Patrol 2.1 \u00e9 altamente seguro, oferecendo prote\u00e7\u00e3o adicional contra \u00f3leos, subst\u00e2ncias escorregadias e impactos. A absor\u00e7\u00e3o de energia no calcanhar \u00e9 uma caracter\u00edstica que reduz o impacto nas articula\u00e7\u00f5es durante o trabalho intenso. Al\u00e9m disso, a sua prote\u00e7\u00e3o contra penetra\u00e7\u00e3o de \u00e1gua e objetos pontiagudos faz dele a escolha ideal para profissionais exigentes.<\/p>\n<p>Dispon\u00edvel nos tamanhos 35 a 47, o Patrol 2.1 adapta-se a diferentes utilizadores, garantindo conforto e seguran\u00e7a em qualquer atividade.<\/p>\n<h2>LAVORO &#8211; Engineering Life<\/h2>\n<p>A Lavoro \u00e9 uma marca que possu\u00ed o selo VHQ (Very High Quality) que acrescenta um atestado de conformidade do cal\u00e7ado profissional com a adequada manuten\u00e7\u00e3o da sa\u00fade do p\u00e9 em contexto laboral. Desde 1988, a Lavoro \u00e9 um dos mais renomados produtores europeus de cal\u00e7ado profissional com uma procura constante pelo melhor. As carater\u00edsticas CLIMA CORK SYSTEM e RSA est\u00e3o presentes em alguns modelos e \u00e9 o que torna a Lavoro \u00fanica e inovativa.<\/p>\n<p>Escolher a Lavoro \u00e9 preferir uma marca de cal\u00e7ado de seguran\u00e7a com carater\u00edsticas inovativas que permitem o maior conforto.<\/p>\n<p>&nbsp;<\/p>\n","protected":false},"excerpt":{"rendered":"<p>Patrol 2.1 Cal\u00e7ado de Seguran\u00e7a O cal\u00e7ado de seguran\u00e7a Patrol 2.1 foi desenvolvido para profissionais que trabalham em condi\u00e7\u00f5es extremas. \u00c9 ideal para resgates, servi\u00e7os de bombeiros, ambul\u00e2ncias e for\u00e7as de seguran\u00e7a. Este modelo oferece uma combina\u00e7\u00e3o \u00fanica de prote\u00e7\u00e3o, durabilidade e conforto. Sendo a escolha ideal para quem enfrenta desafios di\u00e1rios no ambiente laboral. [&hellip;]<\/p>\n","protected":false},"featured_media":6194,"comment_status":"open","ping_status":"closed","template":"","meta":{"_mi_skip_tracking":false},"product_cat":[198,199,104,207],"product_tag":[],"class_list":{"0":"post-5580","1":"product","2":"type-product","3":"status-publish","4":"has-post-thumbnail","6":"product_cat-setores-de-atividade-incendio-e-resgate","7":"product_cat-setores-de-atividade-militar-e-servicos-de-seguranca","8":"product_cat-calcado-de-seguranca","9":"product_cat-lavoro-automa","11":"first","12":"instock","13":"sale","14":"taxable","15":"shipping-taxable","16":"purchasable","17":"product-type-variable"},"_links":{"self":[{"href":"https:\/\/automa.pt\/loja\/wp-json\/wp\/v2\/product\/5580","targetHints":{"allow":["GET"]}}],"collection":[{"href":"https:\/\/automa.pt\/loja\/wp-json\/wp\/v2\/product"}],"about":[{"href":"https:\/\/automa.pt\/loja\/wp-json\/wp\/v2\/types\/product"}],"replies":[{"embeddable":true,"href":"https:\/\/automa.pt\/loja\/wp-json\/wp\/v2\/comments?post=5580"}],"wp:featuredmedia":[{"embeddable":true,"href":"https:\/\/automa.pt\/loja\/wp-json\/wp\/v2\/media\/6194"}],"wp:attachment":[{"href":"https:\/\/automa.pt\/loja\/wp-json\/wp\/v2\/media?parent=5580"}],"wp:term":[{"taxonomy":"product_cat","embeddable":true,"href":"https:\/\/automa.pt\/loja\/wp-json\/wp\/v2\/product_cat?post=5580"},{"taxonomy":"product_tag","embeddable":true,"href":"https:\/\/automa.pt\/loja\/wp-json\/wp\/v2\/product_tag?post=5580"}],"curies":[{"name":"wp","href":"https:\/\/api.w.org\/{rel}","templated":true}]}}