{"id":5579,"date":"2024-04-02T10:11:10","date_gmt":"2024-04-02T10:11:10","guid":{"rendered":"https:\/\/automa.pt\/humana\/?post_type=product&#038;p=5579"},"modified":"2025-06-13T15:05:47","modified_gmt":"2025-06-13T15:05:47","slug":"patrol-5-1","status":"publish","type":"product","link":"https:\/\/automa.pt\/loja\/produto\/patrol-5-1\/","title":{"rendered":"Patrol 5.1"},"content":{"rendered":"<p data-start=\"227\" data-end=\"262\">Cal\u00e7ado de Seguran\u00e7a Patrol 5.1<\/p>\n<p data-start=\"264\" data-end=\"536\">O cal\u00e7ado de seguran\u00e7a Patrol 5.1 foi projetado para responder a ambientes operacionais exigentes, como os enfrentados pelas equipas de resposta a emerg\u00eancias. Este modelo destaca-se por ser 100% n\u00e3o met\u00e1lico, proporcionando leveza e mobilidade sem comprometer a prote\u00e7\u00e3o.<\/p>\n<p data-start=\"538\" data-end=\"800\">A biqueira em fibra de vidro e a palmilha em Kevlar asseguram uma defesa robusta contra impactos e perfura\u00e7\u00f5es. A sola VIBRAM, aliada \u00e0 prote\u00e7\u00e3o antifogo, garante resist\u00eancia em situa\u00e7\u00f5es de calor extremo e excelente tra\u00e7\u00e3o em pisos irregulares ou escorregadios.<\/p>\n<p data-start=\"802\" data-end=\"968\">Com propriedades antiderrapantes, antiest\u00e1ticas e repelente \u00e0 \u00e1gua, a Patrol 5.1 \u00e9 uma escolha segura e vers\u00e1til para quem exige mais do cal\u00e7ado t\u00e9cnico profissional.<\/p>\n<p data-start=\"970\" data-end=\"1051\">EN ISO 20347:2011 O3 HRO SRC HI CI WRO<br data-start=\"1012\" data-end=\"1015\" \/>EN ISO 15090:2012 HI3 F2A TIPO 2<\/p>\n<p data-start=\"1058\" data-end=\"1087\">LAVORO \u2013 Engineering Life<\/p>\n<p data-start=\"1089\" data-end=\"1510\">A Lavoro \u00e9 uma marca que possui o selo VHQ (Very High Quality), garantindo a conformidade do cal\u00e7ado profissional com a adequada manuten\u00e7\u00e3o da sa\u00fade do p\u00e9 em contexto laboral. Desde 1988, a Lavoro \u00e9 um dos mais reconhecidos produtores europeus de cal\u00e7ado profissional, com um compromisso cont\u00ednuo com a inova\u00e7\u00e3o e o desempenho. As tecnologias exclusivas CLIMA CORK SYSTEM e RSA est\u00e3o presentes em v\u00e1rios modelos da marca.<\/p>\n<p data-start=\"1512\" data-end=\"1610\">Escolher a Lavoro \u00e9 confiar num cal\u00e7ado de seguran\u00e7a que alia engenharia, conforto e durabilidade.<\/p>\n","protected":false},"excerpt":{"rendered":"<p data-start=\"1725\" data-end=\"1991\">O Patrol 5.1 \u00e9 um modelo 100% n\u00e3o met\u00e1lico, leve e t\u00e9cnico, desenvolvido para enfrentar cen\u00e1rios de risco com o m\u00e1ximo conforto e seguran\u00e7a. Com sola VIBRAM, prote\u00e7\u00e3o antifogo, biqueira em fibra de vidro e palmilha em Kevlar, assegura desempenho e prote\u00e7\u00e3o avan\u00e7ada.<\/p>\n<p data-start=\"1993\" data-end=\"2074\">EN ISO 20347:2011 O3 HRO SRC HI CI WRO<br data-start=\"2035\" data-end=\"2038\" \/>EN ISO 15090:2012 HI3 F2A TIPO 2<\/p>\n","protected":false},"featured_media":7351,"comment_status":"open","ping_status":"closed","template":"","meta":{"_mi_skip_tracking":false},"product_cat":[198,199,106,186,207],"product_tag":[],"class_list":{"0":"post-5579","1":"product","2":"type-product","3":"status-publish","4":"has-post-thumbnail","6":"product_cat-setores-de-atividade-incendio-e-resgate","7":"product_cat-setores-de-atividade-militar-e-servicos-de-seguranca","8":"product_cat-botas","9":"product_cat-mulher","10":"product_cat-lavoro-automa","12":"first","13":"instock","14":"taxable","15":"shipping-taxable","16":"product-type-variable"},"_links":{"self":[{"href":"https:\/\/automa.pt\/loja\/wp-json\/wp\/v2\/product\/5579","targetHints":{"allow":["GET"]}}],"collection":[{"href":"https:\/\/automa.pt\/loja\/wp-json\/wp\/v2\/product"}],"about":[{"href":"https:\/\/automa.pt\/loja\/wp-json\/wp\/v2\/types\/product"}],"replies":[{"embeddable":true,"href":"https:\/\/automa.pt\/loja\/wp-json\/wp\/v2\/comments?post=5579"}],"wp:featuredmedia":[{"embeddable":true,"href":"https:\/\/automa.pt\/loja\/wp-json\/wp\/v2\/media\/7351"}],"wp:attachment":[{"href":"https:\/\/automa.pt\/loja\/wp-json\/wp\/v2\/media?parent=5579"}],"wp:term":[{"taxonomy":"product_cat","embeddable":true,"href":"https:\/\/automa.pt\/loja\/wp-json\/wp\/v2\/product_cat?post=5579"},{"taxonomy":"product_tag","embeddable":true,"href":"https:\/\/automa.pt\/loja\/wp-json\/wp\/v2\/product_tag?post=5579"}],"curies":[{"name":"wp","href":"https:\/\/api.w.org\/{rel}","templated":true}]}}