{"id":5578,"date":"2024-04-02T10:09:02","date_gmt":"2024-04-02T10:09:02","guid":{"rendered":"https:\/\/automa.pt\/humana\/?post_type=product&#038;p=5578"},"modified":"2025-06-13T15:11:18","modified_gmt":"2025-06-13T15:11:18","slug":"flame-5-1","status":"publish","type":"product","link":"https:\/\/automa.pt\/loja\/produto\/flame-5-1\/","title":{"rendered":"Flame 5.1"},"content":{"rendered":"<p data-start=\"231\" data-end=\"265\">Cal\u00e7ado de Seguran\u00e7a Flame 5.1<\/p>\n<p data-start=\"267\" data-end=\"473\">O cal\u00e7ado de seguran\u00e7a Flame 5.1 foi desenvolvido para contextos de risco t\u00e9rmico e operacional elevado, garantindo prote\u00e7\u00e3o, conforto e desempenho em situa\u00e7\u00f5es exigentes como as que enfrentam os Bombeiros.<\/p>\n<p data-start=\"475\" data-end=\"813\">Com sola VIBRAM de alta tra\u00e7\u00e3o e resist\u00eancia ao calor, e membrana SYMPATEX que repele a \u00e1gua, proporciona ader\u00eancia e conforto mesmo em ambientes h\u00famidos e escorregadios. A Flame 5.1 \u00e9 100% n\u00e3o met\u00e1lica, com biqueira em fibra de vidro e palmilha Kevlar, assegurando prote\u00e7\u00e3o eficaz contra impactos e perfura\u00e7\u00f5es, sem comprometer a leveza.<\/p>\n<p data-start=\"815\" data-end=\"1005\">Inclui ainda prote\u00e7\u00e3o antifogo, refor\u00e7o nos mal\u00e9olos e propriedades antiest\u00e1ticas, antiderrapantes e de isolamento t\u00e9rmico, tornando-a uma escolha segura e funcional em terrenos desafiantes.<\/p>\n<p data-start=\"1007\" data-end=\"1090\">EN ISO 15090:2012 TIPO 2 HI3 F2A<br data-start=\"1043\" data-end=\"1046\" \/>EN ISO 20345:2011 S3 HRO SRC HI CI AN WR<\/p>\n<p data-start=\"1097\" data-end=\"1126\">LAVORO \u2013 Engineering Life<\/p>\n<p data-start=\"1128\" data-end=\"1549\">A Lavoro \u00e9 uma marca que possui o selo VHQ (Very High Quality), garantindo a conformidade do cal\u00e7ado profissional com a adequada manuten\u00e7\u00e3o da sa\u00fade do p\u00e9 em contexto laboral. Desde 1988, a Lavoro \u00e9 um dos mais reconhecidos produtores europeus de cal\u00e7ado profissional, com um compromisso cont\u00ednuo com a inova\u00e7\u00e3o e o desempenho. As tecnologias exclusivas CLIMA CORK SYSTEM e RSA est\u00e3o presentes em v\u00e1rios modelos da marca.<\/p>\n<p data-start=\"1551\" data-end=\"1649\">Escolher a Lavoro \u00e9 confiar num cal\u00e7ado de seguran\u00e7a que alia engenharia, conforto e durabilidade.<\/p>\n","protected":false},"excerpt":{"rendered":"<p data-start=\"1731\" data-end=\"1762\">CAL\u00c7ADO DE SEGURAN\u00c7A LAVORO<\/p>\n<p data-start=\"1764\" data-end=\"2018\">O Flame 5.1 \u00e9 um modelo t\u00e9cnico, leve e n\u00e3o met\u00e1lico, concebido para enfrentar ambientes de risco t\u00e9rmico e f\u00edsico com o m\u00e1ximo de prote\u00e7\u00e3o. Com sola VIBRAM, membrana SYMPATEX, prote\u00e7\u00e3o antifogo e refor\u00e7o de mal\u00e9olos, alia robustez, conforto e seguran\u00e7a.<\/p>\n<p data-start=\"2020\" data-end=\"2103\">EN ISO 15090:2012 TIPO 2 HI3 F2A<br data-start=\"2056\" data-end=\"2059\" \/>EN ISO 20345:2011 S3 HRO SRC HI CI AN WR<\/p>\n","protected":false},"featured_media":7338,"comment_status":"open","ping_status":"closed","template":"","meta":{"_mi_skip_tracking":false},"product_cat":[198,106,186,207],"product_tag":[],"class_list":{"0":"post-5578","1":"product","2":"type-product","3":"status-publish","4":"has-post-thumbnail","6":"product_cat-setores-de-atividade-incendio-e-resgate","7":"product_cat-botas","8":"product_cat-mulher","9":"product_cat-lavoro-automa","11":"first","12":"instock","13":"taxable","14":"shipping-taxable","15":"product-type-variable"},"_links":{"self":[{"href":"https:\/\/automa.pt\/loja\/wp-json\/wp\/v2\/product\/5578","targetHints":{"allow":["GET"]}}],"collection":[{"href":"https:\/\/automa.pt\/loja\/wp-json\/wp\/v2\/product"}],"about":[{"href":"https:\/\/automa.pt\/loja\/wp-json\/wp\/v2\/types\/product"}],"replies":[{"embeddable":true,"href":"https:\/\/automa.pt\/loja\/wp-json\/wp\/v2\/comments?post=5578"}],"wp:featuredmedia":[{"embeddable":true,"href":"https:\/\/automa.pt\/loja\/wp-json\/wp\/v2\/media\/7338"}],"wp:attachment":[{"href":"https:\/\/automa.pt\/loja\/wp-json\/wp\/v2\/media?parent=5578"}],"wp:term":[{"taxonomy":"product_cat","embeddable":true,"href":"https:\/\/automa.pt\/loja\/wp-json\/wp\/v2\/product_cat?post=5578"},{"taxonomy":"product_tag","embeddable":true,"href":"https:\/\/automa.pt\/loja\/wp-json\/wp\/v2\/product_tag?post=5578"}],"curies":[{"name":"wp","href":"https:\/\/api.w.org\/{rel}","templated":true}]}}