{"id":5577,"date":"2024-04-02T10:08:02","date_gmt":"2024-04-02T10:08:02","guid":{"rendered":"https:\/\/automa.pt\/humana\/?post_type=product&#038;p=5577"},"modified":"2025-06-13T15:11:57","modified_gmt":"2025-06-13T15:11:57","slug":"fenix-5-1","status":"publish","type":"product","link":"https:\/\/automa.pt\/loja\/produto\/fenix-5-1\/","title":{"rendered":"F\u00e9nix 5.1"},"content":{"rendered":"<p data-start=\"167\" data-end=\"205\">Cal\u00e7ado de Seguran\u00e7a F\u00e9nix 5.1<\/p>\n<p data-start=\"207\" data-end=\"370\">O cal\u00e7ado de seguran\u00e7a F\u00e9nix 5.1 foi desenvolvido para dar resposta \u00e0s exig\u00eancias do trabalho dos Bombeiros, combinando prote\u00e7\u00e3o avan\u00e7ada, conforto e durabilidade.<\/p>\n<p data-start=\"372\" data-end=\"621\">Com sola VIBRAM de alta performance, resistente ao calor e \u00e0 abras\u00e3o, garante excelente ader\u00eancia em diferentes tipos de superf\u00edcie. A membrana SYMPATEX torna-o resistente \u00e0 \u00e1gua e confort\u00e1vel mesmo em ambientes h\u00famidos ou com temperaturas elevadas.<\/p>\n<p data-start=\"623\" data-end=\"957\">A estrutura inclui prote\u00e7\u00e3o antifogo, refor\u00e7o na zona dos mal\u00e9olos, biqueira em fibra de vidro e palmilha em Kevlar, assegurando prote\u00e7\u00e3o contra impactos, perfura\u00e7\u00f5es e cortes. Com propriedades antiderrapantes, antiest\u00e1ticas e absor\u00e7\u00e3o de choque no calcanhar, o F\u00e9nix 5.1 adapta-se \u00e0s condi\u00e7\u00f5es mais exigentes em contexto operacional.<\/p>\n<p data-start=\"959\" data-end=\"1044\">EN ISO 20345:2011 S3 HRO SRC HI CI AN M WR<br data-start=\"1005\" data-end=\"1008\" \/>EN ISO 15090:2012 TIPO 2 HI3 F2A<\/p>\n<p data-start=\"1051\" data-end=\"1080\">LAVORO \u2013 Engineering Life<\/p>\n<p data-start=\"1082\" data-end=\"1517\">A Lavoro \u00e9 uma marca que possui o selo VHQ (Very High Quality), que certifica a conformidade do cal\u00e7ado profissional com a adequada manuten\u00e7\u00e3o da sa\u00fade do p\u00e9 em contexto laboral. Desde 1988, a Lavoro \u00e9 um dos mais reconhecidos produtores europeus de cal\u00e7ado profissional, com uma procura constante pela excel\u00eancia. As caracter\u00edsticas CLIMA CORK SYSTEM e RSA est\u00e3o presentes em alguns modelos, sendo estas inova\u00e7\u00f5es exclusivas da marca.<\/p>\n<p data-start=\"1519\" data-end=\"1631\">Escolher a Lavoro \u00e9 preferir um cal\u00e7ado de seguran\u00e7a com engenharia avan\u00e7ada, pensado para quem n\u00e3o pode falhar.<\/p>\n","protected":false},"excerpt":{"rendered":"<p data-start=\"1184\" data-end=\"1215\">CAL\u00c7ADO DE SEGURAN\u00c7A LAVORO<\/p>\n<p data-start=\"1217\" data-end=\"1443\">O cal\u00e7ado de seguran\u00e7a F\u00e9nix 5.1 \u00e9 um modelo t\u00e9cnico e robusto, pensado para os desafios dos Bombeiros em ambientes extremos. Com sola VIBRAM, membrana SYMPATEX e prote\u00e7\u00e3o antifogo, alia resist\u00eancia e conforto em cada passo.<\/p>\n<p data-start=\"1445\" data-end=\"1530\">EN ISO 20345:2011 S3 HRO SRC HI CI AN M WR<br data-start=\"1491\" data-end=\"1494\" \/>EN ISO 15090:2012 TIPO 2 HI3 F2A<\/p>\n","protected":false},"featured_media":7323,"comment_status":"open","ping_status":"closed","template":"","meta":{"_mi_skip_tracking":false},"product_cat":[198,106,186,207,204],"product_tag":[],"class_list":{"0":"post-5577","1":"product","2":"type-product","3":"status-publish","4":"has-post-thumbnail","6":"product_cat-setores-de-atividade-incendio-e-resgate","7":"product_cat-botas","8":"product_cat-mulher","9":"product_cat-lavoro-automa","10":"product_cat-novidades-automa","12":"first","13":"instock","14":"taxable","15":"shipping-taxable","16":"product-type-variable"},"_links":{"self":[{"href":"https:\/\/automa.pt\/loja\/wp-json\/wp\/v2\/product\/5577","targetHints":{"allow":["GET"]}}],"collection":[{"href":"https:\/\/automa.pt\/loja\/wp-json\/wp\/v2\/product"}],"about":[{"href":"https:\/\/automa.pt\/loja\/wp-json\/wp\/v2\/types\/product"}],"replies":[{"embeddable":true,"href":"https:\/\/automa.pt\/loja\/wp-json\/wp\/v2\/comments?post=5577"}],"wp:featuredmedia":[{"embeddable":true,"href":"https:\/\/automa.pt\/loja\/wp-json\/wp\/v2\/media\/7323"}],"wp:attachment":[{"href":"https:\/\/automa.pt\/loja\/wp-json\/wp\/v2\/media?parent=5577"}],"wp:term":[{"taxonomy":"product_cat","embeddable":true,"href":"https:\/\/automa.pt\/loja\/wp-json\/wp\/v2\/product_cat?post=5577"},{"taxonomy":"product_tag","embeddable":true,"href":"https:\/\/automa.pt\/loja\/wp-json\/wp\/v2\/product_tag?post=5577"}],"curies":[{"name":"wp","href":"https:\/\/api.w.org\/{rel}","templated":true}]}}