{"id":5576,"date":"2024-04-02T10:07:29","date_gmt":"2024-04-02T10:07:29","guid":{"rendered":"https:\/\/automa.pt\/humana\/?post_type=product&#038;p=5576"},"modified":"2025-06-13T15:12:05","modified_gmt":"2025-06-13T15:12:05","slug":"fenix-5-1-pro","status":"publish","type":"product","link":"https:\/\/automa.pt\/loja\/produto\/fenix-5-1-pro\/","title":{"rendered":"F\u00e9nix 5.1 Pro"},"content":{"rendered":"<p data-start=\"277\" data-end=\"315\">Cal\u00e7ado de Seguran\u00e7a F\u00e9nix 5.1 Pro<\/p>\n<p data-start=\"317\" data-end=\"449\">O cal\u00e7ado de seguran\u00e7a F\u00e9nix 5.1 Pro foi especialmente desenvolvido a pensar nas condi\u00e7\u00f5es extremas em que trabalham os Bombeiros.<\/p>\n<p data-start=\"451\" data-end=\"689\">Com sola VIBRAM de alta performance, garante durabilidade, ader\u00eancia excecional e resist\u00eancia ao calor e \u00e0 abras\u00e3o. A membrana SYMPATEX torna-o resistente \u00e0 \u00e1gua, mantendo o conforto mesmo em ambientes h\u00famidos e com temperaturas elevadas.<\/p>\n<p data-start=\"691\" data-end=\"856\">Esta bota oferece prote\u00e7\u00e3o antifogo, prote\u00e7\u00e3o anticorte Classe 2 e refor\u00e7o na zona dos mal\u00e9olos, respondendo \u00e0s exig\u00eancias mais rigorosas de seguran\u00e7a.<\/p>\n<p data-start=\"858\" data-end=\"1141\">A biqueira em fibra de vidro e a palmilha em Kevlar asseguram uma prote\u00e7\u00e3o superior contra impactos e perfura\u00e7\u00f5es, enquanto o sistema de absor\u00e7\u00e3o de choque e as propriedades antiderrapantes e antiest\u00e1ticas refor\u00e7am a seguran\u00e7a em ambientes inst\u00e1veis ou escorregadios.<\/p>\n<p data-start=\"1143\" data-end=\"1268\">Este \u00e9 um cal\u00e7ado de seguran\u00e7a que cumpre os mais exigentes requisitos t\u00e9cnicos, combinando inova\u00e7\u00e3o, conforto e fiabilidade.<\/p>\n<p data-start=\"1275\" data-end=\"1304\">LAVORO &#8211; Engineering Life<\/p>\n<p data-start=\"1306\" data-end=\"1483\">A Lavoro \u00e9 uma marca que possui o selo VHQ (Very High Quality), garantindo a conformidade do cal\u00e7ado profissional com a adequada manuten\u00e7\u00e3o da sa\u00fade do p\u00e9 em contexto laboral.<\/p>\n<p data-start=\"1485\" data-end=\"1728\">Desde 1988, a Lavoro \u00e9 um dos mais renomados produtores europeus de cal\u00e7ado profissional, com uma procura constante pelo melhor. As carater\u00edsticas CLIMA CORK SYSTEM e RSA, presentes em alguns modelos, tornam a Lavoro \u00fanica e inovadora.<\/p>\n<p data-start=\"1730\" data-end=\"1895\">Escolher a Lavoro \u00e9 preferir uma marca de cal\u00e7ado de seguran\u00e7a com caracter\u00edsticas t\u00e9cnicas avan\u00e7adas, desenvolvidas para o maior conforto e desempenho profissional.<\/p>\n","protected":false},"excerpt":{"rendered":"<p data-start=\"206\" data-end=\"585\">O cal\u00e7ado de seguran\u00e7a F\u00e9nix 5.1 Pro \u00e9 um modelo topo de gama, desenvolvido para responder \u00e0s exig\u00eancias extremas do trabalho dos Bombeiros. A sua sola VIBRAM, resistente ao calor e \u00e0 abras\u00e3o, garante ader\u00eancia e durabilidade em contextos operacionais exigentes. A membrana SYMPATEX assegura resist\u00eancia \u00e0 \u00e1gua e conforto mesmo em ambientes h\u00famidos e com temperaturas elevadas.<\/p>\n<p data-start=\"587\" data-end=\"754\">Com prote\u00e7\u00e3o antifogo, anticorte Classe 2 e refor\u00e7o na zona dos mal\u00e9olos, \u00e9 a escolha ideal para profissionais que enfrentam condi\u00e7\u00f5es adversas no combate a inc\u00eandios.<\/p>\n<p data-start=\"756\" data-end=\"884\">EN ISO 17249:2013 \/ AC:2014 CLASSE 2<br data-start=\"796\" data-end=\"799\" \/>EN ISO 20345:2011 S3 SRC HRO HI CI AN M WR<br data-start=\"845\" data-end=\"848\" \/>EN ISO 15090:2012 TIPO 2 HI3 F2A<\/p>\n","protected":false},"featured_media":7308,"comment_status":"open","ping_status":"closed","template":"","meta":{"_mi_skip_tracking":false},"product_cat":[198,104,106,186,207,204],"product_tag":[],"class_list":{"0":"post-5576","1":"product","2":"type-product","3":"status-publish","4":"has-post-thumbnail","6":"product_cat-setores-de-atividade-incendio-e-resgate","7":"product_cat-calcado-de-seguranca","8":"product_cat-botas","9":"product_cat-mulher","10":"product_cat-lavoro-automa","11":"product_cat-novidades-automa","13":"first","14":"instock","15":"taxable","16":"shipping-taxable","17":"product-type-variable"},"_links":{"self":[{"href":"https:\/\/automa.pt\/loja\/wp-json\/wp\/v2\/product\/5576","targetHints":{"allow":["GET"]}}],"collection":[{"href":"https:\/\/automa.pt\/loja\/wp-json\/wp\/v2\/product"}],"about":[{"href":"https:\/\/automa.pt\/loja\/wp-json\/wp\/v2\/types\/product"}],"replies":[{"embeddable":true,"href":"https:\/\/automa.pt\/loja\/wp-json\/wp\/v2\/comments?post=5576"}],"wp:featuredmedia":[{"embeddable":true,"href":"https:\/\/automa.pt\/loja\/wp-json\/wp\/v2\/media\/7308"}],"wp:attachment":[{"href":"https:\/\/automa.pt\/loja\/wp-json\/wp\/v2\/media?parent=5576"}],"wp:term":[{"taxonomy":"product_cat","embeddable":true,"href":"https:\/\/automa.pt\/loja\/wp-json\/wp\/v2\/product_cat?post=5576"},{"taxonomy":"product_tag","embeddable":true,"href":"https:\/\/automa.pt\/loja\/wp-json\/wp\/v2\/product_tag?post=5576"}],"curies":[{"name":"wp","href":"https:\/\/api.w.org\/{rel}","templated":true}]}}