{"id":5472,"date":"2024-03-27T11:20:07","date_gmt":"2024-03-27T11:20:07","guid":{"rendered":"https:\/\/automa.pt\/humana\/?post_type=product&#038;p=5472"},"modified":"2025-01-07T13:08:22","modified_gmt":"2025-01-07T13:08:22","slug":"graxa-de-sapatos","status":"publish","type":"product","link":"https:\/\/automa.pt\/loja\/produto\/graxa-de-sapatos\/","title":{"rendered":"Graxa de Sapatos"},"content":{"rendered":"<h2><strong>Graxa de Sapatos<\/strong><\/h2>\n<p>A graxa de sapatos da marca Lavoro \u00e9 a solu\u00e7\u00e3o definitiva para manter os seus cal\u00e7ados sempre impec\u00e1veis. Com uma f\u00f3rmula inovadora, desenvolvida para proporcionar uma aplica\u00e7\u00e3o f\u00e1cil e r\u00e1pida, voc\u00ea poder\u00e1 revitalizar os seus sapatos rapidamente. Basta aplicar uma camada uniforme da graxa e deixar secar por alguns instantes para obter resultados surpreendentes.<\/p>\n<p>A secagem r\u00e1pida \u00e9 uma das principais vantagens da graxa lavoro. Esque\u00e7a aquelas longas esperas para que o produto seque completamente. Com a f\u00f3rmula avan\u00e7ada desta graxa, os sapatos estar\u00e3o prontos para uso em pouco tempo.<\/p>\n<p>Al\u00e9m de proporcionar uma apar\u00eancia impec\u00e1vel, a graxa tamb\u00e9m oferece suporte de hidrata\u00e7\u00e3o para os seus sapatos. Enriquecida com ingredientes especiais, ela atravessa profundamente no couro, hidratando e revitalizando o material. N\u00e3o apenas melhora a apar\u00eancia dos sapatos, mas tamb\u00e9m ajuda a prolongar a sua vida \u00fatil. A graxa mant\u00e9m os sapatos flex\u00edveis e resistentes ao longo do tempo.<\/p>\n<p>A graxa Lavoro pode ser utilizada em cal\u00e7ados de couro ou mesmo para botas resistentes. A graxa \u00e9 a escolha ideal para quem valoriza a qualidade e a praticidade. N\u00e3o importa se voc\u00ea precisa revitalizar um par de sapatos antigos ou proteger os seus cal\u00e7ados novos. A graxa proporcionar\u00e1 resultados excecionais em todas as situa\u00e7\u00f5es.<\/p>\n<p>&nbsp;<\/p>\n<h3><strong>LAVORO &#8211; Engineering Life<\/strong><\/h3>\n<p>A Lavoro \u00e9 uma marca que possu\u00ed o selo VHQ (Very High Quality) que acrescenta um atestado de conformidade do cal\u00e7ado profissional com a adequada manuten\u00e7\u00e3o da sa\u00fade do p\u00e9 em contexto laboral. Desde 1988, a Lavoro \u00e9 um dos mais renomados produtores europeus de cal\u00e7ado profissional com uma procura constante pelo melhor. As carater\u00edsticas CLIMA CORK SYSTEM e RSA est\u00e3o presentes em alguns modelos e \u00e9 o que torna a Lavoro \u00fanica e inovativa.<\/p>\n<p>Escolher a Lavoro \u00e9 preferir uma marca de cal\u00e7ado de seguran\u00e7a com carater\u00edsticas inovativas que permitem o maior conforto.<\/p>\n","protected":false},"excerpt":{"rendered":"<p>Graxa de Sapatos A graxa de sapatos da marca Lavoro \u00e9 a solu\u00e7\u00e3o definitiva para manter os seus cal\u00e7ados sempre impec\u00e1veis. Com uma f\u00f3rmula inovadora, desenvolvida para proporcionar uma aplica\u00e7\u00e3o f\u00e1cil e r\u00e1pida, voc\u00ea poder\u00e1 revitalizar os seus sapatos rapidamente. Basta aplicar uma camada uniforme da graxa e deixar secar por alguns instantes para obter [&hellip;]<\/p>\n","protected":false},"featured_media":5473,"comment_status":"open","ping_status":"closed","template":"","meta":{"_mi_skip_tracking":false},"product_cat":[182,207],"product_tag":[],"class_list":{"0":"post-5472","1":"product","2":"type-product","3":"status-publish","4":"has-post-thumbnail","6":"product_cat-acessorios-protecao","7":"product_cat-lavoro-automa","9":"first","10":"instock","11":"taxable","12":"shipping-taxable","13":"purchasable","14":"product-type-simple"},"_links":{"self":[{"href":"https:\/\/automa.pt\/loja\/wp-json\/wp\/v2\/product\/5472","targetHints":{"allow":["GET"]}}],"collection":[{"href":"https:\/\/automa.pt\/loja\/wp-json\/wp\/v2\/product"}],"about":[{"href":"https:\/\/automa.pt\/loja\/wp-json\/wp\/v2\/types\/product"}],"replies":[{"embeddable":true,"href":"https:\/\/automa.pt\/loja\/wp-json\/wp\/v2\/comments?post=5472"}],"wp:featuredmedia":[{"embeddable":true,"href":"https:\/\/automa.pt\/loja\/wp-json\/wp\/v2\/media\/5473"}],"wp:attachment":[{"href":"https:\/\/automa.pt\/loja\/wp-json\/wp\/v2\/media?parent=5472"}],"wp:term":[{"taxonomy":"product_cat","embeddable":true,"href":"https:\/\/automa.pt\/loja\/wp-json\/wp\/v2\/product_cat?post=5472"},{"taxonomy":"product_tag","embeddable":true,"href":"https:\/\/automa.pt\/loja\/wp-json\/wp\/v2\/product_tag?post=5472"}],"curies":[{"name":"wp","href":"https:\/\/api.w.org\/{rel}","templated":true}]}}