{"id":5470,"date":"2024-03-27T11:10:48","date_gmt":"2024-03-27T11:10:48","guid":{"rendered":"https:\/\/automa.pt\/humana\/?post_type=product&#038;p=5470"},"modified":"2024-05-13T15:02:36","modified_gmt":"2024-05-13T15:02:36","slug":"oculos-de-protecao-lentes-rebativeis","status":"publish","type":"product","link":"https:\/\/automa.pt\/loja\/produto\/oculos-de-protecao-lentes-rebativeis\/","title":{"rendered":"\u00d3culos de prote\u00e7\u00e3o com Lentes Rebat\u00edveis"},"content":{"rendered":"<h2>\u00d3culos de prote\u00e7\u00e3o com Lentes Rebat\u00edveis<\/h2>\n<p>Os \u00f3culos de prote\u00e7\u00e3o com lentes rebat\u00edveis \u00e9 um equipamento de prote\u00e7\u00e3o individual para profiss\u00f5es que necessitam de prote\u00e7\u00e3o ocular. Uma \u00f3tima escolha para os soldadores.<\/p>\n<p>Estes \u00f3culos de prote\u00e7\u00e3o s\u00e3o ideais para prevenir riscos relacionados ao impacto de part\u00edculas em movimento r\u00e1pido. Tamb\u00e9m ideias contra \u00e0 penetra\u00e7\u00e3o de poeiras, gases e subst\u00e2ncias qu\u00edmicas. Com lentes em policarbonato incolor e lentes exteriores rebat\u00edveis em policarbonato tonalidade 5, oferecem seguran\u00e7a sem comprometer a visibilidade.<\/p>\n<p>Possuem um sistema de ventila\u00e7\u00e3o indireta com 4 v\u00e1lvulas e banda el\u00e1stica regul\u00e1vel. Garante conforto e ajuste perfeito para diversos tipos de rosto, e ainda s\u00e3o compat\u00edveis com o uso de \u00f3culos graduados<\/p>\n<p>Ao escolher os seus \u00f3culos de prote\u00e7\u00e3o, leve em conta o tipo de risco ao qual est\u00e1 exposto, as caracter\u00edsticas da prote\u00e7\u00e3o, o tipo de lentes e a arma\u00e7\u00e3o. Identificar, analisar e avaliar os agentes ambientais \u00e9 essencial para selecionar os Equipamentos de Prote\u00e7\u00e3o Individual mais adequados.<\/p>\n<p>Lembre-se de que o equipamento n\u00e3o altera o risco; a sua fun\u00e7\u00e3o \u00e9 reduzir ou eliminar a a\u00e7\u00e3o sobre o trabalhador. \u00c9 fundamental compreender a import\u00e2ncia do uso correto para garantir a efic\u00e1cia do produto e a seguran\u00e7a individual.<\/p>\n<p>Os \u00f3culos de prote\u00e7\u00e3o de soldador com lentes rebat\u00edveis oferecem n\u00e3o apenas seguran\u00e7a, mas tamb\u00e9m praticidade e versatilidade. O seu design inovador permite que as lentes sejam facilmente ajustadas conforme necess\u00e1rio. Proporciona assim uma vis\u00e3o clara e protegida em diferentes situa\u00e7\u00f5es de trabalho.<\/p>\n<p>Com uma estrutura resistente e dur\u00e1vel, estes \u00f3culos s\u00e3o projetados para suportar condi\u00e7\u00f5es adversas e oferecer prote\u00e7\u00e3o confi\u00e1vel. A compatibilidade com \u00f3culos graduados torna-os uma op\u00e7\u00e3o conveniente para quem precisa de corre\u00e7\u00e3o visual enquanto trabalha. Invista na sua seguran\u00e7a e conforto com nossos \u00f3culos de prote\u00e7\u00e3o de soldador com lentes rebat\u00edveis.<\/p>\n<p>Este \u00e9 um produto que cumpre os requisitos da Norma normas EN166\/EN169\/EN175.<\/p>\n","protected":false},"excerpt":{"rendered":"<p>\u00d3culos de prote\u00e7\u00e3o com Lentes Rebat\u00edveis Os \u00f3culos de prote\u00e7\u00e3o com lentes rebat\u00edveis \u00e9 um equipamento de prote\u00e7\u00e3o individual para profiss\u00f5es que necessitam de prote\u00e7\u00e3o ocular. Uma \u00f3tima escolha para os soldadores. Estes \u00f3culos de prote\u00e7\u00e3o s\u00e3o ideais para prevenir riscos relacionados ao impacto de part\u00edculas em movimento r\u00e1pido. Tamb\u00e9m ideias contra \u00e0 penetra\u00e7\u00e3o de [&hellip;]<\/p>\n","protected":false},"featured_media":2830,"comment_status":"open","ping_status":"closed","template":"","meta":{"_mi_skip_tracking":false},"product_cat":[203,118],"product_tag":[],"class_list":{"0":"post-5470","1":"product","2":"type-product","3":"status-publish","4":"has-post-thumbnail","6":"product_cat-equipamentos-de-protecao-individual","7":"product_cat-protecao-dos-olhos-olhos","9":"first","10":"instock","11":"taxable","12":"shipping-taxable","13":"purchasable","14":"product-type-simple"},"_links":{"self":[{"href":"https:\/\/automa.pt\/loja\/wp-json\/wp\/v2\/product\/5470","targetHints":{"allow":["GET"]}}],"collection":[{"href":"https:\/\/automa.pt\/loja\/wp-json\/wp\/v2\/product"}],"about":[{"href":"https:\/\/automa.pt\/loja\/wp-json\/wp\/v2\/types\/product"}],"replies":[{"embeddable":true,"href":"https:\/\/automa.pt\/loja\/wp-json\/wp\/v2\/comments?post=5470"}],"wp:featuredmedia":[{"embeddable":true,"href":"https:\/\/automa.pt\/loja\/wp-json\/wp\/v2\/media\/2830"}],"wp:attachment":[{"href":"https:\/\/automa.pt\/loja\/wp-json\/wp\/v2\/media?parent=5470"}],"wp:term":[{"taxonomy":"product_cat","embeddable":true,"href":"https:\/\/automa.pt\/loja\/wp-json\/wp\/v2\/product_cat?post=5470"},{"taxonomy":"product_tag","embeddable":true,"href":"https:\/\/automa.pt\/loja\/wp-json\/wp\/v2\/product_tag?post=5470"}],"curies":[{"name":"wp","href":"https:\/\/api.w.org\/{rel}","templated":true}]}}