{"id":5448,"date":"2024-03-27T09:06:59","date_gmt":"2024-03-27T09:06:59","guid":{"rendered":"https:\/\/automa.pt\/humana\/?post_type=product&#038;p=5448"},"modified":"2025-02-10T12:35:38","modified_gmt":"2025-02-10T12:35:38","slug":"palmilha-lavoro-x-max-antiestatica","status":"publish","type":"product","link":"https:\/\/automa.pt\/loja\/produto\/palmilha-lavoro-x-max-antiestatica\/","title":{"rendered":"Palmilha Lavoro X-Max Anti est\u00e1tica"},"content":{"rendered":"<h2><strong>Palmilha X-Max Anti Est\u00e1tica &#8211; Lavoro<\/strong><\/h2>\n<p>A Palmilha X-Max da Lavoro\u00a0est\u00e3o desenhadas para manter os p\u00e9s do utilizador protegidos, seguros e confort\u00e1veis. Oferecem o equil\u00edbrio perfeito entre funcionalidade e bem-estar, estas palmilhas s\u00e3o a escolha ideal para profissionais em ambientes complexos.<\/p>\n<p>Produzidas com materiais de alta qualidade, as palmilhas com a funcionalidade ESD proporcionam uma experi\u00eancia de uso superior. A tecnologia ESD (Descarga Eletrost\u00e1tica) integrada garante a dissipa\u00e7\u00e3o eficaz de eletricidade est\u00e1tica. \u00c9 fundamental em ambientes sens\u00edveis onde a prote\u00e7\u00e3o contra descargas \u00e9 essencial.<\/p>\n<p>A principal caracter\u00edstica inovadora \u00e9 a capacidade de lavagem. As palmilhas podem ser facilmente higienizadas, mantendo-se frescas e livres de odores mesmo ap\u00f3s longos per\u00edodos de uso. Esta funcionalidade n\u00e3o apenas prolonga a vida \u00fatil das palmilhas, mas tamb\u00e9m promove um ambiente mais saud\u00e1vel para os seus p\u00e9s.<\/p>\n<p>Imagine a liberdade de poder manter as suas palmilhas sempre limpas, sem comprometer a qualidade ou o desempenho. Seja voc\u00ea um profissional da \u00e1rea da sa\u00fade, da ind\u00fastria, da tecnologia ou simplesmente algu\u00e9m que valoriza conforto e praticidade, as palmilhas s\u00e3o a solu\u00e7\u00e3o ideal para as suas necessidades di\u00e1rias.<\/p>\n<p>D\u00ea aos seus p\u00e9s o cuidado que merecem. Escolha as palmilhas X-Max e caminhe com confian\u00e7a, conforto e seguran\u00e7a a cada passo.<\/p>\n<p>&nbsp;<\/p>\n<h3><strong>LAVORO &#8211; Engineering Life<\/strong><\/h3>\n<p>A Lavoro \u00e9 uma marca que possu\u00ed o selo VHQ (Very High Quality) que acrescenta um atestado de conformidade do cal\u00e7ado profissional com a adequada manuten\u00e7\u00e3o da sa\u00fade do p\u00e9 em contexto laboral. Desde 1988, a Lavoro \u00e9 um dos mais renomados produtores europeus de cal\u00e7ado profissional com uma procura constante pelo melhor. As carater\u00edsticas CLIMA CORK SYSTEM e RSA est\u00e3o presentes em alguns modelos e \u00e9 o que torna a Lavoro \u00fanica e inovativa.<\/p>\n<p>Escolher a Lavoro \u00e9 preferir uma marca de cal\u00e7ado de seguran\u00e7a com carater\u00edsticas inovativas que permitem o maior conforto.<\/p>\n","protected":false},"excerpt":{"rendered":"<p><strong>PALMILHA X-MAX DA LAVORO<\/strong><\/p>\n<p>As Palmilhas X-Max combinam conforto com tecnologia de dissipa\u00e7\u00e3o est\u00e1tica, oferecendo uma solu\u00e7\u00e3o pr\u00e1tica e higi\u00eanica para profissionais que procuram conforto e seguran\u00e7a a cada passo. Mantenha os seus p\u00e9s frescos e protegidos, enquanto desfruta da conveni\u00eancia de poder lavar as suas palmilhas facilmente ap\u00f3s o uso.<\/p>\n<p>&nbsp;<\/p>\n<p>Encontra-se dispon\u00edvel nos tamanhos 36 a 47.<\/p>\n","protected":false},"featured_media":5451,"comment_status":"open","ping_status":"closed","template":"","meta":{"_mi_skip_tracking":false},"product_cat":[182,207],"product_tag":[],"class_list":{"0":"post-5448","1":"product","2":"type-product","3":"status-publish","4":"has-post-thumbnail","6":"product_cat-acessorios-protecao","7":"product_cat-lavoro-automa","9":"first","10":"instock","11":"taxable","12":"shipping-taxable","13":"purchasable","14":"product-type-variable"},"_links":{"self":[{"href":"https:\/\/automa.pt\/loja\/wp-json\/wp\/v2\/product\/5448","targetHints":{"allow":["GET"]}}],"collection":[{"href":"https:\/\/automa.pt\/loja\/wp-json\/wp\/v2\/product"}],"about":[{"href":"https:\/\/automa.pt\/loja\/wp-json\/wp\/v2\/types\/product"}],"replies":[{"embeddable":true,"href":"https:\/\/automa.pt\/loja\/wp-json\/wp\/v2\/comments?post=5448"}],"wp:featuredmedia":[{"embeddable":true,"href":"https:\/\/automa.pt\/loja\/wp-json\/wp\/v2\/media\/5451"}],"wp:attachment":[{"href":"https:\/\/automa.pt\/loja\/wp-json\/wp\/v2\/media?parent=5448"}],"wp:term":[{"taxonomy":"product_cat","embeddable":true,"href":"https:\/\/automa.pt\/loja\/wp-json\/wp\/v2\/product_cat?post=5448"},{"taxonomy":"product_tag","embeddable":true,"href":"https:\/\/automa.pt\/loja\/wp-json\/wp\/v2\/product_tag?post=5448"}],"curies":[{"name":"wp","href":"https:\/\/api.w.org\/{rel}","templated":true}]}}