{"id":5433,"date":"2024-03-22T12:56:46","date_gmt":"2024-03-22T12:56:46","guid":{"rendered":"https:\/\/automa.pt\/humana\/?post_type=product&#038;p=5433"},"modified":"2025-02-10T15:22:51","modified_gmt":"2025-02-10T15:22:51","slug":"parka-de-alta-visibilidade","status":"publish","type":"product","link":"https:\/\/automa.pt\/loja\/produto\/parka-de-alta-visibilidade\/","title":{"rendered":"Parka Alta Visibilidade"},"content":{"rendered":"<h2>Parka Alta Visibilidade &#8211; Vizwell<\/h2>\n<p>A Parka de Alta Visibilidade 100% Poli\u00e9ster \u00e9 uma solu\u00e7\u00e3o multifuncional que une seguran\u00e7a e conforto em um \u00fanico produto. Ideal para ambientes de baixa luminosidade, esta parka \u00e9 essencial para garantir visibilidade e prote\u00e7\u00e3o durante o trabalho.<\/p>\n<p>Confecionada com material de alta qualidade, 100% Poli\u00e9ster, esta parka oferece durabilidade e resist\u00eancia. O design inteligente inclui um blus\u00e3o interior com mangas destac\u00e1veis e, assim, proporciona versatilidade para adaptar-se \u00e0s mudan\u00e7as clim\u00e1ticas. \u00a0O usu\u00e1rio pode assim modificar o seu design sempre que necess\u00e1rio.<\/p>\n<p>A parka conta com um capuz oculto, que pode ser facilmente acionado para fornecer prote\u00e7\u00e3o extra. Com 4 configura\u00e7\u00f5es ajust\u00e1veis, \u00e9 poss\u00edvel personalizar o ajuste da parka para garantir conforto e liberdade de movimento.<\/p>\n<p>Este \u00e9 um produto que cumpre os requisitos da Norma EN ISO 20471-2013 CLASSE 2.<\/p>\n<p>Esta norma garante que a parka ofere\u00e7a o mais alto n\u00edvel de visibilidade e seguran\u00e7a para os trabalhadores em ambientes de baixa luminosidade. Esta norma garante que os trabalhadores sejam facilmente detetados em uma variedade de condi\u00e7\u00f5es de ilumina\u00e7\u00e3o. Ao cumprir esta norma, a Parka da Vizwell demonstra o seu compromisso com a seguran\u00e7a e o bem-estar dos trabalhadores.<\/p>\n<p>&nbsp;<\/p>\n<h3>Vizwell &#8211; More than Quality<\/h3>\n<p>A Vizwell \u00e9 uma marca reconhecida internacionalmente pela sua dedica\u00e7\u00e3o \u00e0 produ\u00e7\u00e3o de vestu\u00e1rio de alta visibilidade de qualidade para uma variedade de setores. Exemplos de setores s\u00e3o constru\u00e7\u00e3o, transporte, e seguran\u00e7a p\u00fablica. Com uma reputa\u00e7\u00e3o consolidada de excel\u00eancia e inova\u00e7\u00e3o, a Vizwell se destaca por sua capacidade de combinar funcionalidade e durabilidade. A parka de alta visibilidade \u00e9 um dos seus produtos mais inovadores.<\/p>\n<p>A empresa investe em pesquisa e desenvolvimento para garantir que seus produtos atendam aos mais altos padr\u00f5es de seguran\u00e7a e conforto. Al\u00e9m disso, a Vizwell prioriza a utiliza\u00e7\u00e3o de materiais de alta qualidade e tecnologias de fabrica\u00e7\u00e3o avan\u00e7adas para garantir a satisfa\u00e7\u00e3o do cliente e a confiabilidade de seus produtos.<\/p>\n","protected":false},"excerpt":{"rendered":"<p><strong>PARKA DE ALTA VISIBILIDADE VIZWELL<\/strong><\/p>\n<p>A parka de alta visibilidade da Vizwell \u00e9 100% poli\u00e9ster \u00e9 ideal para ambientes de baixa luminosidade. A parka cont\u00e9m um capuz oculto, que pode ser facilmente acionado para fornecer prote\u00e7\u00e3o extra. Com 4 configura\u00e7\u00f5es ajust\u00e1veis, \u00e9 poss\u00edvel personalizar o ajuste da parka para garantir conforto e liberdade de movimento.<\/p>\n<p>&nbsp;<\/p>\n<p>EN ISO 20471-2013 CLASSE 2<\/p>\n<p>Encontra-se dispon\u00edvel nos tamanhos S a 3XL.<\/p>\n","protected":false},"featured_media":5461,"comment_status":"open","ping_status":"closed","template":"","meta":{"_mi_skip_tracking":false},"product_cat":[202],"product_tag":[],"class_list":{"0":"post-5433","1":"product","2":"type-product","3":"status-publish","4":"has-post-thumbnail","6":"product_cat-vestuario-automa","8":"first","9":"instock","10":"taxable","11":"shipping-taxable","12":"purchasable","13":"product-type-variable"},"_links":{"self":[{"href":"https:\/\/automa.pt\/loja\/wp-json\/wp\/v2\/product\/5433","targetHints":{"allow":["GET"]}}],"collection":[{"href":"https:\/\/automa.pt\/loja\/wp-json\/wp\/v2\/product"}],"about":[{"href":"https:\/\/automa.pt\/loja\/wp-json\/wp\/v2\/types\/product"}],"replies":[{"embeddable":true,"href":"https:\/\/automa.pt\/loja\/wp-json\/wp\/v2\/comments?post=5433"}],"wp:featuredmedia":[{"embeddable":true,"href":"https:\/\/automa.pt\/loja\/wp-json\/wp\/v2\/media\/5461"}],"wp:attachment":[{"href":"https:\/\/automa.pt\/loja\/wp-json\/wp\/v2\/media?parent=5433"}],"wp:term":[{"taxonomy":"product_cat","embeddable":true,"href":"https:\/\/automa.pt\/loja\/wp-json\/wp\/v2\/product_cat?post=5433"},{"taxonomy":"product_tag","embeddable":true,"href":"https:\/\/automa.pt\/loja\/wp-json\/wp\/v2\/product_tag?post=5433"}],"curies":[{"name":"wp","href":"https:\/\/api.w.org\/{rel}","templated":true}]}}