{"id":5432,"date":"2024-03-22T12:20:49","date_gmt":"2024-03-22T12:20:49","guid":{"rendered":"https:\/\/automa.pt\/humana\/?post_type=product&#038;p=5432"},"modified":"2025-02-10T12:21:20","modified_gmt":"2025-02-10T12:21:20","slug":"palmilha-lavoro-spodos","status":"publish","type":"product","link":"https:\/\/automa.pt\/loja\/produto\/palmilha-lavoro-spodos\/","title":{"rendered":"Palmilha Lavoro Spodos"},"content":{"rendered":"<h2><strong>Palmilha Lavoro Spodos<\/strong><\/h2>\n<p>A Palmilha Lavoro Spodos est\u00e1 projetada para adaptar-se a cada tipo de p\u00e9: Plano (verde), Normal (azul) e Cavo (vermelho). Com propriedades antimicrobianas, estas palmilhas oferecem n\u00e3o apenas conforto, mas tamb\u00e9m prote\u00e7\u00e3o contra odores indesejados.<\/p>\n<p>Equipado com termorregula\u00e7\u00e3o eficaz garante p\u00e9s frescos no ver\u00e3o e aquecidos no inverno. O design antiest\u00e1tico e anti fadiga mant\u00e9m o utilizador energizado durante todo o dia.<\/p>\n<p>Feitas com materiais reciclados e lav\u00e1veis, as Palmilhas Lavoro Spodos s\u00e3o uma escolha consciente. Proporciona n\u00e3o s\u00f3 o conforto, mas tamb\u00e9m um impacto positivo no meio ambiente.<\/p>\n<p>As palmilhas s\u00e3o mais do que apenas acess\u00f3rios para os seus sapatos &#8211; s\u00e3o uma revolu\u00e7\u00e3o no cuidado com os p\u00e9s. Adaptadas a diferentes tipos de p\u00e9s, elas oferecem suporte personalizado para cada passo que d\u00e1.<\/p>\n<p>Estas palmilhas s\u00e3o imbu\u00eddas com propriedades antimicrobianas, mantendo os p\u00e9s frescos e livres de odores desagrad\u00e1veis. A termorregula\u00e7\u00e3o inteligente garante que os p\u00e9s permane\u00e7am na temperatura ideal, independentemente das condi\u00e7\u00f5es clim\u00e1ticas.<\/p>\n<p>O design anti-fadiga e antiest\u00e1tico destas palmilhas proporciona uma experi\u00eancia de caminhada sem esfor\u00e7o. Feitas com materiais reciclados, elas refletem o compromisso da Lavoro com a sustentabilidade, enquanto s\u00e3o lav\u00e1veis para uma f\u00e1cil manuten\u00e7\u00e3o.<\/p>\n<p>&nbsp;<\/p>\n<h3><strong>LAVORO &#8211; Engineering Life<\/strong><\/h3>\n<p>A Lavoro \u00e9 uma marca que possu\u00ed o selo VHQ (Very High Quality) que acrescenta um atestado de conformidade do cal\u00e7ado profissional com a adequada manuten\u00e7\u00e3o da sa\u00fade do p\u00e9 em contexto laboral. Desde 1988, a Lavoro \u00e9 um dos mais renomados produtores europeus de cal\u00e7ado profissional com uma procura constante pelo melhor. As carater\u00edsticas CLIMA CORK SYSTEM e RSA est\u00e3o presentes em alguns modelos e \u00e9 o que torna a Lavoro \u00fanica e inovativa.<\/p>\n<p>Escolher a Lavoro \u00e9 preferir uma marca de cal\u00e7ado de seguran\u00e7a com carater\u00edsticas inovativas que permitem o maior conforto.<\/p>\n","protected":false},"excerpt":{"rendered":"<p><strong>PALMILHA LAVORO SPODOS\u00a0<\/strong><\/p>\n<p>As Palmilhas Spodos da marca Lavoro est\u00e3o desenhadas para atender \u00e0s carater\u00edsticas de cada p\u00e9. Equipadas com termorregula\u00e7\u00e3o eficaz garante p\u00e9s frescos no ver\u00e3o e quentes no inverno. Feitas com materiais reciclados e lav\u00e1veis, as Palmilhas Lavoro Spodos s\u00e3o uma escolha consciente.<\/p>\n<p>&nbsp;<\/p>\n<p>Est\u00e1 dispon\u00edvel nos tamanhos 36 a 47.<\/p>\n","protected":false},"featured_media":5462,"comment_status":"open","ping_status":"closed","template":"","meta":{"_mi_skip_tracking":false},"product_cat":[202,182,207],"product_tag":[],"class_list":{"0":"post-5432","1":"product","2":"type-product","3":"status-publish","4":"has-post-thumbnail","6":"product_cat-vestuario-automa","7":"product_cat-acessorios-protecao","8":"product_cat-lavoro-automa","10":"first","11":"instock","12":"taxable","13":"shipping-taxable","14":"purchasable","15":"product-type-simple"},"_links":{"self":[{"href":"https:\/\/automa.pt\/loja\/wp-json\/wp\/v2\/product\/5432","targetHints":{"allow":["GET"]}}],"collection":[{"href":"https:\/\/automa.pt\/loja\/wp-json\/wp\/v2\/product"}],"about":[{"href":"https:\/\/automa.pt\/loja\/wp-json\/wp\/v2\/types\/product"}],"replies":[{"embeddable":true,"href":"https:\/\/automa.pt\/loja\/wp-json\/wp\/v2\/comments?post=5432"}],"wp:featuredmedia":[{"embeddable":true,"href":"https:\/\/automa.pt\/loja\/wp-json\/wp\/v2\/media\/5462"}],"wp:attachment":[{"href":"https:\/\/automa.pt\/loja\/wp-json\/wp\/v2\/media?parent=5432"}],"wp:term":[{"taxonomy":"product_cat","embeddable":true,"href":"https:\/\/automa.pt\/loja\/wp-json\/wp\/v2\/product_cat?post=5432"},{"taxonomy":"product_tag","embeddable":true,"href":"https:\/\/automa.pt\/loja\/wp-json\/wp\/v2\/product_tag?post=5432"}],"curies":[{"name":"wp","href":"https:\/\/api.w.org\/{rel}","templated":true}]}}