{"id":5430,"date":"2024-03-22T11:46:36","date_gmt":"2024-03-22T11:46:36","guid":{"rendered":"https:\/\/automa.pt\/humana\/?post_type=product&#038;p=5430"},"modified":"2025-01-07T13:10:55","modified_gmt":"2025-01-07T13:10:55","slug":"palmilha-chromium-free","status":"publish","type":"product","link":"https:\/\/automa.pt\/loja\/produto\/palmilha-chromium-free\/","title":{"rendered":"Palmilha Chromium Free"},"content":{"rendered":"<h2><strong>Palmilha Chromium Free Lavoro\u00a0<\/strong><\/h2>\n<p>A Palmilha Chromium Free \u00e9 uma inova\u00e7\u00e3o em conforto e sustentabilidade para os seus sapatos. Criada com corti\u00e7a e couro natural de alta qualidade, esta palmilha oferece uma experi\u00eancia de uso excecionalmente confort\u00e1vel e respir\u00e1vel.<\/p>\n<p>A combina\u00e7\u00e3o de corti\u00e7a e couro natural proporciona um suporte suave aos seus p\u00e9s e permite que eles respirem naturalmente. Ajuda a reduzir a acumula\u00e7\u00e3o de umidade e prevenindo odores indesejados. Esta respirabilidade \u00e9 essencial para manter os seus p\u00e9s frescos e secos em todas as circunst\u00e2ncias. E, assim, promove um ambiente saud\u00e1vel para os p\u00e9s.<\/p>\n<p>A Palmilha possu\u00ed um efeito termorregulador, o que significa que ajuda a manter a temperatura dos seus p\u00e9s est\u00e1vel. No inverno, ela proporciona calor reconfortante, enquanto no ver\u00e3o, ajuda a dissipar o calor excessivo.<\/p>\n<p>Com esta palmilha, n\u00e3o est\u00e1 apenas a investir no conforto, mas tamb\u00e9m est\u00e1 a fazer uma escolha consciente para o meio ambiente. A palmilha \u00e9 livre de cromo, um metal utilizado no processo de curtimento do couro.<\/p>\n<p>Esta \u00e9 a escolha ideal para quem procura conforto duradouro e sustent\u00e1vel. O seu design respir\u00e1vel e termorregulador proporciona uma sensa\u00e7\u00e3o de frescor em todas as esta\u00e7\u00f5es. D\u00ea aos seus p\u00e9s o cuidado que merecem, enquanto contribui para um mundo mais sustent\u00e1vel.<\/p>\n<p>&nbsp;<\/p>\n<h3><strong>LAVORO &#8211; Engineering Life<\/strong><\/h3>\n<p>A Lavoro \u00e9 uma marca que possu\u00ed o selo VHQ (Very High Quality) que acrescenta um atestado de conformidade do cal\u00e7ado profissional com a adequada manuten\u00e7\u00e3o da sa\u00fade do p\u00e9 em contexto laboral. Desde 1988, a Lavoro \u00e9 um dos mais renomados produtores europeus de cal\u00e7ado profissional com uma procura constante pelo melhor. As carater\u00edsticas CLIMA CORK SYSTEM e RSA est\u00e3o presentes em alguns modelos e \u00e9 o que torna a Lavoro \u00fanica e inovativa.<\/p>\n<p>Escolher a Lavoro \u00e9 preferir uma marca de cal\u00e7ado de seguran\u00e7a com carater\u00edsticas inovativas que permitem o maior conforto.<\/p>\n","protected":false},"excerpt":{"rendered":"<p><strong>PALMILHA CHROMIUM FREE<\/strong><\/p>\n<p>A Palmilha Chromium Free \u00e9 uma inova\u00e7\u00e3o em conforto e sustentabilidade para os seus sapatos. Criada com corti\u00e7a e couro natural de alta qualidade, esta palmilha oferece uma experi\u00eancia de uso excecionalmente confort\u00e1vel e respir\u00e1vel. Com esta palmilha, n\u00e3o est\u00e1 apenas a investir no conforto, mas tamb\u00e9m est\u00e1 a fazer uma escolha consciente para o meio ambiente.<\/p>\n<p>&nbsp;<\/p>\n<p>Encontra-se dispon\u00edvel nos tamanhos 36 a 47.<\/p>\n","protected":false},"featured_media":5463,"comment_status":"open","ping_status":"closed","template":"","meta":{"_mi_skip_tracking":false},"product_cat":[182,207],"product_tag":[],"class_list":{"0":"post-5430","1":"product","2":"type-product","3":"status-publish","4":"has-post-thumbnail","6":"product_cat-acessorios-protecao","7":"product_cat-lavoro-automa","9":"first","10":"instock","11":"taxable","12":"shipping-taxable","13":"purchasable","14":"product-type-variable"},"_links":{"self":[{"href":"https:\/\/automa.pt\/loja\/wp-json\/wp\/v2\/product\/5430","targetHints":{"allow":["GET"]}}],"collection":[{"href":"https:\/\/automa.pt\/loja\/wp-json\/wp\/v2\/product"}],"about":[{"href":"https:\/\/automa.pt\/loja\/wp-json\/wp\/v2\/types\/product"}],"replies":[{"embeddable":true,"href":"https:\/\/automa.pt\/loja\/wp-json\/wp\/v2\/comments?post=5430"}],"wp:featuredmedia":[{"embeddable":true,"href":"https:\/\/automa.pt\/loja\/wp-json\/wp\/v2\/media\/5463"}],"wp:attachment":[{"href":"https:\/\/automa.pt\/loja\/wp-json\/wp\/v2\/media?parent=5430"}],"wp:term":[{"taxonomy":"product_cat","embeddable":true,"href":"https:\/\/automa.pt\/loja\/wp-json\/wp\/v2\/product_cat?post=5430"},{"taxonomy":"product_tag","embeddable":true,"href":"https:\/\/automa.pt\/loja\/wp-json\/wp\/v2\/product_tag?post=5430"}],"curies":[{"name":"wp","href":"https:\/\/api.w.org\/{rel}","templated":true}]}}