{"id":5398,"date":"2024-03-20T16:17:55","date_gmt":"2024-03-20T16:17:55","guid":{"rendered":"https:\/\/automa.pt\/humana\/?post_type=product&#038;p=5398"},"modified":"2025-02-25T10:55:56","modified_gmt":"2025-02-25T10:55:56","slug":"sherwood","status":"publish","type":"product","link":"https:\/\/automa.pt\/loja\/produto\/sherwood\/","title":{"rendered":"Sherwood"},"content":{"rendered":"<h2><strong>Cal\u00e7ado de Seguran\u00e7a Lavoro\u00a0<\/strong><\/h2>\n<h2><strong>Cal\u00e7ado de Seguran\u00e7a Sherwood\u00a0<\/strong><\/h2>\n<p>O Sherwood \u00e9 um cal\u00e7ado de seguran\u00e7a projetado para atender \u00e0s necessidades dos profissionais da ind\u00fastria pesada, do inc\u00eandio e do resgate. Como tamb\u00e9m protege o profissional nas atividades na floresta, agricultura e jardinagem. Este modelo oferece prote\u00e7\u00e3o e conforto excecionais em ambientes industriais desafiadores.<\/p>\n<p>Com uma biqueira e palmilha em a\u00e7o, proporciona uma prote\u00e7\u00e3o contra cortes e perfura\u00e7\u00f5es, garantindo a seguran\u00e7a em terrenos acidentados e ambientes perigosos. A sua sola em PU oferece excelente resist\u00eancia \u00e0 abras\u00e3o e durabilidade em diferentes superf\u00edcies.<\/p>\n<p>Certificado com a prote\u00e7\u00e3o Anti-Corte Classe 3, a bota oferece uma defesa extra contra cortes, garantindo a seguran\u00e7a dos profissionais. O cal\u00e7ado \u00e9 revestido com Sympatex, tornando-o repelente \u00e0 \u00e1gua e ideal para uso em condi\u00e7\u00f5es h\u00famidas e adversas.<\/p>\n<p>Com resist\u00eancia t\u00e9rmica at\u00e9 300\u00b0C, \u00e9 capaz de suportar altas temperaturas, tornando-o adequado para ambientes com riscos de calor intenso. A sua constru\u00e7\u00e3o robusta e dur\u00e1vel torna-o uma escolha confi\u00e1vel para profissionais que trabalham em ambientes desafiadores.<\/p>\n<p>Este \u00e9 um cal\u00e7ado de seguran\u00e7a que cumpre os requisitos da EN ISO 20345:2011 S3 SRC HRO.<\/p>\n<p>As suas carater\u00edsticas S3 indicam que tem mais do que seguran\u00e7a b\u00e1sica. O cal\u00e7ado \u00e9 antiderrapante e tem uma biqueira de seguran\u00e7a que protege os seus p\u00e9s contra impactos at\u00e9 200J. Tem a regi\u00e3o do calcanhar fechada e um sistema de absor\u00e7\u00e3o de energia no calcanhar, \u00e9 anti est\u00e1tico e resistente a \u00f3leos. Previne a penetra\u00e7\u00e3o e absor\u00e7\u00e3o de \u00e1gua e tem uma palmilha de prote\u00e7\u00e3o contra objetos pontiagudos.<\/p>\n<p>&nbsp;<\/p>\n<h3><strong>LAVORO &#8211; Engineering Life<\/strong><\/h3>\n<p>A Lavoro \u00e9 uma marca que possu\u00ed o selo VHQ (Very High Quality) que acrescenta um atestado de conformidade do cal\u00e7ado profissional com a adequada manuten\u00e7\u00e3o da sa\u00fade do p\u00e9 em contexto laboral. Desde 1988, a Lavoro \u00e9 um dos mais renomados produtores europeus de cal\u00e7ado profissional com uma procura constante pelo melhor. As carater\u00edsticas CLIMA CORK SYSTEM e RSA est\u00e3o presentes em alguns modelos e \u00e9 o que torna a Lavoro \u00fanica e inovativa.<\/p>\n<p>Escolher a Lavoro \u00e9 preferir uma marca de cal\u00e7ado de seguran\u00e7a com carater\u00edsticas inovativas que permitem o maior conforto.<\/p>\n","protected":false},"excerpt":{"rendered":"<p><strong>CAL\u00c7ADO DE SEGURAN\u00c7A LAVORO\u00a0<\/strong><\/p>\n<p>O cal\u00e7ado de seguran\u00e7a Sherwood \u00e9 uma bota vers\u00e1til e resistente projetado para atender \u00e0s necessidades dos profissionais da ind\u00fastria pesada, do inc\u00eandio e das equipas de resgate. Este modelo oferece prote\u00e7\u00e3o e conforto excecionais em ambientes industriais desafiadores. \u00c9 tamb\u00e9m desenhado para profissionais da agricultura, floresta e, jardinagem.<\/p>\n<p>&nbsp;<\/p>\n<p>EN ISO 20345:2011 S3 SRC HRO<\/p>\n<p>&nbsp;<\/p>\n<p>Encontra-se dispon\u00edvel nos tamanhos 39 a 47.<\/p>\n","protected":false},"featured_media":5400,"comment_status":"open","ping_status":"closed","template":"","meta":{"_mi_skip_tracking":false},"product_cat":[197,198,194,104,106,207],"product_tag":[],"class_list":{"0":"post-5398","1":"product","2":"type-product","3":"status-publish","4":"has-post-thumbnail","6":"product_cat-setores-de-atividade-floresta-agricultura-jardinagem","7":"product_cat-setores-de-atividade-incendio-e-resgate","8":"product_cat-setores-de-atividade-industria-pesada-e-atividades-especializadas","9":"product_cat-calcado-de-seguranca","10":"product_cat-botas","11":"product_cat-lavoro-automa","13":"first","14":"instock","15":"sale","16":"taxable","17":"shipping-taxable","18":"purchasable","19":"product-type-variable"},"_links":{"self":[{"href":"https:\/\/automa.pt\/loja\/wp-json\/wp\/v2\/product\/5398","targetHints":{"allow":["GET"]}}],"collection":[{"href":"https:\/\/automa.pt\/loja\/wp-json\/wp\/v2\/product"}],"about":[{"href":"https:\/\/automa.pt\/loja\/wp-json\/wp\/v2\/types\/product"}],"replies":[{"embeddable":true,"href":"https:\/\/automa.pt\/loja\/wp-json\/wp\/v2\/comments?post=5398"}],"wp:featuredmedia":[{"embeddable":true,"href":"https:\/\/automa.pt\/loja\/wp-json\/wp\/v2\/media\/5400"}],"wp:attachment":[{"href":"https:\/\/automa.pt\/loja\/wp-json\/wp\/v2\/media?parent=5398"}],"wp:term":[{"taxonomy":"product_cat","embeddable":true,"href":"https:\/\/automa.pt\/loja\/wp-json\/wp\/v2\/product_cat?post=5398"},{"taxonomy":"product_tag","embeddable":true,"href":"https:\/\/automa.pt\/loja\/wp-json\/wp\/v2\/product_tag?post=5398"}],"curies":[{"name":"wp","href":"https:\/\/api.w.org\/{rel}","templated":true}]}}