{"id":5362,"date":"2024-03-19T09:27:11","date_gmt":"2024-03-19T09:27:11","guid":{"rendered":"https:\/\/automa.pt\/humana\/?post_type=product&#038;p=5362"},"modified":"2025-02-25T09:30:56","modified_gmt":"2025-02-25T09:30:56","slug":"calcado-de-seguranca-falcon-olive-fl","status":"publish","type":"product","link":"https:\/\/automa.pt\/loja\/produto\/calcado-de-seguranca-falcon-olive-fl\/","title":{"rendered":"Falcon Olive FL"},"content":{"rendered":"<h2><strong>Cal\u00e7ado de Seguran\u00e7a Lavoro\u00a0<\/strong><\/h2>\n<h2><strong>Cal\u00e7ado de Seguran\u00e7a Falcon Olive FL<\/strong><\/h2>\n<p>O modelo Falcon Olive FL \u00e9 um cal\u00e7ado de seguran\u00e7a concebido especialmente para satisfazer as necessidades dos profissionais da ind\u00fastria leve e da log\u00edstica. Desenvolvido minuciosamente, este cal\u00e7ado combina uma s\u00e9rie de caracter\u00edsticas avan\u00e7adas para garantir conforto e prote\u00e7\u00e3o excecionais no local de trabalho.<\/p>\n<p>Com uma sola Supernova SCF, proporciona estabilidade e seguran\u00e7a ao caminhar. A sua constru\u00e7\u00e3o leve e flex\u00edvel ajuda a reduzir a fadiga durante longos per\u00edodos de uso. Este modelo oferece uma excelente tra\u00e7\u00e3o numa variedade de superf\u00edcies.<\/p>\n<p>Com uma biqueira de fibra de vidro, estas sapatilhas oferecem uma prote\u00e7\u00e3o superior contra impactos, garantindo a seguran\u00e7a dos dedos dos p\u00e9s em ambientes desafiadores. A palmilha Kevlar proporciona uma camada adicional de prote\u00e7\u00e3o contra perfura\u00e7\u00f5es, garantindo que os p\u00e9s permane\u00e7am seguros em diversas situa\u00e7\u00f5es.<\/p>\n<p>A sua capacidade ESD (descarga eletrost\u00e1tica), garante um ambiente seguro em \u00e1reas sens\u00edveis \u00e0 eletricidade est\u00e1tica. Este modelo \u00e9 adequado para ambientes onde s\u00e3o utilizados detetores de metal pela sua caracter\u00edstica 100% n\u00e3o met\u00e1lica.<\/p>\n<p>Este \u00e9 um cal\u00e7ado de seguran\u00e7a que cumpre os requisitos da Norma EN ISO 20345:2011 CE S3 HRO SRC<\/p>\n<p>As suas carater\u00edsticas S3 indicam que tem mais do que seguran\u00e7a b\u00e1sica. O cal\u00e7ado Cascades \u00e9 antiderrapante e tem uma biqueira de seguran\u00e7a que protege os seus p\u00e9s contra impactos at\u00e9 200J. Tem a regi\u00e3o do calcanhar fechada e um sistema de absor\u00e7\u00e3o de energia no calcanhar, \u00e9 anti est\u00e1tico e resistente a \u00f3leos. Previne a penetra\u00e7\u00e3o e absor\u00e7\u00e3o de \u00e1gua e tem uma palmilha de prote\u00e7\u00e3o contra objetos pontiagudos.<\/p>\n<p>&nbsp;<\/p>\n<h3><strong>LAVORO &#8211; Engineering Life<\/strong><\/h3>\n<p>A Lavoro \u00e9 uma marca que possu\u00ed o selo VHQ (Very High Quality) que acrescenta um atestado de conformidade do cal\u00e7ado profissional com a adequada manuten\u00e7\u00e3o da sa\u00fade do p\u00e9 em contexto laboral. Desde 1988, a Lavoro \u00e9 um dos mais renomados produtores europeus de cal\u00e7ado profissional com uma procura constante pelo melhor. As carater\u00edsticas CLIMA CORK SYSTEM e RSA est\u00e3o presentes em alguns modelos e \u00e9 o que torna a Lavoro \u00fanica e inovativa.<\/p>\n<p>Escolher a Lavoro \u00e9 preferir uma marca de cal\u00e7ado de seguran\u00e7a com carater\u00edsticas inovativas que permitem o maior conforto.<\/p>\n","protected":false},"excerpt":{"rendered":"<p><strong>CAL\u00c7ADO DE SEGURAN\u00c7A LAVORO<\/strong><\/p>\n<p>O modelo Falcon Olive FL \u00e9 um cal\u00e7ado de seguran\u00e7a para os profissionais da ind\u00fastria ligeira e para a log\u00edstica. Este cal\u00e7ado combina uma s\u00e9rie de caracter\u00edsticas avan\u00e7adas para garantir conforto e prote\u00e7\u00e3o excecionais no local de trabalho. Com uma sola Supernova SCF, proporciona estabilidade e seguran\u00e7a ao caminhar. A sua constru\u00e7\u00e3o leve e flex\u00edvel ajuda a reduzir a fadiga durante longos per\u00edodos de uso.<\/p>\n<p>&nbsp;<\/p>\n<p>EN ISO 20345:2022 CE S3S CI HI FO HRO SR<\/p>\n<p>&nbsp;<\/p>\n<p>Encontra-se dispon\u00edvel nos tamanhos 39 a 48.<\/p>\n","protected":false},"featured_media":5422,"comment_status":"open","ping_status":"closed","template":"","meta":{"_mi_skip_tracking":false},"product_cat":[193,104,190,186,207],"product_tag":[],"class_list":{"0":"post-5362","1":"product","2":"type-product","3":"status-publish","4":"has-post-thumbnail","6":"product_cat-setores-de-atividade-industria-ligeira-e-logistica","7":"product_cat-calcado-de-seguranca","8":"product_cat-calcado-de-seguranca-sapatilha","9":"product_cat-mulher","10":"product_cat-lavoro-automa","12":"first","13":"instock","14":"sale","15":"taxable","16":"shipping-taxable","17":"purchasable","18":"product-type-variable"},"_links":{"self":[{"href":"https:\/\/automa.pt\/loja\/wp-json\/wp\/v2\/product\/5362","targetHints":{"allow":["GET"]}}],"collection":[{"href":"https:\/\/automa.pt\/loja\/wp-json\/wp\/v2\/product"}],"about":[{"href":"https:\/\/automa.pt\/loja\/wp-json\/wp\/v2\/types\/product"}],"replies":[{"embeddable":true,"href":"https:\/\/automa.pt\/loja\/wp-json\/wp\/v2\/comments?post=5362"}],"wp:featuredmedia":[{"embeddable":true,"href":"https:\/\/automa.pt\/loja\/wp-json\/wp\/v2\/media\/5422"}],"wp:attachment":[{"href":"https:\/\/automa.pt\/loja\/wp-json\/wp\/v2\/media?parent=5362"}],"wp:term":[{"taxonomy":"product_cat","embeddable":true,"href":"https:\/\/automa.pt\/loja\/wp-json\/wp\/v2\/product_cat?post=5362"},{"taxonomy":"product_tag","embeddable":true,"href":"https:\/\/automa.pt\/loja\/wp-json\/wp\/v2\/product_tag?post=5362"}],"curies":[{"name":"wp","href":"https:\/\/api.w.org\/{rel}","templated":true}]}}