{"id":5341,"date":"2024-03-15T13:00:23","date_gmt":"2024-03-15T13:00:23","guid":{"rendered":"https:\/\/automa.pt\/humana\/?post_type=product&#038;p=5341"},"modified":"2025-02-25T09:24:58","modified_gmt":"2025-02-25T09:24:58","slug":"calcado-de-seguranca-falcon-red","status":"publish","type":"product","link":"https:\/\/automa.pt\/loja\/produto\/calcado-de-seguranca-falcon-red\/","title":{"rendered":"Falcon Red"},"content":{"rendered":"<h2><strong>Cal\u00e7ado de Seguran\u00e7a Lavoro\u00a0<\/strong><\/h2>\n<h2><strong>Cal\u00e7ado de Seguran\u00e7a Falcon Red<\/strong><\/h2>\n<p>O Falcon Red \u00e9 um cal\u00e7ado de seguran\u00e7a que atende \u00e0s necessidades dos profissionais da ind\u00fastria ligeira e aos profissionais da log\u00edstica. Este modelo oferece uma combina\u00e7\u00e3o ideal de seguran\u00e7a e conforto. \u00c9 um produto de fabrico 100% nacional, conforme toda a cole\u00e7\u00e3o Lavoro.<\/p>\n<p>A sapatilha apresenta uma palmilha de prote\u00e7\u00e3o e limpeza em Kevlar, garantindo resist\u00eancia e higiene. Com a biqueira de prote\u00e7\u00e3o em composite e sola Supernova SCF, oferece seguran\u00e7a e conforto para ambientes de trabalho exigentes.<\/p>\n<p>A biqueira de prote\u00e7\u00e3o \u00e9 n\u00e3o met\u00e1lica, oferecendo seguran\u00e7a contra impactos sem adicionar peso extra ao cal\u00e7ado. O forro do cal\u00e7ado \u00e9 feito de material t\u00eaxtil respir\u00e1vel, proporcionando conforto e ventila\u00e7\u00e3o para os p\u00e9s durante o uso.<\/p>\n<p>Este \u00e9 um cal\u00e7ado de seguran\u00e7a que cumpre os requisitos da Norma EN ISO 20345:2011 CE S3 HRO SRC<\/p>\n<p>As suas carater\u00edsticas S3 indicam que tem mais do que seguran\u00e7a b\u00e1sica. O cal\u00e7ado de seguran\u00e7a \u00e9 antiderrapante e tem uma biqueira de seguran\u00e7a que protege os seus p\u00e9s contra impactos at\u00e9 200J. Tem a regi\u00e3o do calcanhar fechada e um sistema de absor\u00e7\u00e3o de energia no calcanhar, \u00e9 anti est\u00e1tico e resistente a \u00f3leos. Previne a penetra\u00e7\u00e3o e absor\u00e7\u00e3o de \u00e1gua e tem uma palmilha de prote\u00e7\u00e3o contra objetos pontiagudos.<\/p>\n<h3><strong>LAVORO &#8211; Engineering Life<\/strong><\/h3>\n<p>A Lavoro \u00e9 uma marca que possu\u00ed o selo VHQ (Very High Quality) que acrescenta um atestado de conformidade do cal\u00e7ado profissional com a adequada manuten\u00e7\u00e3o da sa\u00fade do p\u00e9 em contexto laboral. Desde 1988, a Lavoro \u00e9 um dos mais renomados produtores europeus de cal\u00e7ado profissional com uma procura constante pelo melhor. As carater\u00edsticas CLIMA CORK SYSTEM e RSA est\u00e3o presentes em alguns modelos e \u00e9 o que torna a Lavoro \u00fanica e inovativa.<\/p>\n<p>Escolher a Lavoro \u00e9 preferir uma marca de cal\u00e7ado de seguran\u00e7a com carater\u00edsticas inovativas que permitem o maior conforto.<\/p>\n","protected":false},"excerpt":{"rendered":"<p><strong>CAL\u00c7ADO DE SEGURAN\u00c7A LAVORO<\/strong><\/p>\n<p>O cal\u00e7ado de seguran\u00e7a Falcon Red oferece uma combina\u00e7\u00e3o de prote\u00e7\u00e3o e conforto para profissionais da ind\u00fastria ligeira e da log\u00edstica. Com uma biqueira de prote\u00e7\u00e3o n\u00e3o met\u00e1lica e palmilha de Kevlar, garante resist\u00eancia contra impactos e perfura\u00e7\u00f5es. Ideal para ambientes de trabalho desafiadores, o Falcon Red \u00e9 uma escolha confi\u00e1vel para quem procura seguran\u00e7a e qualidade.<\/p>\n<p>&nbsp;<\/p>\n<p>EN ISO 20345:2022 CE S3S CI HI FO HRO SR<\/p>\n<p>&nbsp;<\/p>\n<p>Encontra-se dispon\u00edvel nos tamanhos 39 a 48.<\/p>\n","protected":false},"featured_media":6086,"comment_status":"open","ping_status":"closed","template":"","meta":{"_mi_skip_tracking":false},"product_cat":[193,104,190,207,204],"product_tag":[],"class_list":{"0":"post-5341","1":"product","2":"type-product","3":"status-publish","4":"has-post-thumbnail","6":"product_cat-setores-de-atividade-industria-ligeira-e-logistica","7":"product_cat-calcado-de-seguranca","8":"product_cat-calcado-de-seguranca-sapatilha","9":"product_cat-lavoro-automa","10":"product_cat-novidades-automa","12":"first","13":"instock","14":"sale","15":"taxable","16":"shipping-taxable","17":"purchasable","18":"product-type-variable"},"_links":{"self":[{"href":"https:\/\/automa.pt\/loja\/wp-json\/wp\/v2\/product\/5341","targetHints":{"allow":["GET"]}}],"collection":[{"href":"https:\/\/automa.pt\/loja\/wp-json\/wp\/v2\/product"}],"about":[{"href":"https:\/\/automa.pt\/loja\/wp-json\/wp\/v2\/types\/product"}],"replies":[{"embeddable":true,"href":"https:\/\/automa.pt\/loja\/wp-json\/wp\/v2\/comments?post=5341"}],"wp:featuredmedia":[{"embeddable":true,"href":"https:\/\/automa.pt\/loja\/wp-json\/wp\/v2\/media\/6086"}],"wp:attachment":[{"href":"https:\/\/automa.pt\/loja\/wp-json\/wp\/v2\/media?parent=5341"}],"wp:term":[{"taxonomy":"product_cat","embeddable":true,"href":"https:\/\/automa.pt\/loja\/wp-json\/wp\/v2\/product_cat?post=5341"},{"taxonomy":"product_tag","embeddable":true,"href":"https:\/\/automa.pt\/loja\/wp-json\/wp\/v2\/product_tag?post=5341"}],"curies":[{"name":"wp","href":"https:\/\/api.w.org\/{rel}","templated":true}]}}