{"id":5291,"date":"2024-03-14T16:27:49","date_gmt":"2024-03-14T16:27:49","guid":{"rendered":"https:\/\/automa.pt\/humana\/?post_type=product&#038;p=5291"},"modified":"2025-02-25T11:51:03","modified_gmt":"2025-02-25T11:51:03","slug":"calcado-de-seguranca-sarah","status":"publish","type":"product","link":"https:\/\/automa.pt\/loja\/produto\/calcado-de-seguranca-sarah\/","title":{"rendered":"Sarah"},"content":{"rendered":"<h2><strong>Cal\u00e7ado de Seguran\u00e7a Lavoro\u00a0<\/strong><\/h2>\n<h2><strong>Cal\u00e7ado de Seguran\u00e7a Sarah<\/strong><\/h2>\n<p>O Sarah \u00e9 um cal\u00e7ado de seguran\u00e7a que atende \u00e0s necessidades dos profissionais da ind\u00fastria ligeira, log\u00edstica e atividades executivas. Um sapato totalmente desenhado para mulheres e \u00e9 um produto nacional portugu\u00eas.<\/p>\n<p>O cal\u00e7ado de seguran\u00e7a Sarah oferece prote\u00e7\u00e3o com a biqueira em a\u00e7o e resist\u00eancia com a palmilha de Kevlar. A sua sola de PU, diretamente injetada, garante durabilidade e conforto ao usu\u00e1rio.<\/p>\n<p>A sa\u00fade e o conforto dos p\u00e9s s\u00e3o garantidos pelo couro preto de gr\u00e3o integral, pelo forro respir\u00e1vel e pela biqueira de a\u00e7o (resistente a impactos at\u00e9 200 J). O Sarah cont\u00e9m um ajuste confort\u00e1vel ao p\u00e9 feminino, permitindo que as profissionais desempenhem as atividades com confian\u00e7a e tranquilidade.<\/p>\n<p>Este \u00e9 um cal\u00e7ado de seguran\u00e7a que cumpre os requisitos da Norma EN ISO 20345:2011 S3 SRC<\/p>\n<p>As suas carater\u00edsticas S3 indicam que tem mais do que seguran\u00e7a b\u00e1sica. O cal\u00e7ado de seguran\u00e7a \u00e9 antiderrapante e tem uma biqueira de seguran\u00e7a que protege os seus p\u00e9s contra impactos at\u00e9 200J. Tem a regi\u00e3o do calcanhar fechada e um sistema de absor\u00e7\u00e3o de energia no calcanhar, \u00e9 anti est\u00e1tico e resistente a \u00f3leos. Previne a penetra\u00e7\u00e3o e absor\u00e7\u00e3o de \u00e1gua e tem uma palmilha de prote\u00e7\u00e3o contra objetos pontiagudos.<\/p>\n<p>&nbsp;<\/p>\n<h3><strong>LAVORO &#8211; Engineering Life<\/strong><\/h3>\n<p>A Lavoro \u00e9 uma marca que possu\u00ed o selo VHQ (Very High Quality) que acrescenta um atestado de conformidade do cal\u00e7ado profissional com a adequada manuten\u00e7\u00e3o da sa\u00fade do p\u00e9 em contexto laboral. Desde 1988, a Lavoro \u00e9 um dos mais renomados produtores europeus de cal\u00e7ado profissional com uma procura constante pelo melhor. As carater\u00edsticas CLIMA CORK SYSTEM e RSA est\u00e3o presentes em alguns modelos e \u00e9 o que torna a Lavoro \u00fanica e inovativa.<\/p>\n<p>Escolher a Lavoro \u00e9 preferir uma marca de cal\u00e7ado de seguran\u00e7a com carater\u00edsticas inovativas que permitem o maior conforto.<\/p>\n","protected":false},"excerpt":{"rendered":"<p><strong>CAL\u00c7ADO DE SEGURAN\u00c7A LAVORO\u00a0<\/strong><\/p>\n<p>O Sarah \u00e9 um sapato de seguran\u00e7a projetado para atender \u00e0s requisitos dos setores de ind\u00fastria leve, log\u00edstica e atividades executivas. Desenhado para mulheres, \u00e9 um produto de fabrica\u00e7\u00e3o nacional Portugu\u00eas, oferecendo um ajuste confort\u00e1vel e seguro para que as profissionais possam realizar as suas atividades com confian\u00e7a e tranquilidade.<\/p>\n<p>&nbsp;<\/p>\n<p>EN ISO 20345:2011 S3 SRC<\/p>\n<p>&nbsp;<\/p>\n<p>Este modelo est\u00e1 dispon\u00edvel nos tamanhos 36 a 42.<\/p>\n","protected":false},"featured_media":5293,"comment_status":"open","ping_status":"closed","template":"","meta":{"_mi_skip_tracking":false},"product_cat":[193,105,186,207],"product_tag":[],"class_list":{"0":"post-5291","1":"product","2":"type-product","3":"status-publish","4":"has-post-thumbnail","6":"product_cat-setores-de-atividade-industria-ligeira-e-logistica","7":"product_cat-sapatos","8":"product_cat-mulher","9":"product_cat-lavoro-automa","11":"first","12":"instock","13":"sale","14":"taxable","15":"shipping-taxable","16":"purchasable","17":"product-type-variable"},"_links":{"self":[{"href":"https:\/\/automa.pt\/loja\/wp-json\/wp\/v2\/product\/5291","targetHints":{"allow":["GET"]}}],"collection":[{"href":"https:\/\/automa.pt\/loja\/wp-json\/wp\/v2\/product"}],"about":[{"href":"https:\/\/automa.pt\/loja\/wp-json\/wp\/v2\/types\/product"}],"replies":[{"embeddable":true,"href":"https:\/\/automa.pt\/loja\/wp-json\/wp\/v2\/comments?post=5291"}],"wp:featuredmedia":[{"embeddable":true,"href":"https:\/\/automa.pt\/loja\/wp-json\/wp\/v2\/media\/5293"}],"wp:attachment":[{"href":"https:\/\/automa.pt\/loja\/wp-json\/wp\/v2\/media?parent=5291"}],"wp:term":[{"taxonomy":"product_cat","embeddable":true,"href":"https:\/\/automa.pt\/loja\/wp-json\/wp\/v2\/product_cat?post=5291"},{"taxonomy":"product_tag","embeddable":true,"href":"https:\/\/automa.pt\/loja\/wp-json\/wp\/v2\/product_tag?post=5291"}],"curies":[{"name":"wp","href":"https:\/\/api.w.org\/{rel}","templated":true}]}}