{"id":5176,"date":"2024-03-12T13:34:08","date_gmt":"2024-03-12T13:34:08","guid":{"rendered":"https:\/\/automa.pt\/humana\/?post_type=product&#038;p=5176"},"modified":"2025-02-10T13:51:47","modified_gmt":"2025-02-10T13:51:47","slug":"colete-refletor","status":"publish","type":"product","link":"https:\/\/automa.pt\/loja\/produto\/colete-refletor\/","title":{"rendered":"Colete Refletor"},"content":{"rendered":"<h2><strong>Colete Refletor da Vizwell<\/strong><\/h2>\n<p>O colete refletor de alta visibilidade da Vizwell, confecionado inteiramente em poli\u00e9ster, apresenta duas fitas horizontais altamente vis\u00edveis. A sua fun\u00e7\u00e3o primordial \u00e9 real\u00e7ar a visibilidade, mitigando os riscos de acidentes, sobretudo em ambientes com baixa luminosidade. Este acess\u00f3rio proporciona seguran\u00e7a adicional em diversas situa\u00e7\u00f5es.<\/p>\n<p>O colete refletor \u00e9 vers\u00e1til, adaptando-se a diversas \u00e1reas e atividades. \u00c9 ideal para profissionais em constru\u00e7\u00e3o civil, trabalhadores rodovi\u00e1rios e para equipas de seguran\u00e7a. Al\u00e9m disso, \u00e9 indispens\u00e1vel para ciclistas, corredores noturnos e eventos ao ar livre, proporcionando seguran\u00e7a em ambientes de baixa luminosidade.<\/p>\n<p>Na constru\u00e7\u00e3o civil, o colete desempenha um papel crucial ao tornar os trabalhadores mais vis\u00edveis para m\u00e1quinas e colegas, reduzindo o risco de acidentes. Em situa\u00e7\u00f5es de emerg\u00eancia, equipas de resgate confiam na visibilidade proporcionada pelos coletes para agir de maneira r\u00e1pida e eficiente. Os trabalhadores rodovi\u00e1rios tamb\u00e9m encontram nos coletes refletores uma ferramenta indispens\u00e1vel para proteger-se em ambientes de tr\u00e1fego intenso.<\/p>\n<p>Para os entusiastas de ciclismo e corrida noturna, esses coletes oferecem seguran\u00e7a e promovem um estilo de vida ativo. O ajuste confort\u00e1vel e a leveza do material fazem com que seja f\u00e1cil integrar \u00e0 rotina, seja durante uma corrida noturna, um passeio de bicicleta ou uma caminhada \u00e0 noite.<\/p>\n<p>O material 100% poli\u00e9ster n\u00e3o apenas oferece durabilidade, mas tamb\u00e9m assegura conforto ao usu\u00e1rio.<\/p>\n<p>Com a sua capacidade de refletir a luz de far\u00f3is de ve\u00edculos, o colete refletor aumenta a visibilidade do usu\u00e1rio em at\u00e9 alguns metros. \u00c9 uma escolha ideal para os profissionais que trabalham em \u00e1reas de alto tr\u00e1fico ou baixa luminosidade. O colete refletor \u00e9 uma pe\u00e7a de seguran\u00e7a essencial que oferece visibilidade e prote\u00e7\u00e3o aos trabalhadores em uma variedade de ambientes e condi\u00e7\u00f5es. O colete refletor da Vizwell \u00e9 essencial para garantir visibilidade e seguran\u00e7a em ambientes com pouca luz.<\/p>\n<p>O Colete Refletor \u00e9 cumpre os requisitos da Norma EN ISO 20471-2013 CLASSE 2.<\/p>\n","protected":false},"excerpt":{"rendered":"<p><strong>COLETE REFLETOR VIZWELL<\/strong><\/p>\n<p>O coletor refletor de alta visibilidade da marca Vizwell \u00e9 100% poli\u00e9ster e possu\u00ed duas fitas de alta visibilidade horizontais. Devido \u00e0 sua principal fun\u00e7\u00e3o de aumentar a visibilidade do seu utilizador reduz os riscos de acidentes, principalmente em ambientes de baixa luminosidade.<\/p>\n<p>&nbsp;<\/p>\n<p>EN ISO 20471-2013 CLASSE 2<\/p>\n<p>&nbsp;<\/p>\n<p>Est\u00e1 dispon\u00edvel nos tamanhos M a 2XL.<\/p>\n","protected":false},"featured_media":5174,"comment_status":"open","ping_status":"closed","template":"","meta":{"_mi_skip_tracking":false},"product_cat":[202],"product_tag":[],"class_list":{"0":"post-5176","1":"product","2":"type-product","3":"status-publish","4":"has-post-thumbnail","6":"product_cat-vestuario-automa","8":"first","9":"instock","10":"taxable","11":"shipping-taxable","12":"purchasable","13":"product-type-variable"},"_links":{"self":[{"href":"https:\/\/automa.pt\/loja\/wp-json\/wp\/v2\/product\/5176","targetHints":{"allow":["GET"]}}],"collection":[{"href":"https:\/\/automa.pt\/loja\/wp-json\/wp\/v2\/product"}],"about":[{"href":"https:\/\/automa.pt\/loja\/wp-json\/wp\/v2\/types\/product"}],"replies":[{"embeddable":true,"href":"https:\/\/automa.pt\/loja\/wp-json\/wp\/v2\/comments?post=5176"}],"wp:featuredmedia":[{"embeddable":true,"href":"https:\/\/automa.pt\/loja\/wp-json\/wp\/v2\/media\/5174"}],"wp:attachment":[{"href":"https:\/\/automa.pt\/loja\/wp-json\/wp\/v2\/media?parent=5176"}],"wp:term":[{"taxonomy":"product_cat","embeddable":true,"href":"https:\/\/automa.pt\/loja\/wp-json\/wp\/v2\/product_cat?post=5176"},{"taxonomy":"product_tag","embeddable":true,"href":"https:\/\/automa.pt\/loja\/wp-json\/wp\/v2\/product_tag?post=5176"}],"curies":[{"name":"wp","href":"https:\/\/api.w.org\/{rel}","templated":true}]}}