{"id":4859,"date":"2024-03-05T15:29:37","date_gmt":"2024-03-05T15:29:37","guid":{"rendered":"https:\/\/automa.pt\/humana\/?post_type=product&#038;p=4859"},"modified":"2025-02-25T09:55:05","modified_gmt":"2025-02-25T09:55:05","slug":"calcado-de-seguranca-yoda-blue-fl","status":"publish","type":"product","link":"https:\/\/automa.pt\/loja\/produto\/calcado-de-seguranca-yoda-blue-fl\/","title":{"rendered":"Yoda Blue FL"},"content":{"rendered":"<h2><strong>Cal\u00e7ado de Seguran\u00e7a Lavoro<\/strong><\/h2>\n<h2><strong>Cal\u00e7ado de Seguran\u00e7a Yoda Blue FL<\/strong><\/h2>\n<p>Este cal\u00e7ado de seguran\u00e7a \u00e9 a op\u00e7\u00e3o ideal para profissionais que procuram conforto e seguran\u00e7a no ambiente de trabalho. O Yoda Blue FL atende \u00e0s necessidades dos profissionais da ind\u00fastria pesada.<\/p>\n<p>Fabricado com nubuck de alta qualidade, proporciona durabilidade e resist\u00eancia, mantendo os p\u00e9s protegidos.<\/p>\n<p>Com a composi\u00e7\u00e3o 100% n\u00e3o met\u00e1lica, o Yoda Blue FL oferece leveza e flexibilidade. Permite maior liberdade de movimento durante o dia de trabalho. A biqueira em composite proporciona prote\u00e7\u00e3o contra impactos, mantendo os p\u00e9s seguros em ambientes de trabalho exigentes.<\/p>\n<p>A palmilha de Kevlar oferece uma camada adicional de prote\u00e7\u00e3o contra objetos cortantes, garantindo conforto e seguran\u00e7a ao usu\u00e1rio. A sola de PU e borracha oferece excelente ader\u00eancia e durabilidade, proporcionando estabilidade em diferentes tipos de superf\u00edcies.<\/p>\n<p>O cal\u00e7ado Yoda Blue FL \u00e9 ESD (Electrostatic Discharge Safe), o que significa que dissipa a eletricidade est\u00e1tica de forma segura. Assim, esta carater\u00edstica protege o profissional contra poss\u00edveis danos causados por descargas el\u00e9tricas.<\/p>\n<p>Este \u00e9 um cal\u00e7ado de seguran\u00e7a que cumpre os requisitos da Norma EN ISO20345:2011 CE <strong>S3 HRO SRC.<\/strong><\/p>\n<p>As suas carater\u00edsticas S3 indicam que tem mais do que seguran\u00e7a b\u00e1sica. Este cal\u00e7ado \u00e9 antiderrapante e tem uma biqueira de seguran\u00e7a que protege os seus p\u00e9s contra impactos at\u00e9 200J. Tem a regi\u00e3o do calcanhar fechada e um sistema de absor\u00e7\u00e3o de energia no calcanhar, \u00e9 anti est\u00e1tico e resistente a \u00f3leos. Previne a penetra\u00e7\u00e3o e absor\u00e7\u00e3o de \u00e1gua e tem uma palmilha de prote\u00e7\u00e3o contra objetos pontiagudos.<\/p>\n<p>&nbsp;<\/p>\n<h3><strong>LAVORO &#8211; Engineering Life<\/strong><\/h3>\n<p>A Lavoro \u00e9 uma marca que possu\u00ed o selo VHQ (Very High Quality) que acrescenta um atestado de conformidade do cal\u00e7ado profissional com a adequada manuten\u00e7\u00e3o da sa\u00fade do p\u00e9 em contexto laboral. Desde 1988, a Lavoro \u00e9 um dos mais renomados produtores europeus de cal\u00e7ado profissional com uma procura constante pelo melhor. As carater\u00edsticas CLIMA CORK SYSTEM e RSA est\u00e3o presentes em alguns modelos e \u00e9 o que torna a Lavoro \u00fanica e inovativa.<\/p>\n<p>Escolher a Lavoro \u00e9 preferir uma marca de cal\u00e7ado de seguran\u00e7a com carater\u00edsticas inovativas que permitem o maior conforto.<\/p>\n","protected":false},"excerpt":{"rendered":"<p><strong>CAL\u00c7ADO DE SEGURAN\u00c7A LAVORO\u00a0<\/strong><\/p>\n<p>O Yoda Blue FL \u00e9 um cal\u00e7ado de seguran\u00e7a que atende \u00e0s necessidades do profissional da ind\u00fastria pesada. \u00c9 a escolha perfeita para quem valoriza alta qualidade, desempenho e conforto. Resistente \u00e0 \u00e1gua e com palmilha em gel, revestido em pele.\u00a0 Tem a vers\u00e3o bota dispon\u00edvel.<\/p>\n<p>&nbsp;<\/p>\n<p>EN ISO20345:2011 CE <strong><span style=\"font-weight: normal\">S3 HRO SRC<\/span><\/strong><\/p>\n<p><strong><span style=\"font-weight: normal\">\u00a0<\/span><\/strong><\/p>\n<p><strong><span style=\"font-weight: normal\">Este modelo encontra-se dispon\u00edvel nos tamanhos 35 a 48.<\/span><\/strong><\/p>\n","protected":false},"featured_media":5181,"comment_status":"open","ping_status":"closed","template":"","meta":{"_mi_skip_tracking":false},"product_cat":[194,104,105,112,186,207],"product_tag":[185,159,160,163,161],"class_list":{"0":"post-4859","1":"product","2":"type-product","3":"status-publish","4":"has-post-thumbnail","6":"product_cat-setores-de-atividade-industria-pesada-e-atividades-especializadas","7":"product_cat-calcado-de-seguranca","8":"product_cat-sapatos","9":"product_cat-biqueira-de-protecao","10":"product_cat-mulher","11":"product_cat-lavoro-automa","12":"product_tag-100-nao-metalico","13":"product_tag-calcado-de-seguranca","14":"product_tag-calcado-profissional","15":"product_tag-lavoro","16":"product_tag-sapatos","18":"first","19":"instock","20":"sale","21":"taxable","22":"shipping-taxable","23":"purchasable","24":"product-type-variable"},"_links":{"self":[{"href":"https:\/\/automa.pt\/loja\/wp-json\/wp\/v2\/product\/4859","targetHints":{"allow":["GET"]}}],"collection":[{"href":"https:\/\/automa.pt\/loja\/wp-json\/wp\/v2\/product"}],"about":[{"href":"https:\/\/automa.pt\/loja\/wp-json\/wp\/v2\/types\/product"}],"replies":[{"embeddable":true,"href":"https:\/\/automa.pt\/loja\/wp-json\/wp\/v2\/comments?post=4859"}],"wp:featuredmedia":[{"embeddable":true,"href":"https:\/\/automa.pt\/loja\/wp-json\/wp\/v2\/media\/5181"}],"wp:attachment":[{"href":"https:\/\/automa.pt\/loja\/wp-json\/wp\/v2\/media?parent=4859"}],"wp:term":[{"taxonomy":"product_cat","embeddable":true,"href":"https:\/\/automa.pt\/loja\/wp-json\/wp\/v2\/product_cat?post=4859"},{"taxonomy":"product_tag","embeddable":true,"href":"https:\/\/automa.pt\/loja\/wp-json\/wp\/v2\/product_tag?post=4859"}],"curies":[{"name":"wp","href":"https:\/\/api.w.org\/{rel}","templated":true}]}}