{"id":4843,"date":"2024-03-05T15:29:04","date_gmt":"2024-03-05T15:29:04","guid":{"rendered":"https:\/\/automa.pt\/humana\/?post_type=product&#038;p=4843"},"modified":"2025-02-28T00:03:18","modified_gmt":"2025-02-28T00:03:18","slug":"calcado-de-seguranca-lando-taupe-fl","status":"publish","type":"product","link":"https:\/\/automa.pt\/loja\/produto\/calcado-de-seguranca-lando-taupe-fl\/","title":{"rendered":"Lando Taupe FL"},"content":{"rendered":"<h2><strong>Cal\u00e7ado de Seguran\u00e7a Lavoro\u00a0<\/strong><\/h2>\n<p>Cal\u00e7ado de Seguran\u00e7a Lando Taupe FL<\/p>\n<p>O Lando Taupe FL, um cal\u00e7ado de seguran\u00e7a confort\u00e1vel, projetado para enfrentar os desafios da ind\u00fastria pesada, constru\u00e7\u00e3o e energia. Atende aos mais altos padr\u00f5es de seguran\u00e7a, garantindo prote\u00e7\u00e3o completa para os p\u00e9s dos profissionais.<\/p>\n<p>Equipado com uma palmilha Kevlar e biqueira em Composite, oferece prote\u00e7\u00e3o eficaz contra perfura\u00e7\u00f5es e impactos, garantindo a seguran\u00e7a dos p\u00e9s. A sola em PU proporciona excelente amortecimento e resist\u00eancia \u00e0 abras\u00e3o, oferecendo estabilidade numa variedade de superf\u00edcies.<\/p>\n<p>Com tecnologia ESD e certifica\u00e7\u00e3o CCS, este modelo protege contradescargas eletrost\u00e1ticas e controla a contamina\u00e7\u00e3o est\u00e1tica em ambientes sens\u00edveis. \u00c9 resistente a temperaturas de at\u00e9 300\u00b0C, proporcionando prote\u00e7\u00e3o em ambientes com riscos t\u00e9rmicos elevados.<\/p>\n<p>Sendo 100% n\u00e3o met\u00e1lico, o cal\u00e7ado oferece leveza e flexibilidade adicionais, garantindo conforto durante todo o dia de trabalho.<\/p>\n<p>Este \u00e9 um cal\u00e7ado de seguran\u00e7a que cumpre os requisitos da EN ISO 20345:2011 CE S3 HRO SRC.<\/p>\n<p>As suas carater\u00edsticas S3 indicam que tem mais do que seguran\u00e7a b\u00e1sica. O cal\u00e7ado \u00e9 antiderrapante e tem uma biqueira de seguran\u00e7a que protege os seus p\u00e9s contra impactos at\u00e9 200J. Tem a regi\u00e3o do calcanhar fechada e um sistema de absor\u00e7\u00e3o de energia no calcanhar, \u00e9 anti est\u00e1tico e resistente a \u00f3leos. Previne a penetra\u00e7\u00e3o e absor\u00e7\u00e3o de \u00e1gua e tem uma palmilha de prote\u00e7\u00e3o contra objetos pontiagudos.<\/p>\n<p>&nbsp;<\/p>\n<h3><strong>LAVORO &#8211; Engineering Life<\/strong><\/h3>\n<p>A Lavoro \u00e9 uma marca que possu\u00ed o selo VHQ (Very High Quality) que acrescenta um atestado de conformidade do cal\u00e7ado profissional com a adequada manuten\u00e7\u00e3o da sa\u00fade do p\u00e9 em contexto laboral. Desde 1988, a Lavoro \u00e9 um dos mais renomados produtores europeus de cal\u00e7ado profissional com uma procura constante pelo melhor. As carater\u00edsticas CLIMA CORK SYSTEM e RSA est\u00e3o presentes em alguns modelos e \u00e9 o que torna a Lavoro \u00fanica e inovativa.<\/p>\n<p>Escolher a Lavoro \u00e9 preferir uma marca de cal\u00e7ado de seguran\u00e7a com carater\u00edsticas inovativas que permitem o maior conforto.<\/p>\n","protected":false},"excerpt":{"rendered":"<p>CAL\u00c7ADO DE SEGURAN\u00c7A LAVORO Lando Taupe<\/p>\n<p>O Lando Taupe FL \u00e9 um cal\u00e7ado de seguran\u00e7a desenhado para satisfazer as necessidades dos profissionais da ind\u00fastria pesada, constru\u00e7\u00e3o e energia. Oferece prote\u00e7\u00e3o e conforto durante as longas jornadas de trabalho. Resistente \u00e0 \u00e1gua e com palmilha em gel, reveste-se de uma pele escovada. Ideal para ambientes de oficina. Vers\u00e3o sapato dispon\u00edvel.<\/p>\n<p>&nbsp;<\/p>\n<p>EN ISO 20345:2011 CE S3 HRO SRC<\/p>\n<p>&nbsp;<\/p>\n<p>Encontra-se dispon\u00edvel nos tamanhos 35 a 48.<\/p>\n","protected":false},"featured_media":5183,"comment_status":"open","ping_status":"closed","template":"","meta":{"_mi_skip_tracking":false},"product_cat":[211,194,104,106,112,207],"product_tag":[185,162,159,160,163],"class_list":{"0":"post-4843","1":"product","2":"type-product","3":"status-publish","4":"has-post-thumbnail","6":"product_cat-setores-de-atividade-construcao-e-energia","7":"product_cat-setores-de-atividade-industria-pesada-e-atividades-especializadas","8":"product_cat-calcado-de-seguranca","9":"product_cat-botas","10":"product_cat-biqueira-de-protecao","11":"product_cat-lavoro-automa","12":"product_tag-100-nao-metalico","13":"product_tag-botas","14":"product_tag-calcado-de-seguranca","15":"product_tag-calcado-profissional","16":"product_tag-lavoro","18":"first","19":"instock","20":"taxable","21":"shipping-taxable","22":"purchasable","23":"product-type-variable"},"_links":{"self":[{"href":"https:\/\/automa.pt\/loja\/wp-json\/wp\/v2\/product\/4843","targetHints":{"allow":["GET"]}}],"collection":[{"href":"https:\/\/automa.pt\/loja\/wp-json\/wp\/v2\/product"}],"about":[{"href":"https:\/\/automa.pt\/loja\/wp-json\/wp\/v2\/types\/product"}],"replies":[{"embeddable":true,"href":"https:\/\/automa.pt\/loja\/wp-json\/wp\/v2\/comments?post=4843"}],"wp:featuredmedia":[{"embeddable":true,"href":"https:\/\/automa.pt\/loja\/wp-json\/wp\/v2\/media\/5183"}],"wp:attachment":[{"href":"https:\/\/automa.pt\/loja\/wp-json\/wp\/v2\/media?parent=4843"}],"wp:term":[{"taxonomy":"product_cat","embeddable":true,"href":"https:\/\/automa.pt\/loja\/wp-json\/wp\/v2\/product_cat?post=4843"},{"taxonomy":"product_tag","embeddable":true,"href":"https:\/\/automa.pt\/loja\/wp-json\/wp\/v2\/product_tag?post=4843"}],"curies":[{"name":"wp","href":"https:\/\/api.w.org\/{rel}","templated":true}]}}