{"id":4813,"date":"2024-03-05T14:25:05","date_gmt":"2024-03-05T14:25:05","guid":{"rendered":"https:\/\/automa.pt\/humana\/?post_type=product&#038;p=4813"},"modified":"2025-02-05T13:07:35","modified_gmt":"2025-02-05T13:07:35","slug":"calcado-de-seguranca-e26","status":"publish","type":"product","link":"https:\/\/automa.pt\/loja\/produto\/calcado-de-seguranca-e26\/","title":{"rendered":"E26"},"content":{"rendered":"<h2><strong>Cal\u00e7ado de Seguran\u00e7a Lavoro\u00a0<\/strong><\/h2>\n<h2><strong>Cal\u00e7ado de Seguran\u00e7a E26<\/strong><\/h2>\n<p>O E26 \u00e9 um cal\u00e7ado de seguran\u00e7a que atende aos padr\u00f5es de qualidade e seguran\u00e7a, especialmente desenvolvido para a ind\u00fastria pesada. Com uma palmilha Kevlar e uma biqueira de a\u00e7o, oferece prote\u00e7\u00e3o robusta contra perfura\u00e7\u00f5es e impactos.<\/p>\n<p>A sola PU do E26 proporciona resist\u00eancia \u00e0 abras\u00e3o e excelente ader\u00eancia numa variedade de superf\u00edcies. Possui propriedades antiderrapantes, reduzindo o risco de escorreg\u00f5es e quedas.<\/p>\n<p>Certificado com o ESD e CCS, este cal\u00e7ado oferece prote\u00e7\u00e3o adicional contra descargas eletrost\u00e1ticas e controla a contamina\u00e7\u00e3o est\u00e1tica em ambientes sens\u00edveis. Com resist\u00eancia a temperaturas de at\u00e9 300\u00b0C, o E26 garante a prote\u00e7\u00e3o dos p\u00e9s em ambientes com riscos t\u00e9rmicos elevados.<\/p>\n<p>Sendo 100% n\u00e3o met\u00e1lico, oferece uma solu\u00e7\u00e3o segura e leve para profissionais que trabalham em ambientes sens\u00edveis a interfer\u00eancias magn\u00e9ticas.<\/p>\n<p>Este \u00e9 um cal\u00e7ado de seguran\u00e7a que cumpre os requisitos da EN ISO 20345:2011 CE S3 HRO SRC.<\/p>\n<p>As suas carater\u00edsticas S3 indicam que tem mais do que seguran\u00e7a b\u00e1sica. O cal\u00e7ado \u00e9 antiderrapante e tem uma biqueira de seguran\u00e7a que protege os seus p\u00e9s contra impactos at\u00e9 200J. Tem a regi\u00e3o do calcanhar fechada e um sistema de absor\u00e7\u00e3o de energia no calcanhar, \u00e9 anti est\u00e1tico e resistente a \u00f3leos. Previne a penetra\u00e7\u00e3o e absor\u00e7\u00e3o de \u00e1gua e tem uma palmilha de prote\u00e7\u00e3o contra objetos pontiagudos.<\/p>\n<p>&nbsp;<\/p>\n<h3><strong>LAVORO &#8211; Engineering Life<\/strong><\/h3>\n<p>A Lavoro \u00e9 uma marca que possu\u00ed o selo VHQ (Very High Quality) que acrescenta um atestado de conformidade do cal\u00e7ado profissional com a adequada manuten\u00e7\u00e3o da sa\u00fade do p\u00e9 em contexto laboral. Desde 1988, a Lavoro \u00e9 um dos mais renomados produtores europeus de cal\u00e7ado profissional com uma procura constante pelo melhor. As carater\u00edsticas CLIMA CORK SYSTEM e RSA est\u00e3o presentes em alguns modelos e \u00e9 o que torna a Lavoro \u00fanica e inovativa.<\/p>\n<p>Escolher a Lavoro \u00e9 preferir uma marca de cal\u00e7ado de seguran\u00e7a com carater\u00edsticas inovativas que permitem o maior conforto.<\/p>\n","protected":false},"excerpt":{"rendered":"<p><strong>CAL\u00c7ADO DE SEGURAN\u00c7A LAVORO <\/strong><\/p>\n<p>Com uma sola resistente at\u00e9 300\u00baC e nitr\u00edlica, para a m\u00e1xima ader\u00eancia, garante seguran\u00e7a em contextos em que predominam as for\u00e7as de atrito.<\/p>\n<p>&nbsp;<\/p>\n<p>EN ISO20345:2011 CE <strong>S3 HRO SRC<\/strong><\/p>\n","protected":false},"featured_media":5188,"comment_status":"open","ping_status":"closed","template":"","meta":{"_mi_skip_tracking":false},"product_cat":[194,104,106,112,207],"product_tag":[185,162,159,160,163],"class_list":{"0":"post-4813","1":"product","2":"type-product","3":"status-publish","4":"has-post-thumbnail","6":"product_cat-setores-de-atividade-industria-pesada-e-atividades-especializadas","7":"product_cat-calcado-de-seguranca","8":"product_cat-botas","9":"product_cat-biqueira-de-protecao","10":"product_cat-lavoro-automa","11":"product_tag-100-nao-metalico","12":"product_tag-botas","13":"product_tag-calcado-de-seguranca","14":"product_tag-calcado-profissional","15":"product_tag-lavoro","17":"first","18":"outofstock","19":"taxable","20":"shipping-taxable","21":"purchasable","22":"product-type-variable"},"_links":{"self":[{"href":"https:\/\/automa.pt\/loja\/wp-json\/wp\/v2\/product\/4813","targetHints":{"allow":["GET"]}}],"collection":[{"href":"https:\/\/automa.pt\/loja\/wp-json\/wp\/v2\/product"}],"about":[{"href":"https:\/\/automa.pt\/loja\/wp-json\/wp\/v2\/types\/product"}],"replies":[{"embeddable":true,"href":"https:\/\/automa.pt\/loja\/wp-json\/wp\/v2\/comments?post=4813"}],"wp:featuredmedia":[{"embeddable":true,"href":"https:\/\/automa.pt\/loja\/wp-json\/wp\/v2\/media\/5188"}],"wp:attachment":[{"href":"https:\/\/automa.pt\/loja\/wp-json\/wp\/v2\/media?parent=4813"}],"wp:term":[{"taxonomy":"product_cat","embeddable":true,"href":"https:\/\/automa.pt\/loja\/wp-json\/wp\/v2\/product_cat?post=4813"},{"taxonomy":"product_tag","embeddable":true,"href":"https:\/\/automa.pt\/loja\/wp-json\/wp\/v2\/product_tag?post=4813"}],"curies":[{"name":"wp","href":"https:\/\/api.w.org\/{rel}","templated":true}]}}