{"id":4781,"date":"2024-03-05T14:21:26","date_gmt":"2024-03-05T14:21:26","guid":{"rendered":"https:\/\/automa.pt\/humana\/?post_type=product&#038;p=4781"},"modified":"2025-02-25T10:29:55","modified_gmt":"2025-02-25T10:29:55","slug":"calcado-de-seguranca-e05","status":"publish","type":"product","link":"https:\/\/automa.pt\/loja\/produto\/calcado-de-seguranca-e05\/","title":{"rendered":"E05"},"content":{"rendered":"<h2><strong>Cal\u00e7ado de Seguran\u00e7a Lavoro\u00a0<\/strong><\/h2>\n<h2><strong>Cal\u00e7ado de Seguran\u00e7a E05<\/strong><\/h2>\n<p>O E05 \u00e9 um cal\u00e7ado de seguran\u00e7a para os profissionais da ind\u00fastria pesada, projetado para oferecer prote\u00e7\u00e3o e conforto superiores em ambientes industriais desafiadores.<\/p>\n<p>O cal\u00e7ado \u00e9 equipado com uma palmilha de Kevlar e uma biqueira composite, garantindo prote\u00e7\u00e3o eficaz contra perfura\u00e7\u00f5es e impactos. A sola PU \u00e9 desenvolvida com 30% borracha reciclada e 15% corti\u00e7a, proporcionando uma combina\u00e7\u00e3o \u00fanica de durabilidade e sustentabilidade.<\/p>\n<p>Esta sola oferece excelente ader\u00eancia e estabilidade em uma variedade de superf\u00edcies, tornando-o ideal para uso em ambientes pesados. Certificado ESD (Descarga Eletrost\u00e1tica) e CCS (Controle de Contamina\u00e7\u00e3o Est\u00e1tica), o cal\u00e7ado oferece prote\u00e7\u00e3o contra descargas eletrost\u00e1ticas e controla a contamina\u00e7\u00e3o est\u00e1tica.<\/p>\n<p>\u00c9 resistente a temperaturas de at\u00e9 300\u00b0C, garantindo prote\u00e7\u00e3o em ambientes com riscos t\u00e9rmicos elevados. Sendo 100% n\u00e3o met\u00e1lico, o nosso cal\u00e7ado oferece uma solu\u00e7\u00e3o segura e leve para os profissionais.<\/p>\n<p>Este \u00e9 um cal\u00e7ado de seguran\u00e7a que cumpre os requisitos da Norma EN ISO 20345:2011 CE S3 HRO SRC.<\/p>\n<p>As suas carater\u00edsticas S3 indicam que tem mais do que seguran\u00e7a b\u00e1sica. O cal\u00e7ado \u00e9 antiderrapante e tem uma biqueira de seguran\u00e7a que protege os seus p\u00e9s contra impactos at\u00e9 200J. Tem a regi\u00e3o do calcanhar fechada e um sistema de absor\u00e7\u00e3o de energia no calcanhar, \u00e9 anti est\u00e1tico e resistente a \u00f3leos. Previne a penetra\u00e7\u00e3o e absor\u00e7\u00e3o de \u00e1gua e tem uma palmilha de prote\u00e7\u00e3o contra objetos pontiagudos.<\/p>\n<p>&nbsp;<\/p>\n<h3><strong>LAVORO &#8211; Engineering Life<\/strong><\/h3>\n<p>A Lavoro \u00e9 uma marca que possu\u00ed o selo VHQ (Very High Quality) que acrescenta um atestado de conformidade do cal\u00e7ado profissional com a adequada manuten\u00e7\u00e3o da sa\u00fade do p\u00e9 em contexto laboral. Desde 1988, a Lavoro \u00e9 um dos mais renomados produtores europeus de cal\u00e7ado profissional com uma procura constante pelo melhor. As carater\u00edsticas CLIMA CORK SYSTEM e RSA est\u00e3o presentes em alguns modelos e \u00e9 o que torna a Lavoro \u00fanica e inovativa.<\/p>\n<p>Escolher a Lavoro \u00e9 preferir uma marca de cal\u00e7ado de seguran\u00e7a com carater\u00edsticas inovativas que permitem o maior conforto.<\/p>\n","protected":false},"excerpt":{"rendered":"<p><strong>CAL\u00c7ADO DE SEGURAN\u00c7A LAVORO <\/strong><\/p>\n<p>O cal\u00e7ado de seguran\u00e7a E05 atende \u00e0s necessidades dos profissionais da ind\u00fastria pesada. Com o seu design leve e antiderrapante, o nosso cal\u00e7ado oferece conforto e seguran\u00e7a durante todo o dia de trabalho, reduzindo o risco de escorreg\u00f5es e quedas. Com uma sola resistente at\u00e9 300\u00baC e nitr\u00edlica, para a m\u00e1xima ader\u00eancia, 100% n\u00e3o met\u00e1lico, garante seguran\u00e7a em contextos em que predominam as for\u00e7as de atrito. Vers\u00e3o bota dispon\u00edvel.<\/p>\n<p>&nbsp;<\/p>\n<p>EN ISO 20345:2011 CE S3 HRO SRC<\/p>\n<p>&nbsp;<\/p>\n<p>Est\u00e1 dispon\u00edvel nos tamanhos 35 a 48.<\/p>\n","protected":false},"featured_media":5180,"comment_status":"open","ping_status":"closed","template":"","meta":{"_mi_skip_tracking":false},"product_cat":[194,104,105,112,186,207],"product_tag":[185,159,160,163,164],"class_list":{"0":"post-4781","1":"product","2":"type-product","3":"status-publish","4":"has-post-thumbnail","6":"product_cat-setores-de-atividade-industria-pesada-e-atividades-especializadas","7":"product_cat-calcado-de-seguranca","8":"product_cat-sapatos","9":"product_cat-biqueira-de-protecao","10":"product_cat-mulher","11":"product_cat-lavoro-automa","12":"product_tag-100-nao-metalico","13":"product_tag-calcado-de-seguranca","14":"product_tag-calcado-profissional","15":"product_tag-lavoro","16":"product_tag-portcal","18":"first","19":"outofstock","20":"sale","21":"taxable","22":"shipping-taxable","23":"purchasable","24":"product-type-variable"},"_links":{"self":[{"href":"https:\/\/automa.pt\/loja\/wp-json\/wp\/v2\/product\/4781","targetHints":{"allow":["GET"]}}],"collection":[{"href":"https:\/\/automa.pt\/loja\/wp-json\/wp\/v2\/product"}],"about":[{"href":"https:\/\/automa.pt\/loja\/wp-json\/wp\/v2\/types\/product"}],"replies":[{"embeddable":true,"href":"https:\/\/automa.pt\/loja\/wp-json\/wp\/v2\/comments?post=4781"}],"wp:featuredmedia":[{"embeddable":true,"href":"https:\/\/automa.pt\/loja\/wp-json\/wp\/v2\/media\/5180"}],"wp:attachment":[{"href":"https:\/\/automa.pt\/loja\/wp-json\/wp\/v2\/media?parent=4781"}],"wp:term":[{"taxonomy":"product_cat","embeddable":true,"href":"https:\/\/automa.pt\/loja\/wp-json\/wp\/v2\/product_cat?post=4781"},{"taxonomy":"product_tag","embeddable":true,"href":"https:\/\/automa.pt\/loja\/wp-json\/wp\/v2\/product_tag?post=4781"}],"curies":[{"name":"wp","href":"https:\/\/api.w.org\/{rel}","templated":true}]}}