{"id":4764,"date":"2024-03-12T15:10:42","date_gmt":"2024-03-12T15:10:42","guid":{"rendered":"https:\/\/automa.pt\/humana\/?post_type=product&#038;p=4764"},"modified":"2025-03-06T10:48:21","modified_gmt":"2025-03-06T10:48:21","slug":"calcado-de-seguranca-e14","status":"publish","type":"product","link":"https:\/\/automa.pt\/loja\/produto\/calcado-de-seguranca-e14\/","title":{"rendered":"E14"},"content":{"rendered":"<h2><strong>Cal\u00e7ado de Seguran\u00e7a Lavoro\u00a0<\/strong><\/h2>\n<h2><strong>Cal\u00e7ado de Seguran\u00e7a E14<\/strong><\/h2>\n<p>O cal\u00e7ado de seguran\u00e7a E14 \u00e9 uma escolha vers\u00e1til para os trabalhadores das \u00e1reas de ind\u00fastria leve e pesada. Equipada com uma palmilha de prote\u00e7\u00e3o Kevlar, oferece resist\u00eancia contra perfura\u00e7\u00f5es e proporciona conforto durante longas horas de trabalho. A sua biqueira de prote\u00e7\u00e3o em composite adiciona uma camada adicional de seguran\u00e7a.<\/p>\n<p>A sola da bota E14 \u00e9 constru\u00edda com uma combina\u00e7\u00e3o de PU, borracha reciclada e corti\u00e7a, proporcionando durabilidade, tra\u00e7\u00e3o e absor\u00e7\u00e3o de choque. Isso permite que os trabalhadores se movam com confian\u00e7a em uma variedade de superf\u00edcies, desde pisos escorregadios at\u00e9 terrenos irregulares. Com estas caracter\u00edsticas, a bota E14 \u00e9 uma escolha confi\u00e1vel para aqueles que enfrentam os desafios do ambiente industrial.<\/p>\n<p>A caracter\u00edstica de ser 100% n\u00e3o met\u00e1lico confere \u00e0 bota E14 uma vantagem diferenciada no mercado de cal\u00e7ado de seguran\u00e7a. Este atributo significa que a bota \u00e9 mais leve e evita poss\u00edveis intera\u00e7\u00f5es indesejadas em ambientes sens\u00edveis a metais. Esta caracter\u00edstica proporciona maior conforto ao eliminar pontos de press\u00e3o e desconforto frequentemente associados a cal\u00e7ados com componentes met\u00e1licos.<\/p>\n<p>Este \u00e9 um cal\u00e7ado de seguran\u00e7a que cumpre os requisitos da Norma EN ISSO 20345:2011 CE S3 HRO SRC.<\/p>\n<p>As suas carater\u00edsticas S3 indicam que tem mais do que seguran\u00e7a b\u00e1sica. O cal\u00e7ado de seguran\u00e7a \u00e9 antiderrapante e tem uma biqueira de seguran\u00e7a que protege os seus p\u00e9s contra impactos at\u00e9 200J. Tem a regi\u00e3o do calcanhar fechada e um sistema de absor\u00e7\u00e3o de energia no calcanhar, \u00e9 anti est\u00e1tico e resistente a \u00f3leos. Previne a penetra\u00e7\u00e3o e absor\u00e7\u00e3o de \u00e1gua e tem uma palmilha de prote\u00e7\u00e3o contra objetos pontiagudos.<\/p>\n<p>&nbsp;<\/p>\n<h3><strong>LAVORO &#8211; Engineering Life<\/strong><\/h3>\n<p>A Lavoro \u00e9 uma marca que possu\u00ed o selo VHQ (Very High Quality) que acrescenta um atestado de conformidade do cal\u00e7ado profissional com a adequada manuten\u00e7\u00e3o da sa\u00fade do p\u00e9 em contexto laboral. Desde 1988, a Lavoro \u00e9 um dos mais renomados produtores europeus de cal\u00e7ado profissional com uma procura constante pelo melhor. As carater\u00edsticas CLIMA CORK SYSTEM e RSA est\u00e3o presentes em alguns modelos e \u00e9 o que torna a Lavoro \u00fanica e inovativa.<\/p>\n<p>Escolher a Lavoro \u00e9 preferir uma marca de cal\u00e7ado de seguran\u00e7a com carater\u00edsticas inovativas que permitem o maior conforto.<\/p>\n","protected":false},"excerpt":{"rendered":"<p><strong>CAL\u00c7ADO DE SEGURAN\u00c7A LAVORO\u00a0<\/strong><\/p>\n<p>O E14 \u00e9 um cal\u00e7ado de seguran\u00e7a com materiais de alta qualidade para trabalhadores das ind\u00fastrias pesadas e das ind\u00fastrias ligeiras. A bota oferece n\u00e3o apenas seguran\u00e7a durante longas horas de trabalho como tamb\u00e9m conforto. Com a sua composi\u00e7\u00e3o n\u00e3o met\u00e1lica, a bota E14 oferece uma op\u00e7\u00e3o segura e confort\u00e1vel para profissionais que evitam materiais met\u00e1licos.<\/p>\n<p>&nbsp;<\/p>\n<p>EN ISSO 20345:2011 CE S3 HRO SRC<\/p>\n<p>&nbsp;<\/p>\n<p>Encontra-se dispon\u00edvel nos tamanhos 35 a 48.<\/p>\n","protected":false},"featured_media":5194,"comment_status":"open","ping_status":"closed","template":"","meta":{"_mi_skip_tracking":false},"product_cat":[193,194,104,106,112,207],"product_tag":[185,162,159,160,163],"class_list":{"0":"post-4764","1":"product","2":"type-product","3":"status-publish","4":"has-post-thumbnail","6":"product_cat-setores-de-atividade-industria-ligeira-e-logistica","7":"product_cat-setores-de-atividade-industria-pesada-e-atividades-especializadas","8":"product_cat-calcado-de-seguranca","9":"product_cat-botas","10":"product_cat-biqueira-de-protecao","11":"product_cat-lavoro-automa","12":"product_tag-100-nao-metalico","13":"product_tag-botas","14":"product_tag-calcado-de-seguranca","15":"product_tag-calcado-profissional","16":"product_tag-lavoro","18":"first","19":"instock","20":"sale","21":"taxable","22":"shipping-taxable","23":"purchasable","24":"product-type-variable"},"_links":{"self":[{"href":"https:\/\/automa.pt\/loja\/wp-json\/wp\/v2\/product\/4764","targetHints":{"allow":["GET"]}}],"collection":[{"href":"https:\/\/automa.pt\/loja\/wp-json\/wp\/v2\/product"}],"about":[{"href":"https:\/\/automa.pt\/loja\/wp-json\/wp\/v2\/types\/product"}],"replies":[{"embeddable":true,"href":"https:\/\/automa.pt\/loja\/wp-json\/wp\/v2\/comments?post=4764"}],"wp:featuredmedia":[{"embeddable":true,"href":"https:\/\/automa.pt\/loja\/wp-json\/wp\/v2\/media\/5194"}],"wp:attachment":[{"href":"https:\/\/automa.pt\/loja\/wp-json\/wp\/v2\/media?parent=4764"}],"wp:term":[{"taxonomy":"product_cat","embeddable":true,"href":"https:\/\/automa.pt\/loja\/wp-json\/wp\/v2\/product_cat?post=4764"},{"taxonomy":"product_tag","embeddable":true,"href":"https:\/\/automa.pt\/loja\/wp-json\/wp\/v2\/product_tag?post=4764"}],"curies":[{"name":"wp","href":"https:\/\/api.w.org\/{rel}","templated":true}]}}