{"id":4692,"date":"2024-03-04T16:49:16","date_gmt":"2024-03-04T16:49:16","guid":{"rendered":"https:\/\/automa.pt\/humana\/?post_type=product&#038;p=4692"},"modified":"2025-02-25T09:42:06","modified_gmt":"2025-02-25T09:42:06","slug":"calcado-de-seguranca-glade-blue","status":"publish","type":"product","link":"https:\/\/automa.pt\/loja\/produto\/calcado-de-seguranca-glade-blue\/","title":{"rendered":"Glade Blue"},"content":{"rendered":"<h2><strong>Cal\u00e7ado de Seguran\u00e7a Lavoro\u00a0<\/strong><\/h2>\n<h2><strong>Cal\u00e7ado de Seguran\u00e7a Glade Blue<\/strong><\/h2>\n<div>\n<div>\n<p>O cal\u00e7ado de seguran\u00e7a Glade Blue destaca-se pela inova\u00e7\u00e3o com uma biqueira em fibra de vidro, proporcionando leveza e resist\u00eancia. Ideal para quem procura a seguran\u00e7a sem sacrificar o conforto. \u00c9 especialmente adequado para profissionais da constru\u00e7\u00e3o civil, log\u00edstica, ind\u00fastrias pesadas e ambientes que exigem conforto e seguran\u00e7a.<\/p>\n<p>A palmilha Kevlar do Glade Blue proporciona resist\u00eancia superior contra perfura\u00e7\u00f5es, assegurando prote\u00e7\u00e3o extra aos p\u00e9s em ambientes desafiadores. O cal\u00e7ado de seguran\u00e7a Glade Green tem uma sua sola em PU que oferece durabilidade e ader\u00eancia excecionais, garantindo estabilidade.<\/p>\n<p>Com caracter\u00edsticas 100% n\u00e3o met\u00e1licas, o Glade Blue \u00e9 a escolha ideal para ambientes sens\u00edveis a detetores de metal. Essa composi\u00e7\u00e3o avan\u00e7ada proporciona leveza, conforto e seguran\u00e7a, atendendo \u00e0s exig\u00eancias de diversas profiss\u00f5es.<\/p>\n<p>Este \u00e9 um cal\u00e7ado de seguran\u00e7a que cumpre os requisitos da Norma EN ISO 20345:2011 S3 SRC.<\/p>\n<p>As suas carater\u00edsticas S3 indicam que tem mais do que seguran\u00e7a b\u00e1sica. Este cal\u00e7ado \u00e9 antiderrapante e tem uma biqueira de seguran\u00e7a que protege os seus p\u00e9s contra impactos at\u00e9 200J. Tem a regi\u00e3o do calcanhar fechada e um sistema de absor\u00e7\u00e3o de energia no calcanhar, \u00e9 anti est\u00e1tico e resistente a \u00f3leos. Previne a penetra\u00e7\u00e3o e absor\u00e7\u00e3o de \u00e1gua e tem uma palmilha de prote\u00e7\u00e3o contra objetos pontiagudos.<\/p>\n<\/div>\n<p>&nbsp;<\/p>\n<\/div>\n<div>\n<h3>LAVORO &#8211; Engineering Life<\/h3>\n<p>A Lavoro \u00e9 uma marca que possu\u00ed o selo VHQ (Very High Quality) que acrescenta um atestado de conformidade do cal\u00e7ado profissional com a adequada manuten\u00e7\u00e3o da sa\u00fade do p\u00e9 em contexto laboral. Desde 1988, a Lavoro \u00e9 um dos mais renomados produtores europeus de cal\u00e7ado profissional com uma procura constante pelo melhor. As carater\u00edsticas CLIMA CORK SYSTEM e RSA est\u00e3o presentes em alguns modelos e \u00e9 o que torna a Lavoro \u00fanica e inovativa.<\/p>\n<p>Escolher a Lavoro \u00e9 preferir uma marca de cal\u00e7ado de seguran\u00e7a com carater\u00edsticas inovativas que permitem o maior conforto.<\/p>\n<\/div>\n","protected":false},"excerpt":{"rendered":"<p><strong>CAL\u00c7ADO DE SEGURAN\u00c7A LAVORO\u00a0<\/strong><\/p>\n<p>Glade Blue \u00e9 um cal\u00e7ado de seguran\u00e7a leve e flex\u00edvel, de qualidade superior, para profissionais que valorizam o conforto no ambiente de trabalho. Est\u00e1 equipado com uma biqueira em Composite que proporciona uma seguran\u00e7a s\u00f3lida aos seus p\u00e9s sem comprometer o conforto. O Glade Blue \u00e9 ideal para os profissionais de log\u00edstica, constru\u00e7\u00e3o e ind\u00fastrias. A sua versatilidade atende \u00e0s exig\u00eancias dessas \u00e1reas com efic\u00e1cia.<\/p>\n<p>&nbsp;<\/p>\n<p>EN ISO 20345:2011 S3 SRC<\/p>\n<p>&nbsp;<\/p>\n<p>Encontra-se dispon\u00edvel nos tamanhos 39 a 48.<\/p>\n","protected":false},"featured_media":5241,"comment_status":"open","ping_status":"closed","template":"","meta":{"_mi_skip_tracking":false},"product_cat":[193,104,105,112,207,204],"product_tag":[159,160,163,161],"class_list":{"0":"post-4692","1":"product","2":"type-product","3":"status-publish","4":"has-post-thumbnail","6":"product_cat-setores-de-atividade-industria-ligeira-e-logistica","7":"product_cat-calcado-de-seguranca","8":"product_cat-sapatos","9":"product_cat-biqueira-de-protecao","10":"product_cat-lavoro-automa","11":"product_cat-novidades-automa","12":"product_tag-calcado-de-seguranca","13":"product_tag-calcado-profissional","14":"product_tag-lavoro","15":"product_tag-sapatos","17":"first","18":"instock","19":"sale","20":"taxable","21":"shipping-taxable","22":"purchasable","23":"product-type-variable"},"_links":{"self":[{"href":"https:\/\/automa.pt\/loja\/wp-json\/wp\/v2\/product\/4692","targetHints":{"allow":["GET"]}}],"collection":[{"href":"https:\/\/automa.pt\/loja\/wp-json\/wp\/v2\/product"}],"about":[{"href":"https:\/\/automa.pt\/loja\/wp-json\/wp\/v2\/types\/product"}],"replies":[{"embeddable":true,"href":"https:\/\/automa.pt\/loja\/wp-json\/wp\/v2\/comments?post=4692"}],"wp:featuredmedia":[{"embeddable":true,"href":"https:\/\/automa.pt\/loja\/wp-json\/wp\/v2\/media\/5241"}],"wp:attachment":[{"href":"https:\/\/automa.pt\/loja\/wp-json\/wp\/v2\/media?parent=4692"}],"wp:term":[{"taxonomy":"product_cat","embeddable":true,"href":"https:\/\/automa.pt\/loja\/wp-json\/wp\/v2\/product_cat?post=4692"},{"taxonomy":"product_tag","embeddable":true,"href":"https:\/\/automa.pt\/loja\/wp-json\/wp\/v2\/product_tag?post=4692"}],"curies":[{"name":"wp","href":"https:\/\/api.w.org\/{rel}","templated":true}]}}