{"id":4619,"date":"2024-03-12T13:39:58","date_gmt":"2024-03-12T13:39:58","guid":{"rendered":"https:\/\/automa.pt\/humana\/?post_type=product&#038;p=4619"},"modified":"2025-02-25T09:42:46","modified_gmt":"2025-02-25T09:42:46","slug":"calcado-de-seguranca-glade-speed-grey","status":"publish","type":"product","link":"https:\/\/automa.pt\/loja\/produto\/calcado-de-seguranca-glade-speed-grey\/","title":{"rendered":"Glade Speed Grey"},"content":{"rendered":"<h2><strong>Cal\u00e7ado de Seguran\u00e7a Lavoro\u00a0<\/strong><\/h2>\n<h2><strong>Cal\u00e7ado de Seguran\u00e7a Glade Speed Grey<\/strong><\/h2>\n<p>O Glade Speed Grey \u00e9 um cal\u00e7ado de seguran\u00e7a que atende \u00e0s necessidades dos profissionais da ind\u00fastria ligeira e log\u00edstica. A biqueira em fibra de vidro oferece prote\u00e7\u00e3o vigorosa contra impactos, garantindo a seguran\u00e7a em ambientes de trabalho desafiadores. Com essa caracter\u00edstica, os trabalhadores podem est\u00e3o seguros ao lidar com equipamentos pesados \u200b\u200be objetos perigosos.<\/p>\n<p>O sapato possui uma palmilha KEVLAR, conhecida pela sua resist\u00eancia excecional \u00e0 perfura\u00e7\u00e3o. Esta palmilha oferece uma camada extra de prote\u00e7\u00e3o, assegurando a seguran\u00e7a do utilizador em ambientes com objetos pontiagudos.<\/p>\n<p>A sua sola Dupla Densidade em PU proporciona conforto e estabilidade ao usu\u00e1rio. Esta sola encontra-se preparada para oferecer amortecimento superior e ader\u00eancia em uma variedade de superf\u00edcies. Com esta sola, os trabalhadores podem se movimentar com confian\u00e7a e seguran\u00e7a.<\/p>\n<p>Este \u00e9 um cal\u00e7ado de seguran\u00e7a que cumpre os requisitos da Norma EN ISO 20345:2011 CE S3 HI CI SRC.<\/p>\n<p>As suas carater\u00edsticas S3 indicam que tem mais do que seguran\u00e7a b\u00e1sica. O cal\u00e7ado de seguran\u00e7a \u00e9 antiderrapante e tem uma biqueira de seguran\u00e7a que protege os seus p\u00e9s contra impactos at\u00e9 200J. Tem a regi\u00e3o do calcanhar fechada e um sistema de absor\u00e7\u00e3o de energia no calcanhar, \u00e9 anti est\u00e1tico e resistente a \u00f3leos. Previne a penetra\u00e7\u00e3o e absor\u00e7\u00e3o de \u00e1gua e tem uma palmilha de prote\u00e7\u00e3o contra objetos pontiagudos.<\/p>\n<p>&nbsp;<\/p>\n<h3><strong>LAVORO &#8211; Engineering Life<\/strong><\/h3>\n<p>A Lavoro \u00e9 uma marca que possu\u00ed o selo VHQ (Very High Quality) que acrescenta um atestado de conformidade do cal\u00e7ado profissional com a adequada manuten\u00e7\u00e3o da sa\u00fade do p\u00e9 em contexto laboral. Desde 1988, a Lavoro \u00e9 um dos mais renomados produtores europeus de cal\u00e7ado profissional com uma procura constante pelo melhor. As carater\u00edsticas CLIMA CORK SYSTEM e RSA est\u00e3o presentes em alguns modelos e \u00e9 o que torna a Lavoro \u00fanica e inovativa.<\/p>\n<p>Escolher a Lavoro \u00e9 preferir uma marca de cal\u00e7ado de seguran\u00e7a com carater\u00edsticas inovativas que permitem o maior conforto.<\/p>\n","protected":false},"excerpt":{"rendered":"<p><strong>CAL\u00c7ADO DE SEGURAN\u00c7A LAVORO\u00a0<\/strong><\/p>\n<p>O cal\u00e7ado de seguran\u00e7a Glade Speed Grey atende \u00e0s necessidades dos profissionais que trabalham na ind\u00fastria ligeira e na log\u00edstica. \u00c9 um sapato com uma biqueira de prote\u00e7\u00e3o em fibra de vidro e cont\u00e9m uma microfibra Hi-Tech WR, um material avan\u00e7ado que oferece resist\u00eancia \u00e0 \u00e1gua, ideal para \u00e1reas que exigem prote\u00e7\u00e3o contra umidade.<\/p>\n<p>EN ISO 20345:2011 CE S3 HI CI SRC<\/p>\n<p>Encontra-se dispon\u00edvel nos tamanhos 39 a 48.<\/p>\n","protected":false},"featured_media":5185,"comment_status":"open","ping_status":"closed","template":"","meta":{"_mi_skip_tracking":false},"product_cat":[193,104,105,112,207,204],"product_tag":[185,159,160,163,161],"class_list":{"0":"post-4619","1":"product","2":"type-product","3":"status-publish","4":"has-post-thumbnail","6":"product_cat-setores-de-atividade-industria-ligeira-e-logistica","7":"product_cat-calcado-de-seguranca","8":"product_cat-sapatos","9":"product_cat-biqueira-de-protecao","10":"product_cat-lavoro-automa","11":"product_cat-novidades-automa","12":"product_tag-100-nao-metalico","13":"product_tag-calcado-de-seguranca","14":"product_tag-calcado-profissional","15":"product_tag-lavoro","16":"product_tag-sapatos","18":"first","19":"instock","20":"sale","21":"taxable","22":"shipping-taxable","23":"purchasable","24":"product-type-variable"},"_links":{"self":[{"href":"https:\/\/automa.pt\/loja\/wp-json\/wp\/v2\/product\/4619","targetHints":{"allow":["GET"]}}],"collection":[{"href":"https:\/\/automa.pt\/loja\/wp-json\/wp\/v2\/product"}],"about":[{"href":"https:\/\/automa.pt\/loja\/wp-json\/wp\/v2\/types\/product"}],"replies":[{"embeddable":true,"href":"https:\/\/automa.pt\/loja\/wp-json\/wp\/v2\/comments?post=4619"}],"wp:featuredmedia":[{"embeddable":true,"href":"https:\/\/automa.pt\/loja\/wp-json\/wp\/v2\/media\/5185"}],"wp:attachment":[{"href":"https:\/\/automa.pt\/loja\/wp-json\/wp\/v2\/media?parent=4619"}],"wp:term":[{"taxonomy":"product_cat","embeddable":true,"href":"https:\/\/automa.pt\/loja\/wp-json\/wp\/v2\/product_cat?post=4619"},{"taxonomy":"product_tag","embeddable":true,"href":"https:\/\/automa.pt\/loja\/wp-json\/wp\/v2\/product_tag?post=4619"}],"curies":[{"name":"wp","href":"https:\/\/api.w.org\/{rel}","templated":true}]}}