{"id":4603,"date":"2024-03-04T16:19:37","date_gmt":"2024-03-04T16:19:37","guid":{"rendered":"https:\/\/automa.pt\/humana\/?post_type=product&#038;p=4603"},"modified":"2025-02-25T09:56:08","modified_gmt":"2025-02-25T09:56:08","slug":"calcado-de-seguranca-jabba","status":"publish","type":"product","link":"https:\/\/automa.pt\/loja\/produto\/calcado-de-seguranca-jabba\/","title":{"rendered":"Jabba"},"content":{"rendered":"<h2><strong>Cal\u00e7ado de Seguran\u00e7a Lavoro\u00a0<\/strong><\/h2>\n<h2><strong>Cal\u00e7ado de Seguran\u00e7a Jabba<\/strong><\/h2>\n<p>Os Jabba s\u00e3o um cal\u00e7ado de seguran\u00e7a confort\u00e1vel, projetado para enfrentar os desafios da ind\u00fastria pesada. Atende aos mais altos padr\u00f5es de seguran\u00e7a, garantindo prote\u00e7\u00e3o completa para os p\u00e9s dos profissionais.<\/p>\n<p>Com uma biqueira em composite, o Jabba proporciona uma prote\u00e7\u00e3o eficaz contra impactos e compress\u00f5es. A sola dupla de PU oferece excelente amortecimento e resist\u00eancia \u00e0 abras\u00e3o, proporcionando estabilidade numa variedade de superf\u00edcies.<\/p>\n<p>Equipado com uma palmilha de Kevlar, o Jabba oferece prote\u00e7\u00e3o adicional contra perfura\u00e7\u00f5es, garantindo a seguran\u00e7a em ambientes com riscos de penetra\u00e7\u00e3o. \u00c9 certificado como ESD (Descarga Eletrost\u00e1tica), minimizando o risco de danos a equipamentos sens\u00edveis e garantindo um ambiente de trabalho seguro.<\/p>\n<p>Com a sua constru\u00e7\u00e3o flex\u00edvel proporciona conforto durante todo o dia de trabalho, reduzindo a fadiga do profissional. O seu ajuste f\u00e1cil torna o cal\u00e7ado pr\u00e1tico e conveniente de usar, proporcionando um ajuste personalizado.<\/p>\n<p>100% n\u00e3o met\u00e1lico oferece uma solu\u00e7\u00e3o segura e leve para profissionais que trabalham em ambientes sens\u00edveis a interfer\u00eancias magn\u00e9ticas.<\/p>\n<p>Este \u00e9 um cal\u00e7ado de seguran\u00e7a que cumpre os requisitos da EN ISO 20345:2011 CE S3 SRC.<\/p>\n<p>As suas carater\u00edsticas S3 indicam que tem mais do que seguran\u00e7a b\u00e1sica. O cal\u00e7ado \u00e9 antiderrapante e tem uma biqueira de seguran\u00e7a que protege os seus p\u00e9s contra impactos at\u00e9 200J. Tem a regi\u00e3o do calcanhar fechada e um sistema de absor\u00e7\u00e3o de energia no calcanhar, \u00e9 anti est\u00e1tico e resistente a \u00f3leos. Previne a penetra\u00e7\u00e3o e absor\u00e7\u00e3o de \u00e1gua e tem uma palmilha de prote\u00e7\u00e3o contra objetos pontiagudos.<\/p>\n<p>&nbsp;<\/p>\n<h3><strong>LAVORO &#8211; Engineering Life<\/strong><\/h3>\n<p>A Lavoro \u00e9 uma marca que possu\u00ed o selo VHQ (Very High Quality) que acrescenta um atestado de conformidade do cal\u00e7ado profissional com a adequada manuten\u00e7\u00e3o da sa\u00fade do p\u00e9 em contexto laboral. Desde 1988, a Lavoro \u00e9 um dos mais renomados produtores europeus de cal\u00e7ado profissional com uma procura constante pelo melhor. As carater\u00edsticas CLIMA CORK SYSTEM e RSA est\u00e3o presentes em alguns modelos e \u00e9 o que torna a Lavoro \u00fanica e inovativa.<\/p>\n<p>Escolher a Lavoro \u00e9 preferir uma marca de cal\u00e7ado de seguran\u00e7a com carater\u00edsticas inovativas que permitem o maior conforto.<\/p>\n","protected":false},"excerpt":{"rendered":"<p><strong>CAL\u00c7ADO DE SEGURAN\u00c7A LAVORO\u00a0<\/strong><\/p>\n<p>Com um corte em t\u00eaxtil K3D, o cal\u00e7ado de seguran\u00e7a Jabba \u00e9 indicado para quem privilegia o conforto durante o seu trabalho. \u00c9 um produto de fabrico 100% nacional, conforme toda a cole\u00e7\u00e3o Lavoro. Assegura uma prote\u00e7\u00e3o espec\u00edfica do p\u00e9 ou perna contra riscos f\u00edsicos, qu\u00edmicos e, biol\u00f3gicos.<\/p>\n<p>&nbsp;<\/p>\n<p>EN ISO 20345:2011 CE S3 SRC<\/p>\n<p>&nbsp;<\/p>\n<p>Encontra-se dispon\u00edvel nos tamanhos 35 a 48.<\/p>\n","protected":false},"featured_media":5421,"comment_status":"open","ping_status":"closed","template":"","meta":{"_mi_skip_tracking":false},"product_cat":[194,104,105,112,207],"product_tag":[185,159,160,163,161],"class_list":{"0":"post-4603","1":"product","2":"type-product","3":"status-publish","4":"has-post-thumbnail","6":"product_cat-setores-de-atividade-industria-pesada-e-atividades-especializadas","7":"product_cat-calcado-de-seguranca","8":"product_cat-sapatos","9":"product_cat-biqueira-de-protecao","10":"product_cat-lavoro-automa","11":"product_tag-100-nao-metalico","12":"product_tag-calcado-de-seguranca","13":"product_tag-calcado-profissional","14":"product_tag-lavoro","15":"product_tag-sapatos","17":"first","18":"instock","19":"sale","20":"taxable","21":"shipping-taxable","22":"purchasable","23":"product-type-variable"},"_links":{"self":[{"href":"https:\/\/automa.pt\/loja\/wp-json\/wp\/v2\/product\/4603","targetHints":{"allow":["GET"]}}],"collection":[{"href":"https:\/\/automa.pt\/loja\/wp-json\/wp\/v2\/product"}],"about":[{"href":"https:\/\/automa.pt\/loja\/wp-json\/wp\/v2\/types\/product"}],"replies":[{"embeddable":true,"href":"https:\/\/automa.pt\/loja\/wp-json\/wp\/v2\/comments?post=4603"}],"wp:featuredmedia":[{"embeddable":true,"href":"https:\/\/automa.pt\/loja\/wp-json\/wp\/v2\/media\/5421"}],"wp:attachment":[{"href":"https:\/\/automa.pt\/loja\/wp-json\/wp\/v2\/media?parent=4603"}],"wp:term":[{"taxonomy":"product_cat","embeddable":true,"href":"https:\/\/automa.pt\/loja\/wp-json\/wp\/v2\/product_cat?post=4603"},{"taxonomy":"product_tag","embeddable":true,"href":"https:\/\/automa.pt\/loja\/wp-json\/wp\/v2\/product_tag?post=4603"}],"curies":[{"name":"wp","href":"https:\/\/api.w.org\/{rel}","templated":true}]}}