{"id":4583,"date":"2024-03-12T12:05:43","date_gmt":"2024-03-12T12:05:43","guid":{"rendered":"https:\/\/automa.pt\/humana\/?post_type=product&#038;p=4583"},"modified":"2025-02-25T12:01:01","modified_gmt":"2025-02-25T12:01:01","slug":"calcado-de-seguranca-lynx-terracota","status":"publish","type":"product","link":"https:\/\/automa.pt\/loja\/produto\/calcado-de-seguranca-lynx-terracota\/","title":{"rendered":"Lynx Terracota"},"content":{"rendered":"<h2><strong>Cal\u00e7ado de Seguran\u00e7a Lavoro\u00a0<\/strong><\/h2>\n<h2><strong>Cal\u00e7ado de Seguran\u00e7a Lynx Terracota<\/strong><\/h2>\n<p>O Lynx Terracota \u00e9 um cal\u00e7ado de seguran\u00e7a projetado especificamente para mulheres que trabalham na ind\u00fastria pesada. Oferece prote\u00e7\u00e3o e conforto excecionais em ambientes desafiadores. O Lynx Terracota \u00e9 projetado para ser leve e flex\u00edvel, proporcionando conforto durante toda a jornada de trabalho.<\/p>\n<p>Com uma palmilha Kevlar e uma biqueira Composite, proporciona prote\u00e7\u00e3o eficaz contra perfura\u00e7\u00f5es e impactos, garantindo a seguran\u00e7a da profissional. A sola dupla de PU oferece excelente amortecimento e resist\u00eancia \u00e0 abras\u00e3o, proporcionando estabilidade.<\/p>\n<p>Certificado como ESD (Descarga Eletrost\u00e1tica) e 100% n\u00e3o met\u00e1lico, o Lynx Terracota oferece uma solu\u00e7\u00e3o segura para mulheres que trabalham em ambientes sens\u00edveis a interfer\u00eancias magn\u00e9ticas, garantindo prote\u00e7\u00e3o sem comprometer o conforto.<\/p>\n<p>Este \u00e9 um cal\u00e7ado de seguran\u00e7a que cumpre os requisitos da Norma EN ISO 20345:2011 CE S3 SRC.<\/p>\n<p>As suas carater\u00edsticas S3 indicam que tem mais do que seguran\u00e7a b\u00e1sica. O cal\u00e7ado \u00e9 antiderrapante e tem uma biqueira de seguran\u00e7a que protege os seus p\u00e9s contra impactos at\u00e9 200J. Tem a regi\u00e3o do calcanhar fechada e um sistema de absor\u00e7\u00e3o de energia no calcanhar, \u00e9 anti est\u00e1tico e resistente a \u00f3leos. Previne a penetra\u00e7\u00e3o e absor\u00e7\u00e3o de \u00e1gua e tem uma palmilha de prote\u00e7\u00e3o contra objetos pontiagudos.<\/p>\n<p>&nbsp;<\/p>\n<h3><strong>LAVORO &#8211; Engineering Life<\/strong><\/h3>\n<p>A Lavoro \u00e9 uma marca que possu\u00ed o selo VHQ (Very High Quality) que acrescenta um atestado de conformidade do cal\u00e7ado profissional com a adequada manuten\u00e7\u00e3o da sa\u00fade do p\u00e9 em contexto laboral. Desde 1988, a Lavoro \u00e9 um dos mais renomados produtores europeus de cal\u00e7ado profissional com uma procura constante pelo melhor. As carater\u00edsticas CLIMA CORK SYSTEM e RSA est\u00e3o presentes em alguns modelos e \u00e9 o que torna a Lavoro \u00fanica e inovativa.<\/p>\n<p>Escolher a Lavoro \u00e9 preferir uma marca de cal\u00e7ado de seguran\u00e7a com carater\u00edsticas inovativas que permitem o maior conforto.<\/p>\n","protected":false},"excerpt":{"rendered":"<p><strong>CAL\u00c7ADO DE SEGURAN\u00c7A LAVORO<\/strong><\/p>\n<p>O cal\u00e7ado de seguran\u00e7a Lynx Terracota \u00e9 a escolha ideal para as profissionais que procuram um cal\u00e7ado de seguran\u00e7a dur\u00e1vel, confort\u00e1vel e altamente funcional, que ofere\u00e7a prote\u00e7\u00e3o completa em ambientes da ind\u00fastria pesada. Um sapato, leve e confort\u00e1vel, com sola com dupla densidade de PU, bastante respir\u00e1vel, ideal para ambientes secos.<\/p>\n<p>&nbsp;<\/p>\n<p>EN ISO 20345:2011 CE S3 SRC<\/p>\n<p>Est\u00e1 dispon\u00edvel nos tamanhos 35 a 42.<\/p>\n","protected":false},"featured_media":5375,"comment_status":"open","ping_status":"closed","template":"","meta":{"_mi_skip_tracking":false},"product_cat":[194,104,112,186,207],"product_tag":[185,159,160,163,161],"class_list":{"0":"post-4583","1":"product","2":"type-product","3":"status-publish","4":"has-post-thumbnail","6":"product_cat-setores-de-atividade-industria-pesada-e-atividades-especializadas","7":"product_cat-calcado-de-seguranca","8":"product_cat-biqueira-de-protecao","9":"product_cat-mulher","10":"product_cat-lavoro-automa","11":"product_tag-100-nao-metalico","12":"product_tag-calcado-de-seguranca","13":"product_tag-calcado-profissional","14":"product_tag-lavoro","15":"product_tag-sapatos","17":"first","18":"instock","19":"sale","20":"taxable","21":"shipping-taxable","22":"purchasable","23":"product-type-variable"},"_links":{"self":[{"href":"https:\/\/automa.pt\/loja\/wp-json\/wp\/v2\/product\/4583","targetHints":{"allow":["GET"]}}],"collection":[{"href":"https:\/\/automa.pt\/loja\/wp-json\/wp\/v2\/product"}],"about":[{"href":"https:\/\/automa.pt\/loja\/wp-json\/wp\/v2\/types\/product"}],"replies":[{"embeddable":true,"href":"https:\/\/automa.pt\/loja\/wp-json\/wp\/v2\/comments?post=4583"}],"wp:featuredmedia":[{"embeddable":true,"href":"https:\/\/automa.pt\/loja\/wp-json\/wp\/v2\/media\/5375"}],"wp:attachment":[{"href":"https:\/\/automa.pt\/loja\/wp-json\/wp\/v2\/media?parent=4583"}],"wp:term":[{"taxonomy":"product_cat","embeddable":true,"href":"https:\/\/automa.pt\/loja\/wp-json\/wp\/v2\/product_cat?post=4583"},{"taxonomy":"product_tag","embeddable":true,"href":"https:\/\/automa.pt\/loja\/wp-json\/wp\/v2\/product_tag?post=4583"}],"curies":[{"name":"wp","href":"https:\/\/api.w.org\/{rel}","templated":true}]}}