{"id":4549,"date":"2024-03-04T16:08:17","date_gmt":"2024-03-04T16:08:17","guid":{"rendered":"https:\/\/automa.pt\/humana\/?post_type=product&#038;p=4549"},"modified":"2025-02-25T09:53:24","modified_gmt":"2025-02-25T09:53:24","slug":"calcado-de-seguranca-lynx-earth","status":"publish","type":"product","link":"https:\/\/automa.pt\/loja\/produto\/calcado-de-seguranca-lynx-earth\/","title":{"rendered":"LYNX EARTH"},"content":{"rendered":"<h2><strong>Cal\u00e7ado de Seguran\u00e7a Lavoro\u00a0<\/strong><\/h2>\n<h2><strong>Cal\u00e7ado de Seguran\u00e7a Lynx Earth<\/strong><\/h2>\n<p>O Lynx Earth \u00e9 um cal\u00e7ado de seguran\u00e7a que atende \u00e0s necessidades dos profissionais da ind\u00fastria ligeira e da log\u00edstica. Com uma s\u00e9rie de caracter\u00edsticas avan\u00e7adas, o Lynx Earth \u00e9 a escolha ideal para os profissionais que trabalham em ambientes industriais din\u00e2micos.<\/p>\n<p>Com uma palmilha de prote\u00e7\u00e3o de Kevlar, este modelo oferece resist\u00eancia eficaz contra perfura\u00e7\u00f5es, garantindo a seguran\u00e7a em condi\u00e7\u00f5es adversas. A sua biqueira de prote\u00e7\u00e3o composta proporciona uma barreira resistente contra impactos, sem comprometer o conforto.<\/p>\n<p>A sola dupla PU oferece excelente amortecimento e estabilidade em uma variedade de superf\u00edcies, proporcionando conforto durante todo o dia. A sola \u00e9 projetada para resistir a condi\u00e7\u00f5es de gelo, proporcionando tra\u00e7\u00e3o superior em ambientes frios e escorregadios.<\/p>\n<p>\u00c9 100% n\u00e3o met\u00e1lica, ideal para ambientes sens\u00edveis e para profissionais que necessitam de prote\u00e7\u00e3o sem o uso de componentes met\u00e1licos. Esta caracter\u00edstica torna o cal\u00e7ado mais leve e flex\u00edvel, proporcionando conforto adicional durante toda a jornada de trabalho.<\/p>\n<p>Este \u00e9 um cal\u00e7ado de seguran\u00e7a que cumpre os requisitos da EN ISO 20345:2011 CE S3 SRC.<\/p>\n<p>As suas carater\u00edsticas S3 indicam que tem mais do que seguran\u00e7a b\u00e1sica. O cal\u00e7ado \u00e9 antiderrapante e tem uma biqueira de seguran\u00e7a que protege os seus p\u00e9s contra impactos at\u00e9 200J. Tem a regi\u00e3o do calcanhar fechada e um sistema de absor\u00e7\u00e3o de energia no calcanhar, \u00e9 anti est\u00e1tico e resistente a \u00f3leos. Previne a penetra\u00e7\u00e3o e absor\u00e7\u00e3o de \u00e1gua e tem uma palmilha de prote\u00e7\u00e3o contra objetos pontiagudos.<\/p>\n<p>&nbsp;<\/p>\n<h3><strong>LAVORO &#8211; Engineering Life<\/strong><\/h3>\n<p>A Lavoro \u00e9 uma marca que possu\u00ed o selo VHQ (Very High Quality) que acrescenta um atestado de conformidade do cal\u00e7ado profissional com a adequada manuten\u00e7\u00e3o da sa\u00fade do p\u00e9 em contexto laboral. Desde 1988, a Lavoro \u00e9 um dos mais renomados produtores europeus de cal\u00e7ado profissional com uma procura constante pelo melhor. As carater\u00edsticas CLIMA CORK SYSTEM e RSA est\u00e3o presentes em alguns modelos e \u00e9 o que torna a Lavoro \u00fanica e inovativa.<\/p>\n<p>Escolher a Lavoro \u00e9 preferir uma marca de cal\u00e7ado de seguran\u00e7a com carater\u00edsticas inovativas que permitem o maior conforto.<\/p>\n","protected":false},"excerpt":{"rendered":"<p><strong>CAL\u00c7ADO DE SEGURAN\u00c7A LAVORO<\/strong><\/p>\n<p>O Lynx Earth \u00e9 um cal\u00e7ado de seguran\u00e7a que atende \u00e0s necessidades dos profissionais da ind\u00fastria ligeira e da log\u00edstica. Especialmente desenhado para mulheres, \u00e9 um modelo leve e topo de gama, preparado para assegura-lhe conforto durante as longas jornadas de trabalho. \u00c9 um sapato com sola com dupla densidade de PU, bastante respir\u00e1vel e ideal para ambientes secos.<\/p>\n<p>&nbsp;<\/p>\n<p>EN ISO 20345:2011 CE S3 SRC<\/p>\n<p>&nbsp;<\/p>\n<p>Encontra-se dispon\u00edvel nos tamanhos 35 a 48.<\/p>\n","protected":false},"featured_media":5245,"comment_status":"open","ping_status":"closed","template":"","meta":{"_mi_skip_tracking":false},"product_cat":[193,104,105,186,207],"product_tag":[185,160,163,161],"class_list":{"0":"post-4549","1":"product","2":"type-product","3":"status-publish","4":"has-post-thumbnail","6":"product_cat-setores-de-atividade-industria-ligeira-e-logistica","7":"product_cat-calcado-de-seguranca","8":"product_cat-sapatos","9":"product_cat-mulher","10":"product_cat-lavoro-automa","11":"product_tag-100-nao-metalico","12":"product_tag-calcado-profissional","13":"product_tag-lavoro","14":"product_tag-sapatos","16":"first","17":"instock","18":"sale","19":"taxable","20":"shipping-taxable","21":"purchasable","22":"product-type-variable"},"_links":{"self":[{"href":"https:\/\/automa.pt\/loja\/wp-json\/wp\/v2\/product\/4549","targetHints":{"allow":["GET"]}}],"collection":[{"href":"https:\/\/automa.pt\/loja\/wp-json\/wp\/v2\/product"}],"about":[{"href":"https:\/\/automa.pt\/loja\/wp-json\/wp\/v2\/types\/product"}],"replies":[{"embeddable":true,"href":"https:\/\/automa.pt\/loja\/wp-json\/wp\/v2\/comments?post=4549"}],"wp:featuredmedia":[{"embeddable":true,"href":"https:\/\/automa.pt\/loja\/wp-json\/wp\/v2\/media\/5245"}],"wp:attachment":[{"href":"https:\/\/automa.pt\/loja\/wp-json\/wp\/v2\/media?parent=4549"}],"wp:term":[{"taxonomy":"product_cat","embeddable":true,"href":"https:\/\/automa.pt\/loja\/wp-json\/wp\/v2\/product_cat?post=4549"},{"taxonomy":"product_tag","embeddable":true,"href":"https:\/\/automa.pt\/loja\/wp-json\/wp\/v2\/product_tag?post=4549"}],"curies":[{"name":"wp","href":"https:\/\/api.w.org\/{rel}","templated":true}]}}