{"id":4111,"date":"2022-06-03T08:18:06","date_gmt":"2022-06-03T08:18:06","guid":{"rendered":"https:\/\/automa.pt\/humana\/?post_type=product&#038;p=4111"},"modified":"2025-02-25T09:44:15","modified_gmt":"2025-02-25T09:44:15","slug":"calcado-de-seguranca-jasper","status":"publish","type":"product","link":"https:\/\/automa.pt\/loja\/produto\/calcado-de-seguranca-jasper\/","title":{"rendered":"Jasper"},"content":{"rendered":"<h2><strong>Cal\u00e7ado de Seguran\u00e7a Lavoro\u00a0<\/strong><\/h2>\n<h2><strong>Cal\u00e7ado de Seguran\u00e7a Jasper<\/strong><\/h2>\n<p>O Jasper \u00e9 um cal\u00e7ado de seguran\u00e7a que excede as necessidades dos trabalhadores da ind\u00fastria pesada no trabalho. Elaborado com meticulosidade, este cal\u00e7ado incorpora uma diversidade de recursos inovadores para oferecer conforto e seguran\u00e7a no local de trabalho. O Jasper \u00e9 uma op\u00e7\u00e3o confi\u00e1vel para os profissionais que lidam com desafios em ambientes industriais desafiadores.<\/p>\n<p>Equipado com uma biqueira em fibra de vidro para prote\u00e7\u00e3o contra impactos, garante a seguran\u00e7a do profissional. A sua palmilha em Kevlar oferece resist\u00eancia adicional contra perfura\u00e7\u00f5es, proporcionando uma camada de prote\u00e7\u00e3o extra aos p\u00e9s.<\/p>\n<p>A sola com dupla densidade de PU oferece amortecimento e estabilidade, mesmo em terrenos complexos. Fabricado com nubuck de alta qualidade, o Jasper combina durabilidade com estilo, tornando-o uma escolha ideal para profissionais que enfrentam os desafios di\u00e1rios da ind\u00fastria pesada.<\/p>\n<p>Este \u00e9 um cal\u00e7ado de seguran\u00e7a que cumpre os requisitos da Norma EN ISO 20345:2011 S3 SRC.<\/p>\n<p>As suas carater\u00edsticas S3 indicam que tem mais do que seguran\u00e7a b\u00e1sica. O cal\u00e7ado \u00e9 antiderrapante e tem uma biqueira de seguran\u00e7a que protege os seus p\u00e9s contra impactos at\u00e9 200J. Tem a regi\u00e3o do calcanhar fechada e um sistema de absor\u00e7\u00e3o de energia no calcanhar, \u00e9 anti est\u00e1tico e resistente a \u00f3leos. Previne a penetra\u00e7\u00e3o e absor\u00e7\u00e3o de \u00e1gua e tem uma palmilha de prote\u00e7\u00e3o contra objetos pontiagudos.<\/p>\n<p>&nbsp;<\/p>\n<h3><strong>LAVORO &#8211; Engineering Life<\/strong><\/h3>\n<p>A Lavoro \u00e9 uma marca que possu\u00ed o selo VHQ (Very High Quality) que acrescenta um atestado de conformidade do cal\u00e7ado profissional com a adequada manuten\u00e7\u00e3o da sa\u00fade do p\u00e9 em contexto laboral. Desde 1988, a Lavoro \u00e9 um dos mais renomados produtores europeus de cal\u00e7ado profissional com uma procura constante pelo melhor. As carater\u00edsticas CLIMA CORK SYSTEM e RSA est\u00e3o presentes em alguns modelos e \u00e9 o que torna a Lavoro \u00fanica e inovativa.<\/p>\n<p>Escolher a Lavoro \u00e9 preferir uma marca de cal\u00e7ado de seguran\u00e7a com carater\u00edsticas inovativas que permitem o maior conforto.<\/p>\n","protected":false},"excerpt":{"rendered":"<p><strong>CAL\u00c7ADO DE SEGURAN\u00c7A LAVORO<\/strong><\/p>\n<p>O Jasper \u00e9 um cal\u00e7ado de seguran\u00e7a que atende \u00e0s necessidades dos profissionais da ind\u00fastria pesada. Desenvolvido com cuidado, este cal\u00e7ado integra uma variedade de recursos avan\u00e7ados para proporcionar conforto e prote\u00e7\u00e3o no ambiente de trabalho. Desenhado para suportar as condi\u00e7\u00f5es mais rigorosas, o Jasper \u00e9 uma escolha confi\u00e1vel para os trabalhadores que enfrentam desafios di\u00e1rios em ambientes industriais exigentes.<\/p>\n<p>&nbsp;<\/p>\n<p>EN ISO 20345:2011 S3 SRC<\/p>\n<p>&nbsp;<\/p>\n<p>Encontra-se dispon\u00edvel nos tamanhos 36 a 48.<\/p>\n","protected":false},"featured_media":4265,"comment_status":"open","ping_status":"closed","template":"","meta":{"_mi_skip_tracking":false},"product_cat":[211,194,104,106,186,207],"product_tag":[162,159,160,163],"class_list":{"0":"post-4111","1":"product","2":"type-product","3":"status-publish","4":"has-post-thumbnail","6":"product_cat-setores-de-atividade-construcao-e-energia","7":"product_cat-setores-de-atividade-industria-pesada-e-atividades-especializadas","8":"product_cat-calcado-de-seguranca","9":"product_cat-botas","10":"product_cat-mulher","11":"product_cat-lavoro-automa","12":"product_tag-botas","13":"product_tag-calcado-de-seguranca","14":"product_tag-calcado-profissional","15":"product_tag-lavoro","17":"first","18":"instock","19":"sale","20":"sold-individually","21":"taxable","22":"shipping-taxable","23":"purchasable","24":"product-type-variable","25":"has-default-attributes"},"_links":{"self":[{"href":"https:\/\/automa.pt\/loja\/wp-json\/wp\/v2\/product\/4111","targetHints":{"allow":["GET"]}}],"collection":[{"href":"https:\/\/automa.pt\/loja\/wp-json\/wp\/v2\/product"}],"about":[{"href":"https:\/\/automa.pt\/loja\/wp-json\/wp\/v2\/types\/product"}],"replies":[{"embeddable":true,"href":"https:\/\/automa.pt\/loja\/wp-json\/wp\/v2\/comments?post=4111"}],"wp:featuredmedia":[{"embeddable":true,"href":"https:\/\/automa.pt\/loja\/wp-json\/wp\/v2\/media\/4265"}],"wp:attachment":[{"href":"https:\/\/automa.pt\/loja\/wp-json\/wp\/v2\/media?parent=4111"}],"wp:term":[{"taxonomy":"product_cat","embeddable":true,"href":"https:\/\/automa.pt\/loja\/wp-json\/wp\/v2\/product_cat?post=4111"},{"taxonomy":"product_tag","embeddable":true,"href":"https:\/\/automa.pt\/loja\/wp-json\/wp\/v2\/product_tag?post=4111"}],"curies":[{"name":"wp","href":"https:\/\/api.w.org\/{rel}","templated":true}]}}