{"id":3980,"date":"2022-05-31T16:10:23","date_gmt":"2022-05-31T16:10:23","guid":{"rendered":"https:\/\/automa.pt\/humana\/?post_type=product&#038;p=3980"},"modified":"2025-02-25T10:57:08","modified_gmt":"2025-02-25T10:57:08","slug":"calcado-de-seguranca-fenix-2-1","status":"publish","type":"product","link":"https:\/\/automa.pt\/loja\/produto\/calcado-de-seguranca-fenix-2-1\/","title":{"rendered":"F\u00e9nix 2.1"},"content":{"rendered":"<h2><strong>Cal\u00e7ado de Seguran\u00e7a Lavoro\u00a0<\/strong><\/h2>\n<h2><strong>Cal\u00e7ado de Seguran\u00e7a F\u00e9nix 2.1<\/strong><\/h2>\n<p>O cal\u00e7ado de seguran\u00e7a F\u00e9nix 2.1 foi especialmente desenvolvida a pensar nas condi\u00e7\u00f5es extremas em que trabalham os Bombeiros.\u00a0A sua sola, resistente a temperaturas de 500\u00bac foi testada e aprovada pelo Centro de Estudos sobre Inc\u00eandios Florestais.<\/p>\n<p>Com refor\u00e7os e prote\u00e7\u00e3o especial em diferentes zonas do p\u00e9, a bota apresenta uma forma mais larga para maior conforto.<\/p>\n<p>Com uma biqueira de a\u00e7o e uma palmilha Kevlar, o F\u00e9nix oferece uma prote\u00e7\u00e3o superior contra impactos, garantindo a seguran\u00e7a dos p\u00e9s. A sola vulcanizada do Fenix proporciona durabilidade e resist\u00eancia excecionais, tornando-o adequado para uso em uma variedade de superf\u00edcies.<\/p>\n<p>Com resist\u00eancia t\u00e9rmica de at\u00e9 500\u00b0C, o F\u00e9nix proporciona prote\u00e7\u00e3o adicional em ambientes de trabalho com riscos t\u00e9rmicos elevados. O cal\u00e7ado \u00e9 revestido com Sympatex, tornando-o repelente \u00e0 \u00e1gua e oferecendo conforto mesmo em condi\u00e7\u00f5es h\u00famidas.<\/p>\n<p>O F\u00e9nix possui certifica\u00e7\u00e3o CCS (Controlo de Contamina\u00e7\u00e3o Est\u00e1tica), garantindo um ambiente de trabalho seguro em ambientes sens\u00edveis. A sua caracter\u00edstica antiderrapante proporciona excelente ader\u00eancia em superf\u00edcies escorregadias, reduzindo o risco de quedas e les\u00f5es.<\/p>\n<p>Este \u00e9 um cal\u00e7ado de seguran\u00e7a que cumpre os requisitos das Normas EN ISO 15090:2012 TIPO 2HI3 F2A e EN ISO 20345:2011 CE S3 AN CI WR HRO SRA.<\/p>\n<p>As suas carater\u00edsticas S3 indicam que tem mais do que seguran\u00e7a b\u00e1sica. O cal\u00e7ado \u00e9 antiderrapante e tem uma biqueira de seguran\u00e7a que protege os seus p\u00e9s contra impactos at\u00e9 200J. Tem a regi\u00e3o do calcanhar fechada e um sistema de absor\u00e7\u00e3o de energia no calcanhar, \u00e9 anti est\u00e1tico e resistente a \u00f3leos. Previne a penetra\u00e7\u00e3o e absor\u00e7\u00e3o de \u00e1gua e tem uma palmilha de prote\u00e7\u00e3o contra objetos pontiagudos.<\/p>\n<p>&nbsp;<\/p>\n<h3><strong>LAVORO &#8211; Engineering Life<\/strong><\/h3>\n<p>A Lavoro \u00e9 uma marca que possu\u00ed o selo VHQ (Very High Quality) que acrescenta um atestado de conformidade do cal\u00e7ado profissional com a adequada manuten\u00e7\u00e3o da sa\u00fade do p\u00e9 em contexto laboral. Desde 1988, a Lavoro \u00e9 um dos mais renomados produtores europeus de cal\u00e7ado profissional com uma procura constante pelo melhor. As carater\u00edsticas CLIMA CORK SYSTEM e RSA est\u00e3o presentes em alguns modelos e \u00e9 o que torna a Lavoro \u00fanica e inovativa.<\/p>\n<p>Escolher a Lavoro \u00e9 preferir uma marca de cal\u00e7ado de seguran\u00e7a com carater\u00edsticas inovativas que permitem o maior conforto.<\/p>\n","protected":false},"excerpt":{"rendered":"<p><strong>CAL\u00c7ADO DE SEGURAN\u00c7A LAVORO<\/strong><\/p>\n<p>O cal\u00e7ado de seguran\u00e7a F\u00e9nix 2.1 \u00e9 um cal\u00e7ado topo de gama especificamente desenvolvido a pensar nas condi\u00e7\u00f5es extremas em que trabalham os Bombeiros. A sua sola, resistente a temperaturas de 500\u00bac foi testada e aprovada pelo Centro de Estudos sobre Inc\u00eandios Florestais. \u00c9 a escolha ideal para profissionais que enfrentam desafios extremos no combate a inc\u00eandios.<\/p>\n<p>&nbsp;<\/p>\n<p>EN ISO 15090:2012 TIPO 2HI3 F2A | EN ISO 20345:2011 CE S3 AN CI WR HRO SRA<\/p>\n<p>&nbsp;<\/p>\n<p>Encontra-se dispon\u00edvel nos tamanhos 35 a 47.<\/p>\n","protected":false},"featured_media":6233,"comment_status":"open","ping_status":"closed","template":"","meta":{"_mi_skip_tracking":false},"product_cat":[197,198,104,106,112,186,207],"product_tag":[162,159,160,163],"class_list":{"0":"post-3980","1":"product","2":"type-product","3":"status-publish","4":"has-post-thumbnail","6":"product_cat-setores-de-atividade-floresta-agricultura-jardinagem","7":"product_cat-setores-de-atividade-incendio-e-resgate","8":"product_cat-calcado-de-seguranca","9":"product_cat-botas","10":"product_cat-biqueira-de-protecao","11":"product_cat-mulher","12":"product_cat-lavoro-automa","13":"product_tag-botas","14":"product_tag-calcado-de-seguranca","15":"product_tag-calcado-profissional","16":"product_tag-lavoro","18":"first","19":"instock","20":"sale","21":"sold-individually","22":"taxable","23":"shipping-taxable","24":"purchasable","25":"product-type-variable"},"_links":{"self":[{"href":"https:\/\/automa.pt\/loja\/wp-json\/wp\/v2\/product\/3980","targetHints":{"allow":["GET"]}}],"collection":[{"href":"https:\/\/automa.pt\/loja\/wp-json\/wp\/v2\/product"}],"about":[{"href":"https:\/\/automa.pt\/loja\/wp-json\/wp\/v2\/types\/product"}],"replies":[{"embeddable":true,"href":"https:\/\/automa.pt\/loja\/wp-json\/wp\/v2\/comments?post=3980"}],"wp:featuredmedia":[{"embeddable":true,"href":"https:\/\/automa.pt\/loja\/wp-json\/wp\/v2\/media\/6233"}],"wp:attachment":[{"href":"https:\/\/automa.pt\/loja\/wp-json\/wp\/v2\/media?parent=3980"}],"wp:term":[{"taxonomy":"product_cat","embeddable":true,"href":"https:\/\/automa.pt\/loja\/wp-json\/wp\/v2\/product_cat?post=3980"},{"taxonomy":"product_tag","embeddable":true,"href":"https:\/\/automa.pt\/loja\/wp-json\/wp\/v2\/product_tag?post=3980"}],"curies":[{"name":"wp","href":"https:\/\/api.w.org\/{rel}","templated":true}]}}