{"id":3951,"date":"2022-05-31T14:40:14","date_gmt":"2022-05-31T14:40:14","guid":{"rendered":"https:\/\/automa.pt\/humana\/?post_type=product&#038;p=3951"},"modified":"2025-03-01T00:01:58","modified_gmt":"2025-03-01T00:01:58","slug":"calcado-de-seguranca-portcal-albufeira","status":"publish","type":"product","link":"https:\/\/automa.pt\/loja\/produto\/calcado-de-seguranca-portcal-albufeira\/","title":{"rendered":"Albufeira"},"content":{"rendered":"<h2>Cal\u00e7ado de Seguran\u00e7a <strong>Portcal S3<\/strong><\/h2>\n<h2>Cal\u00e7ado de Seguran\u00e7a Albufeira<\/h2>\n<p>Albufeira \u00e9 um cal\u00e7ado de seguran\u00e7a leve e flex\u00edvel, de qualidade superior, para profissionais que valorizam o conforto no trabalho. Desenvolvida para oferecer uma resist\u00eancia excecional, a bota Albufeira tem uma combina\u00e7\u00e3o de estilo e durabilidade.<\/p>\n<p>Seja em oficinas ou armaz\u00e9ns desafiadores, a robustez e descontra\u00e7\u00e3o da bota Albufeira s\u00e3o muito bem recebidas. A sua sola dupla em PU diretamente injetado, oferece um n\u00edvel de estabilidade e ader\u00eancia superiores.<\/p>\n<p>Com biqueira em composite e palmilha Kevlar, o cal\u00e7ado ajudar\u00e1 o profissional a superar desafios com seguran\u00e7a e conforto excecionais. Totalmente n\u00e3o met\u00e1lica, a bota \u00e9 o resultado de um compromisso cont\u00ednuo com inova\u00e7\u00e3o.<\/p>\n<p>Este \u00e9 um cal\u00e7ado de seguran\u00e7a que<strong>\u00a0<\/strong>cumpre os requisitos da Norma EN ISO 20345:2011 S3 SRC, categoria S3.<\/p>\n<p>A bota de seguran\u00e7a Albufeira \u00e9 o modelo mais vendido no setor da Ind\u00fastria Ligeira e Engenharia Log\u00edstica de Portugal. As suas caracter\u00edsticas S3 <span style=\"font-size: 0.9rem\">indicam que tem mais do que seguran\u00e7a b\u00e1sica. Este cal\u00e7ado \u00e9 antiderrapante e tem uma biqueira de seguran\u00e7a que protege os seus p\u00e9s contra impactos at\u00e9 200J. Tem o calcanhar do produto fechado e um sistema de absor\u00e7\u00e3o de energia, \u00e9 anti est\u00e1tico e resistente a \u00f3leos. Previne a penetra\u00e7\u00e3o e absor\u00e7\u00e3o de \u00e1gua. A sua palmilha tem\u00a0 prote\u00e7\u00e3o contra objetos pontiagudos.<\/span><\/p>\n<p>&nbsp;<\/p>\n<h3>Portcal &#8211; Shoes from Portugal<\/h3>\n<p>A Portcal \u00e9 uma marca da ICC \u2013 Ind\u00fastrias e Com\u00e9rcio de Cal\u00e7ado, S.A. -, empresa portuguesa l\u00edder nacional na produ\u00e7\u00e3o de cal\u00e7ado de seguran\u00e7a. Nascida em 1999, a Portcal produz cal\u00e7ado de seguran\u00e7a de qualidade, garantindo conforto e adequa\u00e7\u00e3o \u00e0s diversas exig\u00eancias dos locais de trabalho. A Portcal disp\u00f5e de uma gama variada de modelos, caraterizando-se pela rigorosa sele\u00e7\u00e3o de materiais para a produ\u00e7\u00e3o de cal\u00e7ado resistente, a pre\u00e7os competitivos.<\/p>\n<p>Escolher Portcal \u00e9 preferir uma marca Portuguesa de cal\u00e7ado de seguran\u00e7a e beneficiar de maior conforto no trabalho.<\/p>\n<p>&nbsp;<\/p>\n","protected":false},"excerpt":{"rendered":"<p><strong>CAL\u00c7ADO DE SEGURAN\u00c7A PORTCAL<\/strong><\/p>\n<p>Albufeira \u00e9 uma bota de seguran\u00e7a leve e flex\u00edvel, de qualidade superior, para profissionais que valorizam o conforto no ambiente de trabalho. Projetada para proporcionar uma resist\u00eancia fora do comum, esta bota preserva o seu bom design, oferecendo uma fus\u00e3o harmoniosa entre eleg\u00e2ncia e durabilidade.<\/p>\n<p>&nbsp;<\/p>\n<p>EN ISO 20345:2011 <strong>S3 SRC<\/strong><\/p>\n<p>&nbsp;<\/p>\n<p>Est\u00e1 dispon\u00edvel nos tamanhos 36 a 47.<\/p>\n<p>&nbsp;<\/p>\n","protected":false},"featured_media":4002,"comment_status":"open","ping_status":"closed","template":"","meta":{"_mi_skip_tracking":false},"product_cat":[193,104,105,184],"product_tag":[159,160,163,161],"class_list":{"0":"post-3951","1":"product","2":"type-product","3":"status-publish","4":"has-post-thumbnail","6":"product_cat-setores-de-atividade-industria-ligeira-e-logistica","7":"product_cat-calcado-de-seguranca","8":"product_cat-sapatos","9":"product_cat-portcal-calcado-de-seguranca","10":"product_tag-calcado-de-seguranca","11":"product_tag-calcado-profissional","12":"product_tag-lavoro","13":"product_tag-sapatos","15":"first","16":"instock","17":"sold-individually","18":"taxable","19":"shipping-taxable","20":"purchasable","21":"product-type-variable"},"_links":{"self":[{"href":"https:\/\/automa.pt\/loja\/wp-json\/wp\/v2\/product\/3951","targetHints":{"allow":["GET"]}}],"collection":[{"href":"https:\/\/automa.pt\/loja\/wp-json\/wp\/v2\/product"}],"about":[{"href":"https:\/\/automa.pt\/loja\/wp-json\/wp\/v2\/types\/product"}],"replies":[{"embeddable":true,"href":"https:\/\/automa.pt\/loja\/wp-json\/wp\/v2\/comments?post=3951"}],"wp:featuredmedia":[{"embeddable":true,"href":"https:\/\/automa.pt\/loja\/wp-json\/wp\/v2\/media\/4002"}],"wp:attachment":[{"href":"https:\/\/automa.pt\/loja\/wp-json\/wp\/v2\/media?parent=3951"}],"wp:term":[{"taxonomy":"product_cat","embeddable":true,"href":"https:\/\/automa.pt\/loja\/wp-json\/wp\/v2\/product_cat?post=3951"},{"taxonomy":"product_tag","embeddable":true,"href":"https:\/\/automa.pt\/loja\/wp-json\/wp\/v2\/product_tag?post=3951"}],"curies":[{"name":"wp","href":"https:\/\/api.w.org\/{rel}","templated":true}]}}