{"id":3943,"date":"2022-05-31T14:37:07","date_gmt":"2022-05-31T14:37:07","guid":{"rendered":"https:\/\/automa.pt\/humana\/?post_type=product&#038;p=3943"},"modified":"2025-03-01T00:01:58","modified_gmt":"2025-03-01T00:01:58","slug":"calcado-de-seguranca-bota-agueda","status":"publish","type":"product","link":"https:\/\/automa.pt\/loja\/produto\/calcado-de-seguranca-bota-agueda\/","title":{"rendered":"\u00c1gueda"},"content":{"rendered":"<h2><strong>Cal\u00e7ado de Seguran\u00e7a Portcal S3<\/strong><\/h2>\n<h2><strong>Cal\u00e7ado de Seguran\u00e7a \u00c1gueda<\/strong><\/h2>\n<p>O cal\u00e7ado de seguran\u00e7a \u00c1gueda \u00e9 a escolha ideal para soldadores, garantindo prote\u00e7\u00e3o e conforto essenciais no trabalho. A bota de seguran\u00e7a \u00c1gueda, leve e com design destacado, \u00e9 ideal para mulheres e homens no ambiente de trabalho.<\/p>\n<p>O cal\u00e7ado \u00c1gueda possu\u00ed uma biqueira de composite proporcionando resist\u00eancia e seguran\u00e7a sem comprometer o conforto durante o uso. A sua palmilha Kevlar refor\u00e7a a prote\u00e7\u00e3o, oferecendo resist\u00eancia e durabilidade adicionais \u00e1s botas \u00c1gueda. Para uma seguran\u00e7a superior, a sua sola de dupla densidade de PU proporciona resist\u00eancia e ader\u00eancia.<\/p>\n<p>Escolher o cal\u00e7ado \u00c1gueda \u00e9 optar pela excel\u00eancia, \u00e9 promover pelo bem-estar do trabalhador. \u00c9 uma op\u00e7\u00e3o de confian\u00e7a para aqueles que procuram o melhor em desempenho e conforto profissional.<\/p>\n<p>Este \u00e9 um cal\u00e7ado de prote\u00e7\u00e3o que atende \u00e0s especifica\u00e7\u00f5es estabelecidas pela norma EN ISO 20345:2011 S3 SRC.<\/p>\n<p><span style=\"font-size: 0.9rem\">As suas carater\u00edsticas S3 indicam que tem mais do que seguran\u00e7a b\u00e1sica. O cal\u00e7ado \u00e9 antiderrapante e tem uma biqueira de seguran\u00e7a que protege os seus p\u00e9s contra impactos at\u00e9 200J. Tem a regi\u00e3o do calcanhar fechada e um sistema de absor\u00e7\u00e3o de energia no calcanhar, \u00e9 anti est\u00e1tico e resistente a \u00f3leos. Previne a penetra\u00e7\u00e3o e absor\u00e7\u00e3o de \u00e1gua e tem uma palmilha de prote\u00e7\u00e3o contra objetos pontiagudos.<\/span><\/p>\n<p>&nbsp;<\/p>\n<h3>Portcal &#8211; Shoes from Portugal<\/h3>\n<p>A Portcal \u00e9 uma marca da ICC \u2013 Ind\u00fastrias e Com\u00e9rcio de Cal\u00e7ado, S.A. -, empresa portuguesa l\u00edder nacional na produ\u00e7\u00e3o de cal\u00e7ado de seguran\u00e7a. Nascida em 1999, a Portcal produz cal\u00e7ado de seguran\u00e7a de qualidade, garantindo conforto e adequa\u00e7\u00e3o \u00e0s diversas exig\u00eancias dos locais de trabalho. A Portcal disp\u00f5e de uma gama variada de modelos, caraterizando-se pela rigorosa sele\u00e7\u00e3o de materiais para a produ\u00e7\u00e3o de cal\u00e7ado resistente, a pre\u00e7os competitivos.<\/p>\n<p>Escolher Portcal \u00e9 preferir uma marca Portuguesa de cal\u00e7ado de seguran\u00e7a e beneficiar de maior conforto no trabalho.<\/p>\n","protected":false},"excerpt":{"rendered":"<p><strong>CAL\u00c7ADO DE SEGURAN\u00c7A PORTCAL<\/strong><\/p>\n<p>O cal\u00e7ado de seguran\u00e7a \u00c1gueda \u00e9 espec\u00edfico para profiss\u00f5es na \u00e1rea de soldadores e a sua biqueira em Composite assegura-lhe mais seguran\u00e7a. Possu\u00ed flexibilidade e conforto para longas jornadas de trabalho.<\/p>\n<p>EN ISO 20345:2011 S3 SRC<\/p>\n<p>Est\u00e1 dispon\u00edvel nos tamanhos 36 a 47.<\/p>\n","protected":false},"featured_media":4014,"comment_status":"open","ping_status":"closed","template":"","meta":{"_mi_skip_tracking":false},"product_cat":[194,104,106,184],"product_tag":[162,159,160,163],"class_list":{"0":"post-3943","1":"product","2":"type-product","3":"status-publish","4":"has-post-thumbnail","6":"product_cat-setores-de-atividade-industria-pesada-e-atividades-especializadas","7":"product_cat-calcado-de-seguranca","8":"product_cat-botas","9":"product_cat-portcal-calcado-de-seguranca","10":"product_tag-botas","11":"product_tag-calcado-de-seguranca","12":"product_tag-calcado-profissional","13":"product_tag-lavoro","15":"first","16":"instock","17":"taxable","18":"shipping-taxable","19":"purchasable","20":"product-type-variable","21":"has-default-attributes"},"_links":{"self":[{"href":"https:\/\/automa.pt\/loja\/wp-json\/wp\/v2\/product\/3943","targetHints":{"allow":["GET"]}}],"collection":[{"href":"https:\/\/automa.pt\/loja\/wp-json\/wp\/v2\/product"}],"about":[{"href":"https:\/\/automa.pt\/loja\/wp-json\/wp\/v2\/types\/product"}],"replies":[{"embeddable":true,"href":"https:\/\/automa.pt\/loja\/wp-json\/wp\/v2\/comments?post=3943"}],"wp:featuredmedia":[{"embeddable":true,"href":"https:\/\/automa.pt\/loja\/wp-json\/wp\/v2\/media\/4014"}],"wp:attachment":[{"href":"https:\/\/automa.pt\/loja\/wp-json\/wp\/v2\/media?parent=3943"}],"wp:term":[{"taxonomy":"product_cat","embeddable":true,"href":"https:\/\/automa.pt\/loja\/wp-json\/wp\/v2\/product_cat?post=3943"},{"taxonomy":"product_tag","embeddable":true,"href":"https:\/\/automa.pt\/loja\/wp-json\/wp\/v2\/product_tag?post=3943"}],"curies":[{"name":"wp","href":"https:\/\/api.w.org\/{rel}","templated":true}]}}