{"id":3923,"date":"2022-05-31T14:26:41","date_gmt":"2022-05-31T14:26:41","guid":{"rendered":"https:\/\/automa.pt\/humana\/?post_type=product&#038;p=3923"},"modified":"2025-03-01T00:01:58","modified_gmt":"2025-03-01T00:01:58","slug":"calcado-de-seguranca-sapato-coimbra","status":"publish","type":"product","link":"https:\/\/automa.pt\/loja\/produto\/calcado-de-seguranca-sapato-coimbra\/","title":{"rendered":"Coimbra"},"content":{"rendered":"<h2><strong>Cal\u00e7ado de Seguran\u00e7a Portcal S3<\/strong><\/h2>\n<h2><strong>Cal\u00e7ado de Seguran\u00e7a Coimbra<\/strong><\/h2>\n<p>Intemporal, cl\u00e1ssico e notavelmente duradouro. Para apreciadores de cal\u00e7ados de couro, nada se compara \u00e0 experi\u00eancia cl\u00e1ssica de uma bota feita de couro aut\u00eantico. O cal\u00e7ado de seguran\u00e7a Coimbra<strong>\u00a0<\/strong>pode ser utilizado, todo o ano, em diferentes profiss\u00f5es.<\/p>\n<p>Para um maior conforto, esta bota em pele de elevada resist\u00eancia \u00e0 penetra\u00e7\u00e3o de \u00e1gua, possui uma pala almofadada e forro t\u00eaxtil absorvente. Este cal\u00e7ado de seguran\u00e7a cont\u00eam um design tradicional, alia conforto e seguran\u00e7a numa excelente rela\u00e7\u00e3o qualidade\/pre\u00e7o.<\/p>\n<p>A sua sola, em PU diretamente injetado, aumenta a sua durabilidade reduzindo o desgaste t\u00edpico de um uso intensivo. Para conforto e seguran\u00e7a adicional tamb\u00e9m inclu\u00ed biqueira e palmilha em a\u00e7o.<\/p>\n<p>O sapato <strong>Coimbra <\/strong>cumpre os requisitos da Norma EN ISO20345:2011, categoria S3 e encontra-se dispon\u00edvel nos tamanhos 36 a 47.<\/p>\n<p>&nbsp;<\/p>\n<p><strong>Aplica\u00e7\u00f5es: <\/strong>trabalhos de exterior; constru\u00e7\u00e3o civil e obras p\u00fablicas.<\/p>\n<p>O sapato\u00a0Coimbra cumpre os requisitos da Norma EN ISO 20345:2011 CE S3 SRC.<\/p>\n<p><span style=\"font-size: 0.9rem\">As suas carater\u00edsticas S3 indicam que tem mais do que seguran\u00e7a b\u00e1sica. O cal\u00e7ado \u00e9 antiderrapante e tem uma biqueira de seguran\u00e7a que protege os seus p\u00e9s contra impactos at\u00e9 200J. Tem a regi\u00e3o do calcanhar fechada e um sistema de absor\u00e7\u00e3o de energia no calcanhar, \u00e9 anti est\u00e1tico e resistente a \u00f3leos. Previne a penetra\u00e7\u00e3o e absor\u00e7\u00e3o de \u00e1gua e tem uma palmilha de prote\u00e7\u00e3o contra objetos pontiagudos.<\/span><\/p>\n<p>&nbsp;<\/p>\n<h3>Portcal &#8211; Shoes from Portugal<\/h3>\n<p>A Portcal \u00e9 uma marca da ICC \u2013 Ind\u00fastrias e Com\u00e9rcio de Cal\u00e7ado, S.A., empresa portuguesa l\u00edder nacional na produ\u00e7\u00e3o de cal\u00e7ado de seguran\u00e7a.\u00a0Nascida em 1999, a Portcal produz cal\u00e7ado de seguran\u00e7a de qualidade, garantindo conforto\u00a0e adequa\u00e7\u00e3o \u00e0s diversas exig\u00eancias dos locais de trabalho.\u00a0A Portcal disp\u00f5e de uma gama variada de modelos, caraterizando-se pela rigorosa sele\u00e7\u00e3o de materiais para a produ\u00e7\u00e3o de cal\u00e7ado resistente, a pre\u00e7os competitivos.\u00a0Quem escolhe Portcal tem a garantia dos mais elevados n\u00edveis de seguran\u00e7a e conforto no trabalho.<\/p>\n<div id=\"product-tab\" class=\"woocommerce-tabs woocommerce-tabs-6o9etdrh8gjoxlmp3jw45nle5js30q1 resp-htabs style-2\">\n<div class=\"resp-tabs-container\">\n<div id=\"tab-description\" class=\"tab-content resp-tab-content resp-tab-content-active\" aria-labelledby=\"tab_item-0\">\n<p>Escolher Portcal \u00e9 preferir uma marca Portuguesa de cal\u00e7ado de seguran\u00e7a e beneficiar de maior conforto no trabalho.<\/p>\n<\/div>\n<\/div>\n<\/div>\n","protected":false},"excerpt":{"rendered":"<p><strong>CAL\u00c7ADO DE SEGURAN\u00c7A PORTCAL<\/strong><\/p>\n<p>O cal\u00e7ado de seguran\u00e7a Coimbra \u00e9 um modelo vers\u00e1til e resistente, desenhado para diversas profiss\u00f5es. A sua qualidade oferece salvaguarda e conforto em longas horas de trabalho. Uma das suas fun\u00e7\u00f5es \u00e9 proporcionar uma resist\u00eancia excecional diante do desgaste intenso comum em atividades profissionais mais exigentes. <span style=\"font-size: 0.9rem\">O modelo Coimbra vai al\u00e9m da simplicidade de uma bota; \u00e9 um \u00edcone cl\u00e1ssico, atemporal e notavelmente resistente.\u00a0<\/span><\/p>\n<p>&nbsp;<\/p>\n<p><span style=\"font-size: 0.9rem\">EN ISO 20345:2011 CE S3 SRC<\/span><\/p>\n<p>&nbsp;<\/p>\n<p>Encontra-se dispon\u00edvel nos tamanhos 36 a 47.<\/p>\n","protected":false},"featured_media":4020,"comment_status":"open","ping_status":"closed","template":"","meta":{"_mi_skip_tracking":false},"product_cat":[194,104,105,184],"product_tag":[162,159,160,164],"class_list":{"0":"post-3923","1":"product","2":"type-product","3":"status-publish","4":"has-post-thumbnail","6":"product_cat-setores-de-atividade-industria-pesada-e-atividades-especializadas","7":"product_cat-calcado-de-seguranca","8":"product_cat-sapatos","9":"product_cat-portcal-calcado-de-seguranca","10":"product_tag-botas","11":"product_tag-calcado-de-seguranca","12":"product_tag-calcado-profissional","13":"product_tag-portcal","15":"first","16":"instock","17":"sold-individually","18":"taxable","19":"shipping-taxable","20":"purchasable","21":"product-type-variable"},"_links":{"self":[{"href":"https:\/\/automa.pt\/loja\/wp-json\/wp\/v2\/product\/3923","targetHints":{"allow":["GET"]}}],"collection":[{"href":"https:\/\/automa.pt\/loja\/wp-json\/wp\/v2\/product"}],"about":[{"href":"https:\/\/automa.pt\/loja\/wp-json\/wp\/v2\/types\/product"}],"replies":[{"embeddable":true,"href":"https:\/\/automa.pt\/loja\/wp-json\/wp\/v2\/comments?post=3923"}],"wp:featuredmedia":[{"embeddable":true,"href":"https:\/\/automa.pt\/loja\/wp-json\/wp\/v2\/media\/4020"}],"wp:attachment":[{"href":"https:\/\/automa.pt\/loja\/wp-json\/wp\/v2\/media?parent=3923"}],"wp:term":[{"taxonomy":"product_cat","embeddable":true,"href":"https:\/\/automa.pt\/loja\/wp-json\/wp\/v2\/product_cat?post=3923"},{"taxonomy":"product_tag","embeddable":true,"href":"https:\/\/automa.pt\/loja\/wp-json\/wp\/v2\/product_tag?post=3923"}],"curies":[{"name":"wp","href":"https:\/\/api.w.org\/{rel}","templated":true}]}}