{"id":3886,"date":"2022-05-31T14:06:38","date_gmt":"2022-05-31T14:06:38","guid":{"rendered":"https:\/\/automa.pt\/humana\/?post_type=product&#038;p=3886"},"modified":"2025-02-25T12:02:28","modified_gmt":"2025-02-25T12:02:28","slug":"calcado-de-seguranca-leia","status":"publish","type":"product","link":"https:\/\/automa.pt\/loja\/produto\/calcado-de-seguranca-leia\/","title":{"rendered":"Leia"},"content":{"rendered":"<h2><strong>Cal\u00e7ado de Seguran\u00e7a Lavoro\u00a0<\/strong><\/h2>\n<h2><strong>Cal\u00e7ado de Seguran\u00e7a Leia<\/strong><\/h2>\n<p>O cal\u00e7ado de seguran\u00e7a Leia atende \u00e0s necessidades dos profissionais da ind\u00fastria ligeira. Este modelo oferece prote\u00e7\u00e3o e conforto excecionais em ambientes industriais desafiadores.<\/p>\n<p>Com uma biqueira em composite e uma palmilha de a\u00e7o, garante prote\u00e7\u00e3o robusta contra perfura\u00e7\u00f5es, garantindo a seguran\u00e7a dos p\u00e9s. A sola dupla PU proporciona excelente amortecimento e resist\u00eancia \u00e0 abras\u00e3o, oferecendo estabilidade e durabilidade em uma variedade de superf\u00edcies.<\/p>\n<p>Equipado com tecnologia ESD e certifica\u00e7\u00e3o CCS, garante prote\u00e7\u00e3o contra descargas eletrost\u00e1ticas e controle de contamina\u00e7\u00e3o est\u00e1tica em ambientes sens\u00edveis. O revestimento Dri-Lex torna o cal\u00e7ado repelente \u00e0 \u00e1gua, mantendo os p\u00e9s secos e confort\u00e1veis em condi\u00e7\u00f5es h\u00famidas.<\/p>\n<p>A sua caracter\u00edstica anti est\u00e1tica minimiza o ac\u00famulo de eletricidade est\u00e1tica, protegendo tanto o usu\u00e1rio quanto equipamentos sens\u00edveis.<\/p>\n<p>Este \u00e9 um cal\u00e7ado de seguran\u00e7a que cumpre os requisitos da Norma EN ISO 20345:2011 CE S3 HRO SRC.<\/p>\n<p>As suas carater\u00edsticas S3 indicam que tem mais do que seguran\u00e7a b\u00e1sica. O cal\u00e7ado \u00e9 antiderrapante e tem uma biqueira de seguran\u00e7a que protege os seus p\u00e9s contra impactos at\u00e9 200J. Tem a regi\u00e3o do calcanhar fechada e um sistema de absor\u00e7\u00e3o de energia no calcanhar, \u00e9 anti est\u00e1tico e resistente a \u00f3leos. Previne a penetra\u00e7\u00e3o e absor\u00e7\u00e3o de \u00e1gua e tem uma palmilha de prote\u00e7\u00e3o contra objetos pontiagudos.<\/p>\n<p>&nbsp;<\/p>\n<h3><strong>LAVORO &#8211; Engineering Life<\/strong><\/h3>\n<p>A Lavoro \u00e9 uma marca que possu\u00ed o selo VHQ (Very High Quality) que acrescenta um atestado de conformidade do cal\u00e7ado profissional com a adequada manuten\u00e7\u00e3o da sa\u00fade do p\u00e9 em contexto laboral. Desde 1988, a Lavoro \u00e9 um dos mais renomados produtores europeus de cal\u00e7ado profissional com uma procura constante pelo melhor. As carater\u00edsticas CLIMA CORK SYSTEM e RSA est\u00e3o presentes em alguns modelos e \u00e9 o que torna a Lavoro \u00fanica e inovativa.<\/p>\n<p>Escolher a Lavoro \u00e9 preferir uma marca de cal\u00e7ado de seguran\u00e7a com carater\u00edsticas inovativas que permitem o maior conforto.<\/p>\n","protected":false},"excerpt":{"rendered":"<p><strong>CAL\u00c7ADO DE SEGURAN\u00c7A LAVORO\u00a0<\/strong><\/p>\n<p>O modelo Leia \u00e9 um cal\u00e7ado de seguran\u00e7a com caracter\u00edsticas avan\u00e7adas para satisfazer as necessidades do profissional da ind\u00fastria ligeira, oferecendo prote\u00e7\u00e3o e conforto durante toda a jornada de trabalho. Um sapato, leve e confort\u00e1vel, com sola de elevada resist\u00eancia, bastante respir\u00e1vel, ideal para ambientes secos. Modelo totalmente n\u00e3o met\u00e1lico, este modelo oferece uma solu\u00e7\u00e3o segura e confort\u00e1vel para os profissionais da ind\u00fastria ligeira.<\/p>\n<p>&nbsp;<\/p>\n<p>EN ISO 20345:2011 CE S3 HRO SRC<\/p>\n<p>&nbsp;<\/p>\n<p>Encontra-se dispon\u00edvel nos tamanhos 35 a 42.<\/p>\n<p>&nbsp;<\/p>\n","protected":false},"featured_media":4212,"comment_status":"open","ping_status":"closed","template":"","meta":{"_mi_skip_tracking":false},"product_cat":[193,104,105,186,207],"product_tag":[159,160,163,161],"class_list":{"0":"post-3886","1":"product","2":"type-product","3":"status-publish","4":"has-post-thumbnail","6":"product_cat-setores-de-atividade-industria-ligeira-e-logistica","7":"product_cat-calcado-de-seguranca","8":"product_cat-sapatos","9":"product_cat-mulher","10":"product_cat-lavoro-automa","11":"product_tag-calcado-de-seguranca","12":"product_tag-calcado-profissional","13":"product_tag-lavoro","14":"product_tag-sapatos","16":"first","17":"instock","18":"sale","19":"sold-individually","20":"taxable","21":"shipping-taxable","22":"purchasable","23":"product-type-variable","24":"has-default-attributes"},"_links":{"self":[{"href":"https:\/\/automa.pt\/loja\/wp-json\/wp\/v2\/product\/3886","targetHints":{"allow":["GET"]}}],"collection":[{"href":"https:\/\/automa.pt\/loja\/wp-json\/wp\/v2\/product"}],"about":[{"href":"https:\/\/automa.pt\/loja\/wp-json\/wp\/v2\/types\/product"}],"replies":[{"embeddable":true,"href":"https:\/\/automa.pt\/loja\/wp-json\/wp\/v2\/comments?post=3886"}],"wp:featuredmedia":[{"embeddable":true,"href":"https:\/\/automa.pt\/loja\/wp-json\/wp\/v2\/media\/4212"}],"wp:attachment":[{"href":"https:\/\/automa.pt\/loja\/wp-json\/wp\/v2\/media?parent=3886"}],"wp:term":[{"taxonomy":"product_cat","embeddable":true,"href":"https:\/\/automa.pt\/loja\/wp-json\/wp\/v2\/product_cat?post=3886"},{"taxonomy":"product_tag","embeddable":true,"href":"https:\/\/automa.pt\/loja\/wp-json\/wp\/v2\/product_tag?post=3886"}],"curies":[{"name":"wp","href":"https:\/\/api.w.org\/{rel}","templated":true}]}}