{"id":3842,"date":"2022-05-30T15:08:30","date_gmt":"2022-05-30T15:08:30","guid":{"rendered":"https:\/\/automa.pt\/humana\/?post_type=product&#038;p=3842"},"modified":"2025-02-25T11:55:02","modified_gmt":"2025-02-25T11:55:02","slug":"cyndi","status":"publish","type":"product","link":"https:\/\/automa.pt\/loja\/produto\/cyndi\/","title":{"rendered":"Cyndi"},"content":{"rendered":"<h2><strong>Cal\u00e7ado de Seguran\u00e7a Lavoro<\/strong><\/h2>\n<h2><strong>Cal\u00e7ado de Seguran\u00e7a Cyndi<\/strong><\/h2>\n<p>O cal\u00e7ado de seguran\u00e7a Cyndi \u00e9 uma escolha ideal para profissionais que trabalham na ind\u00fastria ligeira e log\u00edstica. Um sapato que combina estilo, conforto e prote\u00e7\u00e3o, ou seja, \u00e9 tudo aquilo que as profissionais procuram num sapato.<\/p>\n<p>Com uma biqueira em a\u00e7o duradouro, o sapato Cyndi proporciona prote\u00e7\u00e3o extra contra impactos e compress\u00e3o. Garante a seguran\u00e7a e o conforto dos p\u00e9s em ambientes de trabalho desafiadores.<\/p>\n<p>A sola PU oferece tra\u00e7\u00e3o superior e resist\u00eancia ao deslizamento numa variedade de superf\u00edcies, garantindo estabilidade e seguran\u00e7a ao caminhar. O PU \u00e9 conhecido pela sua durabilidade e capacidade de absor\u00e7\u00e3o de choque.<\/p>\n<p>A palmilha em Kevlar oferece uma barreira complementar contra perfura\u00e7\u00f5es, garantindo que os p\u00e9s permane\u00e7am protegidos contra objetos afiados ou pontiagudos que possam estar presentes no ambiente de trabalho.<\/p>\n<p>Este \u00e9 um cal\u00e7ado de seguran\u00e7a que cumpre os requisitos da Norma N ISO 20345:2011 <strong>S3 SRA ESD.<\/strong><\/p>\n<p>As suas carater\u00edsticas S3 indicam que tem mais do que seguran\u00e7a b\u00e1sica. Este cal\u00e7ado \u00e9 antiderrapante e tem uma biqueira de seguran\u00e7a que protege os seus p\u00e9s contra impactos at\u00e9 200J. Tem a regi\u00e3o do calcanhar fechada e um sistema de absor\u00e7\u00e3o de energia no calcanhar, \u00e9 anti est\u00e1tico e resistente a \u00f3leos. Previne a penetra\u00e7\u00e3o e absor\u00e7\u00e3o de \u00e1gua e tem uma palmilha de prote\u00e7\u00e3o contra objetos pontiagudos.<\/p>\n<p>&nbsp;<\/p>\n<p><strong>LAVORO &#8211; Engineering Life<\/strong><\/p>\n<p>A Lavoro \u00e9 uma marca que possu\u00ed o selo VHQ (Very High Quality) que acrescenta um atestado de conformidade do cal\u00e7ado profissional com a adequada manuten\u00e7\u00e3o da sa\u00fade do p\u00e9 em contexto laboral. Desde 1988, a Lavoro \u00e9 um dos mais renomados produtores europeus de cal\u00e7ado profissional com uma procura constante pelo melhor. As carater\u00edsticas CLIMA CORK SYSTEM e RSA est\u00e3o presentes em alguns modelos e \u00e9 o que torna a Lavoro \u00fanica e inovativa.<\/p>\n<p>Escolher a Lavoro \u00e9 preferir uma marca de cal\u00e7ado de seguran\u00e7a com carater\u00edsticas inovativas que permitem o maior conforto.<\/p>\n","protected":false},"excerpt":{"rendered":"<p><strong>CAL\u00c7ADO DE SEGURAN\u00c7A LAVORO<\/strong><\/p>\n<p>Cyndi \u00e9 um sapato elegante e confort\u00e1vel desenhado para atender \u00e1s necessidades das profissionais da ind\u00fastria ligeira e da log\u00edstica. Protege contra perfura\u00e7\u00f5es, \u00e9 leve e flex\u00edvel, proporcionando conforto durante longos per\u00edodos de uso.<\/p>\n<p>N\u00e3o \u00e9 apenas um sapato de seguran\u00e7a. \u00c9 um sapato com um design moderno e intemporal.<\/p>\n<p>&nbsp;<\/p>\n<p>EN ISO20345:2011 CE S3 SRA ESD<\/p>\n<p>&nbsp;<\/p>\n<p>Encontra-se dispon\u00edvel nos tamanhos 36 a 42.<\/p>\n","protected":false},"featured_media":4222,"comment_status":"open","ping_status":"closed","template":"","meta":{"_mi_skip_tracking":false},"product_cat":[193,104,106,186,207],"product_tag":[162,159,160,163],"class_list":{"0":"post-3842","1":"product","2":"type-product","3":"status-publish","4":"has-post-thumbnail","6":"product_cat-setores-de-atividade-industria-ligeira-e-logistica","7":"product_cat-calcado-de-seguranca","8":"product_cat-botas","9":"product_cat-mulher","10":"product_cat-lavoro-automa","11":"product_tag-botas","12":"product_tag-calcado-de-seguranca","13":"product_tag-calcado-profissional","14":"product_tag-lavoro","16":"first","17":"instock","18":"sale","19":"sold-individually","20":"taxable","21":"shipping-taxable","22":"purchasable","23":"product-type-variable","24":"has-default-attributes"},"_links":{"self":[{"href":"https:\/\/automa.pt\/loja\/wp-json\/wp\/v2\/product\/3842","targetHints":{"allow":["GET"]}}],"collection":[{"href":"https:\/\/automa.pt\/loja\/wp-json\/wp\/v2\/product"}],"about":[{"href":"https:\/\/automa.pt\/loja\/wp-json\/wp\/v2\/types\/product"}],"replies":[{"embeddable":true,"href":"https:\/\/automa.pt\/loja\/wp-json\/wp\/v2\/comments?post=3842"}],"wp:featuredmedia":[{"embeddable":true,"href":"https:\/\/automa.pt\/loja\/wp-json\/wp\/v2\/media\/4222"}],"wp:attachment":[{"href":"https:\/\/automa.pt\/loja\/wp-json\/wp\/v2\/media?parent=3842"}],"wp:term":[{"taxonomy":"product_cat","embeddable":true,"href":"https:\/\/automa.pt\/loja\/wp-json\/wp\/v2\/product_cat?post=3842"},{"taxonomy":"product_tag","embeddable":true,"href":"https:\/\/automa.pt\/loja\/wp-json\/wp\/v2\/product_tag?post=3842"}],"curies":[{"name":"wp","href":"https:\/\/api.w.org\/{rel}","templated":true}]}}