{"id":3786,"date":"2022-05-30T10:31:42","date_gmt":"2022-05-30T10:31:42","guid":{"rendered":"https:\/\/automa.pt\/humana\/?post_type=product&#038;p=3786"},"modified":"2024-03-19T11:47:31","modified_gmt":"2024-03-19T11:47:31","slug":"calcado-de-seguranca-starman","status":"publish","type":"product","link":"https:\/\/automa.pt\/loja\/produto\/calcado-de-seguranca-starman\/","title":{"rendered":"Starman"},"content":{"rendered":"<h2><strong>Cal\u00e7ado de Seguran\u00e7a Lavoro\u00a0<\/strong><\/h2>\n<h2><strong>Cal\u00e7ado de Seguran\u00e7a Starman<\/strong><\/h2>\n<p>O cal\u00e7ado de seguran\u00e7a Starman est\u00e1 desenhado para atender \u00e0s necessidades dos profissionais da ind\u00fastria ligeira e log\u00edstica. Equipado com recursos avan\u00e7ados, \u00e9 a escolha ideal para profissionais que procuram um cal\u00e7ado de qualidade.<\/p>\n<p>Com a sua biqueira em composite e palmilha em Kevlar, o Starman oferece uma alta prote\u00e7\u00e3o contra impactos e perfura\u00e7\u00f5es. A sola em TPU com tecnologia Energy Return proporciona amortecimento superior, garantindo conforto durante longos per\u00edodos de uso.<\/p>\n<p>Totalmente vegano e n\u00e3o met\u00e1lico, o Starman \u00e9 uma op\u00e7\u00e3o \u00e9tica e sustent\u00e1vel para aqueles que se preocupam com o meio ambiente. A sua tecnologia ESD protege contradescargas eletrost\u00e1ticas, proporcionando seguran\u00e7a adicional em ambientes sens\u00edveis.<\/p>\n<p>Com o sistema de aperto f\u00e1cil, o Starman permite que os profissionais se concentrem nas suas tarefas sem preocupa\u00e7\u00f5es.<\/p>\n<p>O Starman combina funcionalidade, conforto e responsabilidade ambiental, tornando-se numa escolha confi\u00e1vel para os trabalhadores da ind\u00fastria ligeira e log\u00edstica.<\/p>\n<p>Este \u00e9 um cal\u00e7ado de seguran\u00e7a que cumpre os requisitos da Norma EN ISSO 20345:2011 CE S1P WRU SRC.<\/p>\n<p>As carater\u00edsticas SRC do cal\u00e7ado garantem uma seguran\u00e7a avan\u00e7ada, superando os padr\u00f5es b\u00e1sicos. A sua aprova\u00e7\u00e3o nos testes de antiderrap\u00e2ncia, em pavimento cer\u00e2mico com detergente e a\u00e7o inox com glicerina, destaca a versatilidade do cal\u00e7ado. A sua confiabilidade em condi\u00e7\u00f5es variadas \u00e9 not\u00e1vel.<\/p>\n<p>&nbsp;<\/p>\n<h3><strong>LAVORO &#8211; Engineering Life<\/strong><\/h3>\n<p>A Lavoro \u00e9 uma marca que possu\u00ed o selo VHQ (Very High Quality) que acrescenta um atestado de conformidade do cal\u00e7ado profissional com a adequada manuten\u00e7\u00e3o da sa\u00fade do p\u00e9 em contexto laboral. Desde 1988, a Lavoro \u00e9 um dos mais renomados produtores europeus de cal\u00e7ado profissional com uma procura constante pelo melhor. As carater\u00edsticas CLIMA CORK SYSTEM e RSA est\u00e3o presentes em alguns modelos e \u00e9 o que torna a Lavoro \u00fanica e inovativa.<\/p>\n<p>Escolher a Lavoro \u00e9 preferir uma marca de cal\u00e7ado de seguran\u00e7a com carater\u00edsticas inovativas que permitem o maior conforto.<\/p>\n","protected":false},"excerpt":{"rendered":"<p><strong>CAL\u00c7ADO DE SEGURAN\u00c7A LAVORO<\/strong><\/p>\n<p>O Starman \u00e9 um cal\u00e7ado de seguran\u00e7a vers\u00e1til desenhado para atender \u00e0s necessidades dos profissionais da ind\u00fastria ligeira e log\u00edstica. Equipado com recursos avan\u00e7ados, \u00e9 a escolha ideal para profissionais que procuram um cal\u00e7ado de qualidade para ambientes de trabalho din\u00e2micos. Em vers\u00e3o de Aperto F\u00e1cil, o modelo Starman \u00e9 leve e male\u00e1vel e acrescenta \u00e0 vers\u00e3o bota, o sapato e a sand\u00e1lia. O seu ar desportivo e descontra\u00eddo \u00e9 bem recebido especialmente em oficinas e armaz\u00e9ns.<\/p>\n<p>&nbsp;<\/p>\n<p>EN ISSO 20345:2011 CE S1P WRU SRC<\/p>\n<p>&nbsp;<\/p>\n<p>Encontra-se dispon\u00edvel nos tamanhos 39 a 47.<\/p>\n","protected":false},"featured_media":4179,"comment_status":"open","ping_status":"closed","template":"","meta":{"_mi_skip_tracking":false},"product_cat":[193,104,106,186,207],"product_tag":[162,159,160,163],"class_list":{"0":"post-3786","1":"product","2":"type-product","3":"status-publish","4":"has-post-thumbnail","6":"product_cat-setores-de-atividade-industria-ligeira-e-logistica","7":"product_cat-calcado-de-seguranca","8":"product_cat-botas","9":"product_cat-mulher","10":"product_cat-lavoro-automa","11":"product_tag-botas","12":"product_tag-calcado-de-seguranca","13":"product_tag-calcado-profissional","14":"product_tag-lavoro","16":"first","17":"instock","18":"sold-individually","19":"taxable","20":"shipping-taxable","21":"purchasable","22":"product-type-variable"},"_links":{"self":[{"href":"https:\/\/automa.pt\/loja\/wp-json\/wp\/v2\/product\/3786","targetHints":{"allow":["GET"]}}],"collection":[{"href":"https:\/\/automa.pt\/loja\/wp-json\/wp\/v2\/product"}],"about":[{"href":"https:\/\/automa.pt\/loja\/wp-json\/wp\/v2\/types\/product"}],"replies":[{"embeddable":true,"href":"https:\/\/automa.pt\/loja\/wp-json\/wp\/v2\/comments?post=3786"}],"wp:featuredmedia":[{"embeddable":true,"href":"https:\/\/automa.pt\/loja\/wp-json\/wp\/v2\/media\/4179"}],"wp:attachment":[{"href":"https:\/\/automa.pt\/loja\/wp-json\/wp\/v2\/media?parent=3786"}],"wp:term":[{"taxonomy":"product_cat","embeddable":true,"href":"https:\/\/automa.pt\/loja\/wp-json\/wp\/v2\/product_cat?post=3786"},{"taxonomy":"product_tag","embeddable":true,"href":"https:\/\/automa.pt\/loja\/wp-json\/wp\/v2\/product_tag?post=3786"}],"curies":[{"name":"wp","href":"https:\/\/api.w.org\/{rel}","templated":true}]}}