{"id":3774,"date":"2022-05-30T10:25:33","date_gmt":"2022-05-30T10:25:33","guid":{"rendered":"https:\/\/automa.pt\/humana\/?post_type=product&#038;p=3774"},"modified":"2025-02-25T09:34:26","modified_gmt":"2025-02-25T09:34:26","slug":"calcado-de-seguranca-stardust","status":"publish","type":"product","link":"https:\/\/automa.pt\/loja\/produto\/calcado-de-seguranca-stardust\/","title":{"rendered":"Stardust Blue"},"content":{"rendered":"<h2><strong>Cal\u00e7ado de Seguran\u00e7a Lavoro\u00a0<\/strong><\/h2>\n<h2><strong>Cal\u00e7ado de Seguran\u00e7a Stardust Blue<\/strong><\/h2>\n<p>O Stardust \u00e9 um cal\u00e7ado de prote\u00e7\u00e3o que vai al\u00e9m das necessidades dos profissionais que trabalham na ind\u00fastria ligeira. Desenhado tamb\u00e9m para atender \u00e0s necessidades dos bombeiros e equipas de resgate.<\/p>\n<p>A sua biqueira em composite oferece alta prote\u00e7\u00e3o contra impactos, garantindo a seguran\u00e7a sem comprometer o peso do cal\u00e7ado. A palmilha em Kevlar proporciona resist\u00eancia adicional contra perfura\u00e7\u00f5es, assegurando que os p\u00e9s permane\u00e7am protegidos em todas as situa\u00e7\u00f5es.<\/p>\n<p>O sapato \u00e9 ideal para ambientes onde os detetores de metal s\u00e3o utilizados ou onde h\u00e1 risco de rea\u00e7\u00f5es a metais. A sola de PU\/TPU com tecnologia Energy Return oferece amortecimento excecional, proporcionando conforto durante todo o dia.<\/p>\n<p>Este modelo \u00e9 fabricado com microfibra de alta qualidade e combina durabilidade com estilo, proporcionando um visual profissional e moderno. Com o sistema de aperto f\u00e1cil, torna o cal\u00e7ado mais pr\u00e1tico e r\u00e1pido de cal\u00e7ar.<\/p>\n<p>O Stardust representa o equil\u00edbrio perfeito entre tecnologia de ponta, seguran\u00e7a e conforto. Assim, este modelo \u00e9 a escolha ideal para quem procura o melhor em cal\u00e7ado de seguran\u00e7a.<\/p>\n<p>Este \u00e9 um cal\u00e7ado de seguran\u00e7a que cumpre os requisitos da Norma EN ISSO 20345:2011 CE S1P WRU SRC.<\/p>\n<p>As carater\u00edsticas SRC do cal\u00e7ado garantem uma seguran\u00e7a avan\u00e7ada, superando os padr\u00f5es b\u00e1sicos. A sua aprova\u00e7\u00e3o nos testes de antiderrap\u00e2ncia, em pavimento cer\u00e2mico com detergente e a\u00e7o inox com glicerina, destaca a versatilidade do cal\u00e7ado. A sua confiabilidade em condi\u00e7\u00f5es variadas \u00e9 not\u00e1vel.<\/p>\n<p>&nbsp;<\/p>\n<h3><strong>LAVORO &#8211; Engineering Life<\/strong><\/h3>\n<p>A Lavoro \u00e9 uma marca que possu\u00ed o selo VHQ (Very High Quality) que acrescenta um atestado de conformidade do cal\u00e7ado profissional com a adequada manuten\u00e7\u00e3o da sa\u00fade do p\u00e9 em contexto laboral. Desde 1988, a Lavoro \u00e9 um dos mais renomados produtores europeus de cal\u00e7ado profissional com uma procura constante pelo melhor. As carater\u00edsticas CLIMA CORK SYSTEM e RSA est\u00e3o presentes em alguns modelos e \u00e9 o que torna a Lavoro \u00fanica e inovativa.<\/p>\n<p>Escolher a Lavoro \u00e9 preferir uma marca de cal\u00e7ado de seguran\u00e7a com carater\u00edsticas inovativas que permitem o maior conforto.<\/p>\n","protected":false},"excerpt":{"rendered":"<p><strong>CAL\u00c7ADO DE SEGURAN\u00c7A\u00a0 LAVORO\u00a0<\/strong><\/p>\n<p>O Stardust \u00e9 um cal\u00e7ado de prote\u00e7\u00e3o que vai al\u00e9m das necessidades dos profissionais que trabalham na ind\u00fastria ligeira. \u00c9 desenhado tamb\u00e9m para atender as necessidades dos bombeiros e das equipas de resgate. Desenvolvido com min\u00facia, este cal\u00e7ado integra uma variedade de caracter\u00edsticas inovadoras para proporcionar conforto e seguran\u00e7a no ambiente de trabalho. Em vers\u00e3o de Aperto F\u00e1cil, o modelo Stardust Blue \u00e9 leve e male\u00e1vel e acrescenta \u00e0 vers\u00e3o sapato, a bota e a sand\u00e1lia. O seu ar desportivo e descontra\u00eddo \u00e9 bem recebido especialmente em oficinas e armaz\u00e9ns.<\/p>\n<p>&nbsp;<\/p>\n<p>EN ISO 20345:2011 CE S1P WRU SRC<\/p>\n<p>&nbsp;<\/p>\n<p>Encontra-se dispon\u00edvel nos tamanhos 33 a 47.<\/p>\n","protected":false},"featured_media":4173,"comment_status":"open","ping_status":"closed","template":"","meta":{"_mi_skip_tracking":false},"product_cat":[193,104,105,186,207],"product_tag":[159,160,163,161],"class_list":{"0":"post-3774","1":"product","2":"type-product","3":"status-publish","4":"has-post-thumbnail","6":"product_cat-setores-de-atividade-industria-ligeira-e-logistica","7":"product_cat-calcado-de-seguranca","8":"product_cat-sapatos","9":"product_cat-mulher","10":"product_cat-lavoro-automa","11":"product_tag-calcado-de-seguranca","12":"product_tag-calcado-profissional","13":"product_tag-lavoro","14":"product_tag-sapatos","16":"first","17":"instock","18":"sale","19":"sold-individually","20":"taxable","21":"shipping-taxable","22":"purchasable","23":"product-type-variable"},"_links":{"self":[{"href":"https:\/\/automa.pt\/loja\/wp-json\/wp\/v2\/product\/3774","targetHints":{"allow":["GET"]}}],"collection":[{"href":"https:\/\/automa.pt\/loja\/wp-json\/wp\/v2\/product"}],"about":[{"href":"https:\/\/automa.pt\/loja\/wp-json\/wp\/v2\/types\/product"}],"replies":[{"embeddable":true,"href":"https:\/\/automa.pt\/loja\/wp-json\/wp\/v2\/comments?post=3774"}],"wp:featuredmedia":[{"embeddable":true,"href":"https:\/\/automa.pt\/loja\/wp-json\/wp\/v2\/media\/4173"}],"wp:attachment":[{"href":"https:\/\/automa.pt\/loja\/wp-json\/wp\/v2\/media?parent=3774"}],"wp:term":[{"taxonomy":"product_cat","embeddable":true,"href":"https:\/\/automa.pt\/loja\/wp-json\/wp\/v2\/product_cat?post=3774"},{"taxonomy":"product_tag","embeddable":true,"href":"https:\/\/automa.pt\/loja\/wp-json\/wp\/v2\/product_tag?post=3774"}],"curies":[{"name":"wp","href":"https:\/\/api.w.org\/{rel}","templated":true}]}}