{"id":3761,"date":"2022-05-30T10:18:51","date_gmt":"2022-05-30T10:18:51","guid":{"rendered":"https:\/\/automa.pt\/humana\/?post_type=product&#038;p=3761"},"modified":"2025-02-25T09:36:11","modified_gmt":"2025-02-25T09:36:11","slug":"calcado-de-seguranca-starlight-blue","status":"publish","type":"product","link":"https:\/\/automa.pt\/loja\/produto\/calcado-de-seguranca-starlight-blue\/","title":{"rendered":"Starlight Blue"},"content":{"rendered":"<h2><strong>Cal\u00e7ado de Seguran\u00e7a Lavoro\u00a0<\/strong><\/h2>\n<h2><strong>Cal\u00e7ado de Seguran\u00e7a Starlight Blue<\/strong><\/h2>\n<p>O Starlight Blue \u00e9 um cal\u00e7ado de seguran\u00e7a desenhado para exceder as necessidades do trabalhador na ind\u00fastria ligeira e log\u00edstica. Este destaca-se pela sua biqueira em Fibra de Vidro, proporcionando prote\u00e7\u00e3o resistente contra impactos e compress\u00e3o. A sua palmilha Kevlar garante resist\u00eancia \u00e0 perfura\u00e7\u00e3o, enquanto a sola dupla de PU oferece estabilidade e conforto.<\/p>\n<p>A membrana \u00e0 prova de \u00e1gua AQUATEX mant\u00e9m os p\u00e9s secos em ambientes h\u00famidos, tornando-o ideal para v\u00e1rias condi\u00e7\u00f5es de trabalho. Com caracter\u00edsticas fortes, o Starlight Blue \u00e9 uma escolha confi\u00e1vel para profissionais que procuram seguran\u00e7a e conforto.<\/p>\n<p>Leve, dur\u00e1vel e ergon\u00f4mico, o Starlight Blue promove produtividade e bem-estar. O seu design inovador atende \u00e0s exig\u00eancias modernas. Com materiais de alta qualidade, garante prote\u00e7\u00e3o e estilo no ambiente de trabalho. O ajuste personalizado aumenta a conforto durante longas horas.<\/p>\n<p>Este \u00e9 um cal\u00e7ado de seguran\u00e7a que cumpre os requisitos da Norma EN ISO 20345:2011 CE S3 SRC.<\/p>\n<p>As suas carater\u00edsticas S3 indicam que tem mais do que seguran\u00e7a b\u00e1sica. O cal\u00e7ado de seguran\u00e7a \u00e9 antiderrapante e tem uma biqueira de seguran\u00e7a que protege os seus p\u00e9s contra impactos at\u00e9 200J. Tem a regi\u00e3o do calcanhar fechada e um sistema de absor\u00e7\u00e3o de energia no calcanhar, \u00e9 anti est\u00e1tico e resistente a \u00f3leos. Previne a penetra\u00e7\u00e3o e absor\u00e7\u00e3o de \u00e1gua e tem uma palmilha de prote\u00e7\u00e3o contra objetos pontiagudos.<\/p>\n<p>&nbsp;<\/p>\n<h3><strong>LAVORO \u2013 Engineering Life<\/strong><\/h3>\n<p>A Lavoro \u00e9 uma marca que possu\u00ed o selo VHQ (Very High Quality) que acrescenta um atestado de conformidade do cal\u00e7ado profissional com a adequada manuten\u00e7\u00e3o da sa\u00fade do p\u00e9 em contexto laboral. Desde 1988, a Lavoro \u00e9 um dos mais renomados produtores europeus de cal\u00e7ado profissional com uma procura constante pelo melhor. As carater\u00edsticas CLIMA CORK SYSTEM e RSA est\u00e3o presentes em alguns modelos e \u00e9 o que torna a Lavoro \u00fanica e inovativa.<\/p>\n<p>Escolher a Lavoro \u00e9 preferir uma marca de cal\u00e7ado de seguran\u00e7a com carater\u00edsticas inovativas que permitem o maior conforto.<\/p>\n","protected":false},"excerpt":{"rendered":"<p><strong>CAL\u00c7ADO DE SEGURAN\u00c7A\u00a0 LAVORO<\/strong><\/p>\n<p>O cal\u00e7ado de seguran\u00e7a Starlight Blue est\u00e1 preparado para proteger os profissionais da ind\u00fastria ligeira e log\u00edstica durante longas horas de trabalho. Tamb\u00e9m com vers\u00e3o de aperto f\u00e1cil, o modelo Starlight Blue \u00e9 leve e male\u00e1vel e acrescenta \u00e0 vers\u00e3o sapato, a bota e a sand\u00e1lia. O seu ar desportivo e descontra\u00eddo \u00e9 bem recebido especialmente em oficinas e armaz\u00e9ns.<\/p>\n<p>&nbsp;<\/p>\n<p>EN ISO 20345:2011 CE S3 SRC<\/p>\n<p>&nbsp;<\/p>\n<p>Encontra-se dispon\u00edvel nos tamanhos 39 a 48.<\/p>\n","protected":false},"featured_media":4183,"comment_status":"open","ping_status":"closed","template":"","meta":{"_mi_skip_tracking":false},"product_cat":[193,104,105,207],"product_tag":[159,160,163,161],"class_list":{"0":"post-3761","1":"product","2":"type-product","3":"status-publish","4":"has-post-thumbnail","6":"product_cat-setores-de-atividade-industria-ligeira-e-logistica","7":"product_cat-calcado-de-seguranca","8":"product_cat-sapatos","9":"product_cat-lavoro-automa","10":"product_tag-calcado-de-seguranca","11":"product_tag-calcado-profissional","12":"product_tag-lavoro","13":"product_tag-sapatos","15":"first","16":"instock","17":"sale","18":"sold-individually","19":"taxable","20":"shipping-taxable","21":"purchasable","22":"product-type-variable"},"_links":{"self":[{"href":"https:\/\/automa.pt\/loja\/wp-json\/wp\/v2\/product\/3761","targetHints":{"allow":["GET"]}}],"collection":[{"href":"https:\/\/automa.pt\/loja\/wp-json\/wp\/v2\/product"}],"about":[{"href":"https:\/\/automa.pt\/loja\/wp-json\/wp\/v2\/types\/product"}],"replies":[{"embeddable":true,"href":"https:\/\/automa.pt\/loja\/wp-json\/wp\/v2\/comments?post=3761"}],"wp:featuredmedia":[{"embeddable":true,"href":"https:\/\/automa.pt\/loja\/wp-json\/wp\/v2\/media\/4183"}],"wp:attachment":[{"href":"https:\/\/automa.pt\/loja\/wp-json\/wp\/v2\/media?parent=3761"}],"wp:term":[{"taxonomy":"product_cat","embeddable":true,"href":"https:\/\/automa.pt\/loja\/wp-json\/wp\/v2\/product_cat?post=3761"},{"taxonomy":"product_tag","embeddable":true,"href":"https:\/\/automa.pt\/loja\/wp-json\/wp\/v2\/product_tag?post=3761"}],"curies":[{"name":"wp","href":"https:\/\/api.w.org\/{rel}","templated":true}]}}