{"id":3446,"date":"2021-04-20T15:41:54","date_gmt":"2021-04-20T15:41:54","guid":{"rendered":"https:\/\/automa.pt\/?post_type=product&#038;p=3446"},"modified":"2025-03-01T00:01:58","modified_gmt":"2025-03-01T00:01:58","slug":"calcado-de-seguranca-icelandicc","status":"publish","type":"product","link":"https:\/\/automa.pt\/loja\/produto\/calcado-de-seguranca-icelandicc\/","title":{"rendered":"Icelandicc"},"content":{"rendered":"<h2><strong>Cal\u00e7ado de Seguran\u00e7a Lavoro\u00a0<\/strong><\/h2>\n<p>Cal\u00e7ado de Seguran\u00e7a Icelandicc<\/p>\n<p><span style=\"font-size: 14.4px\">O Icelandicc<\/span><span style=\"font-size: 14.4px\"> \u00e9 um cal\u00e7ado de seguran\u00e7a projetado para os ambientes mais desafiadores da ind\u00fastria ligeira e da log\u00edstica, da ind\u00fastria pesada, da constru\u00e7\u00e3o e da energia. Com recursos avan\u00e7ados, este modelo oferece prote\u00e7\u00e3o e conforto incompar\u00e1veis para os trabalhadores que enfrentam condi\u00e7\u00f5es extremas diariamente. Est\u00e1 especialmente preparado para temperaturas negativas devido ao seu interior de pelo de carneiro que suporta at\u00e9 os 30\u00ba negativos.<\/span><\/p>\n<p>Com uma palmilha de composite e uma biqueira de a\u00e7o, o Icelandicc proporciona uma prote\u00e7\u00e3o superior contra impactos e perfura\u00e7\u00f5es, garantindo a seguran\u00e7a dos p\u00e9s. A sola dupla PU oferece amortecimento excecional e resist\u00eancia \u00e0 abras\u00e3o, proporcionando estabilidade e durabilidade numa diversa gama de superf\u00edcies.<\/p>\n<p>O cal\u00e7ado \u00e9 revestido com pele de flor integral preta, oferecendo conforto t\u00e9rmico e prote\u00e7\u00e3o contra o frio em ambientes de baixa temperatura.<\/p>\n<p>Com certifica\u00e7\u00e3o CCS, atende aos mais altos padr\u00f5es de controlo de contamina\u00e7\u00e3o est\u00e1tica, garantindo um ambiente de trabalho seguro. Com resist\u00eancia t\u00e9rmica de at\u00e9 300\u00b0C e tratamento repelente \u00e0 \u00e1gua, este cal\u00e7ado oferece prote\u00e7\u00e3o e conforto em condi\u00e7\u00f5es adversas.<\/p>\n<p>Com a sua constru\u00e7\u00e3o antiderrapante, o Icelandicc proporciona excelente ader\u00eancia em superf\u00edcies escorregadias, reduzindo o risco de quedas e les\u00f5es.<\/p>\n<p>Este \u00e9 um cal\u00e7ado de seguran\u00e7a que cumpre os requisitos da Norma EN ISO 20345:2011 CE S3 CI SRC.<\/p>\n<p>As suas carater\u00edsticas S3 indicam que tem mais do que seguran\u00e7a b\u00e1sica. O cal\u00e7ado \u00e9 antiderrapante e tem uma biqueira de seguran\u00e7a que protege os seus p\u00e9s contra impactos at\u00e9 200J. Tem a regi\u00e3o do calcanhar fechada e um sistema de absor\u00e7\u00e3o de energia no calcanhar, \u00e9 anti est\u00e1tico e resistente a \u00f3leos. Previne a penetra\u00e7\u00e3o e absor\u00e7\u00e3o de \u00e1gua e tem uma palmilha de prote\u00e7\u00e3o contra objetos pontiagudos.<\/p>\n<p>&nbsp;<\/p>\n<h3><strong>LAVORO &#8211; Engineering Life<\/strong><\/h3>\n<p>A Lavoro \u00e9 uma marca que possu\u00ed o selo VHQ (Very High Quality) que acrescenta um atestado de conformidade do cal\u00e7ado profissional com a adequada manuten\u00e7\u00e3o da sa\u00fade do p\u00e9 em contexto laboral. Desde 1988, a Lavoro \u00e9 um dos mais renomados produtores europeus de cal\u00e7ado profissional com uma procura constante pelo melhor. As carater\u00edsticas CLIMA CORK SYSTEM e RSA est\u00e3o presentes em alguns modelos e \u00e9 o que torna a Lavoro \u00fanica e inovativa.<\/p>\n<p>Escolher a Lavoro \u00e9 preferir uma marca de cal\u00e7ado de seguran\u00e7a com carater\u00edsticas inovativas que permitem o maior conforto.<\/p>\n","protected":false},"excerpt":{"rendered":"<p>CAL\u00c7ADO DE SEGURAN\u00c7A LAVORO<\/p>\n<p>O Icelandicc \u00e9 um cal\u00e7ado de seguran\u00e7a que atende as necessidades dos profissionais da ind\u00fastria ligeira e da log\u00edstica, da ind\u00fastria pesada, da constru\u00e7\u00e3o e da energia. Este modelo oferece aos profissionais uma alta prote\u00e7\u00e3o e conforto nos ambientes mais complexos e \u00e9 ideal para o uso di\u00e1rio. Est\u00e1 especialmente preparado para temperaturas negativas devido ao seu interior de pelo de carneiro que suporta at\u00e9 os 30\u00ba negativos.<\/p>\n<p>&nbsp;<\/p>\n<p>EN ISO 20345:2011 CE S3 CI SRC<\/p>\n<p>&nbsp;<\/p>\n<p>Encontra-se dispon\u00edvel nos tamanhos 36 a 50.<\/p>\n<p>&nbsp;<\/p>\n","protected":false},"featured_media":4077,"comment_status":"open","ping_status":"closed","template":"","meta":{"_mi_skip_tracking":false},"product_cat":[211,193,194,104,106,112,186,207],"product_tag":[162,159,160,163],"class_list":{"0":"post-3446","1":"product","2":"type-product","3":"status-publish","4":"has-post-thumbnail","6":"product_cat-setores-de-atividade-construcao-e-energia","7":"product_cat-setores-de-atividade-industria-ligeira-e-logistica","8":"product_cat-setores-de-atividade-industria-pesada-e-atividades-especializadas","9":"product_cat-calcado-de-seguranca","10":"product_cat-botas","11":"product_cat-biqueira-de-protecao","12":"product_cat-mulher","13":"product_cat-lavoro-automa","14":"product_tag-botas","15":"product_tag-calcado-de-seguranca","16":"product_tag-calcado-profissional","17":"product_tag-lavoro","19":"first","20":"instock","21":"featured","22":"sold-individually","23":"taxable","24":"shipping-taxable","25":"purchasable","26":"product-type-variable"},"_links":{"self":[{"href":"https:\/\/automa.pt\/loja\/wp-json\/wp\/v2\/product\/3446","targetHints":{"allow":["GET"]}}],"collection":[{"href":"https:\/\/automa.pt\/loja\/wp-json\/wp\/v2\/product"}],"about":[{"href":"https:\/\/automa.pt\/loja\/wp-json\/wp\/v2\/types\/product"}],"replies":[{"embeddable":true,"href":"https:\/\/automa.pt\/loja\/wp-json\/wp\/v2\/comments?post=3446"}],"wp:featuredmedia":[{"embeddable":true,"href":"https:\/\/automa.pt\/loja\/wp-json\/wp\/v2\/media\/4077"}],"wp:attachment":[{"href":"https:\/\/automa.pt\/loja\/wp-json\/wp\/v2\/media?parent=3446"}],"wp:term":[{"taxonomy":"product_cat","embeddable":true,"href":"https:\/\/automa.pt\/loja\/wp-json\/wp\/v2\/product_cat?post=3446"},{"taxonomy":"product_tag","embeddable":true,"href":"https:\/\/automa.pt\/loja\/wp-json\/wp\/v2\/product_tag?post=3446"}],"curies":[{"name":"wp","href":"https:\/\/api.w.org\/{rel}","templated":true}]}}